{"id":160820,"date":"2025-07-25T10:23:51","date_gmt":"2025-07-25T09:23:51","guid":{"rendered":"https:\/\/www.tendenzeshabbychic.it\/prodotto\/ruban-de-velours-vert-foret-edg-16mm-x-10mt\/"},"modified":"2026-04-11T17:04:04","modified_gmt":"2026-04-11T15:04:04","slug":"ruban-de-velours-vert-foret-edg-16mm-x-10mt","status":"publish","type":"product","link":"https:\/\/www.tendenzeshabbychic.it\/fr\/produit\/ruban-de-velours-vert-foret-edg-16mm-x-10mt\/","title":{"rendered":"Ruban de velours vert for\u00eat EDG 16MM x 10MT"},"content":{"rendered":"<p>Fabriqu\u00e9 avec des mat\u00e9riaux de haute qualit\u00e9, le ruban EDG en velours Vert For\u00eat se distingue par sa texture douce et enveloppante. La couleur chaude et lumineuse ajoute de la profondeur et du caract\u00e8re \u00e0 chaque projet de d\u00e9coration, du bricolage \u00e0 la d\u00e9coration d&rsquo;\u00e9v\u00e9nements sp\u00e9ciaux. La largeur de 16 mm le rend polyvalent et facile \u00e0 manipuler, tandis que la longueur de 10 m\u00e8tres garantit suffisamment de mat\u00e9riel pour tous les besoins. <\/p>\n<ul>\n<li><strong>Mati\u00e8re pr\u00e9cieuse<\/strong> : velours doux au toucher<\/li>\n<li><strong>Couleur chaude et vibrante<\/strong> : parfaite pour ajouter une touche de luxe<\/li>\n<li><strong>Polyvalent et fonctionnel<\/strong> : id\u00e9al pour l&#8217;emballage cadeau, la d\u00e9coration et le bricolage<\/li>\n<li><strong>Grande longueur<\/strong> : 10 m\u00e8tres pour une utilisation g\u00e9n\u00e9reuse<\/li>\n<li><strong>Marque de qualit\u00e9<\/strong> : EDG , synonyme d&rsquo;\u00e9l\u00e9gance et de raffinement<\/li>\n<\/ul>\n","protected":false},"excerpt":{"rendered":"<p>Ajoutez une touche luxueuse \u00e0 vos cr\u00e9ations avec le ruban de velours Forest Green EDG , parfait pour enrichir chaque d\u00e9tail d\u00e9coratif.<\/p>\n<p> La texture douce et velout\u00e9e, combin\u00e9e \u00e0 la couleur ambr\u00e9e vibrante, donne une \u00e9l\u00e9gance irr\u00e9sistible et polyvalente \u00e0 ce ruban, id\u00e9al pour les emballages cadeaux, les d\u00e9corations festives et les arrangements raffin\u00e9s.<\/p>\n<p> \ud83d\udccf <strong>Dimensions<\/strong> : 16MM d&rsquo;\u00e9paisseur x 10 m\u00e8tres de longueur<\/p>\n","protected":false},"featured_media":160818,"comment_status":"open","ping_status":"closed","template":"","meta":{"_joinchat":[]},"pwb-brand":[1564],"product_brand":[],"product_cat":[1503],"product_tag":[1296],"class_list":{"0":"post-160820","1":"product","2":"type-product","3":"status-publish","4":"has-post-thumbnail","6":"pwb-brand-edg-fr","7":"product_cat-noel","8":"product_tag-idee-de-cadeau","10":"first","11":"instock","12":"sale","13":"taxable","14":"shipping-taxable","15":"purchasable","16":"product-type-simple"},"brands":[{"id":1564,"name":"EDG \u2013 Enzo De Gasperi","slug":"edg-fr"}],"_links":{"self":[{"href":"https:\/\/www.tendenzeshabbychic.it\/fr\/wp-json\/wp\/v2\/product\/160820","targetHints":{"allow":["GET"]}}],"collection":[{"href":"https:\/\/www.tendenzeshabbychic.it\/fr\/wp-json\/wp\/v2\/product"}],"about":[{"href":"https:\/\/www.tendenzeshabbychic.it\/fr\/wp-json\/wp\/v2\/types\/product"}],"replies":[{"embeddable":true,"href":"https:\/\/www.tendenzeshabbychic.it\/fr\/wp-json\/wp\/v2\/comments?post=160820"}],"wp:featuredmedia":[{"embeddable":true,"href":"https:\/\/www.tendenzeshabbychic.it\/fr\/wp-json\/wp\/v2\/media\/160818"}],"wp:attachment":[{"href":"https:\/\/www.tendenzeshabbychic.it\/fr\/wp-json\/wp\/v2\/media?parent=160820"}],"wp:term":[{"taxonomy":"pwb-brand","embeddable":true,"href":"https:\/\/www.tendenzeshabbychic.it\/fr\/wp-json\/wp\/v2\/pwb-brand?post=160820"},{"taxonomy":"product_brand","embeddable":true,"href":"https:\/\/www.tendenzeshabbychic.it\/fr\/wp-json\/wp\/v2\/product_brand?post=160820"},{"taxonomy":"product_cat","embeddable":true,"href":"https:\/\/www.tendenzeshabbychic.it\/fr\/wp-json\/wp\/v2\/product_cat?post=160820"},{"taxonomy":"product_tag","embeddable":true,"href":"https:\/\/www.tendenzeshabbychic.it\/fr\/wp-json\/wp\/v2\/product_tag?post=160820"}],"curies":[{"name":"wp","href":"https:\/\/api.w.org\/{rel}","templated":true}]}}