{"id":158325,"date":"2024-10-16T00:31:39","date_gmt":"2024-10-15T22:31:39","guid":{"rendered":"https:\/\/www.tendenzeshabbychic.it\/prodotto\/latelier-17-parure-de-draps-double-zoe\/"},"modified":"2024-10-16T00:31:39","modified_gmt":"2024-10-15T22:31:39","slug":"latelier-17-parure-de-draps-double-zoe","status":"publish","type":"product","link":"https:\/\/www.tendenzeshabbychic.it\/fr\/produit\/latelier-17-parure-de-draps-double-zoe\/","title":{"rendered":"L&rsquo;Atelier 17 Parure de draps double Zo\u00e9"},"content":{"rendered":"<p><strong>Caract\u00e9ristiques du produit:<\/strong><\/p>\n<ul>\n<li><strong>Mat\u00e9riau :<\/strong> 100 % coton, respirant et facile \u00e0 laver.<\/li>\n<li><strong>Motif :<\/strong> Imprim\u00e9 floral dans les tons verts avec volant ton sur ton.<\/li>\n<li><strong>Lavable en machine :<\/strong> suivez les instructions de lavage indiqu\u00e9es sur l&rsquo;\u00e9tiquette.<\/li>\n<\/ul>\n<p>Id\u00e9al pour ajouter une touche de fra\u00eecheur \u00e0 votre chambre et parfait pour toutes les saisons.<\/p>\n","protected":false},"excerpt":{"rendered":"<p>La parure de lit double Zo\u00e9, r\u00e9alis\u00e9e par L&rsquo;Atelier 17 , est parfaite pour enrichir votre chambre d&rsquo;une touche d&rsquo;\u00e9l\u00e9gance et de fra\u00eecheur. L&rsquo;ensemble, compos\u00e9 \u00e0 100% de coton de haute qualit\u00e9, garantit confort et douceur. Le motif floral aux nuances d\u00e9licates ajoute une touche raffin\u00e9e et romantique \u00e0 l&rsquo;environnement.<\/p>\n<ul>\n<li><strong>Dimensions :<\/strong>\n<ul>\n<li>Drap plat : 250&#215;300 cm<\/li>\n<li>Drap housse : 180&#215;200 cm + 30 cm<\/li>\n<li>2 taies d&rsquo;oreiller : 50&#215;80 cm<\/li>\n<\/ul>\n<\/li>\n<\/ul>\n","protected":false},"featured_media":159983,"comment_status":"open","ping_status":"closed","template":"","meta":{"_joinchat":[]},"pwb-brand":[1560],"product_brand":[],"product_cat":[1478,1475],"product_tag":[2847,3285],"class_list":{"0":"post-158325","1":"product","2":"type-product","3":"status-publish","4":"has-post-thumbnail","6":"pwb-brand-atelier-17-fr","7":"product_cat-feuilles-doubles","8":"product_cat-le-lit","9":"product_tag-chambre","10":"product_tag-ventes","12":"first","13":"instock","14":"sale","15":"taxable","16":"shipping-taxable","17":"purchasable","18":"product-type-simple"},"brands":[{"id":1560,"name":"L\u2019Atelier 17","slug":"atelier-17-fr"}],"_links":{"self":[{"href":"https:\/\/www.tendenzeshabbychic.it\/fr\/wp-json\/wp\/v2\/product\/158325","targetHints":{"allow":["GET"]}}],"collection":[{"href":"https:\/\/www.tendenzeshabbychic.it\/fr\/wp-json\/wp\/v2\/product"}],"about":[{"href":"https:\/\/www.tendenzeshabbychic.it\/fr\/wp-json\/wp\/v2\/types\/product"}],"replies":[{"embeddable":true,"href":"https:\/\/www.tendenzeshabbychic.it\/fr\/wp-json\/wp\/v2\/comments?post=158325"}],"wp:featuredmedia":[{"embeddable":true,"href":"https:\/\/www.tendenzeshabbychic.it\/fr\/wp-json\/wp\/v2\/media\/159983"}],"wp:attachment":[{"href":"https:\/\/www.tendenzeshabbychic.it\/fr\/wp-json\/wp\/v2\/media?parent=158325"}],"wp:term":[{"taxonomy":"pwb-brand","embeddable":true,"href":"https:\/\/www.tendenzeshabbychic.it\/fr\/wp-json\/wp\/v2\/pwb-brand?post=158325"},{"taxonomy":"product_brand","embeddable":true,"href":"https:\/\/www.tendenzeshabbychic.it\/fr\/wp-json\/wp\/v2\/product_brand?post=158325"},{"taxonomy":"product_cat","embeddable":true,"href":"https:\/\/www.tendenzeshabbychic.it\/fr\/wp-json\/wp\/v2\/product_cat?post=158325"},{"taxonomy":"product_tag","embeddable":true,"href":"https:\/\/www.tendenzeshabbychic.it\/fr\/wp-json\/wp\/v2\/product_tag?post=158325"}],"curies":[{"name":"wp","href":"https:\/\/api.w.org\/{rel}","templated":true}]}}