{"id":157933,"date":"2024-10-22T12:20:42","date_gmt":"2024-10-22T10:20:42","guid":{"rendered":"https:\/\/www.tendenzeshabbychic.it\/prodotto\/base-darbre-de-noel-edg-edg-en-forme-darc-rouge-%f0%9f%8e%80\/"},"modified":"2024-10-22T12:26:33","modified_gmt":"2024-10-22T10:26:33","slug":"base-darbre-de-noel-edg-edg-en-forme-darc-rouge-%f0%9f%8e%80","status":"publish","type":"product","link":"https:\/\/www.tendenzeshabbychic.it\/fr\/produit\/base-darbre-de-noel-edg-edg-en-forme-darc-rouge-%f0%9f%8e%80\/","title":{"rendered":"Base d&rsquo;arbre de No\u00ebl EDG EDG en forme d&rsquo;arc rouge \ud83c\udf80"},"content":{"rendered":"<p>\u2728 <strong>Caract\u00e9ristiques&nbsp;:<\/strong><\/p>\n<ul>\n<li><strong>Forme:<\/strong> Arc<\/li>\n<li><strong>Couleur :<\/strong> Rouge brillant<\/li>\n<li><strong>Mat\u00e9riau :<\/strong> polyr\u00e9sine et m\u00e9tal.<\/li>\n<li><strong>Dimensions :<\/strong> Hauteur 57 cm, Largeur 50 cm, Longueur 50 cm<\/li>\n<li><strong>Design&nbsp;:<\/strong> \u00e9l\u00e9gant et festif, id\u00e9al pour les arbres artificiels<\/li>\n<\/ul>\n<p>Cette base soutient non seulement votre sapin en toute s\u00e9curit\u00e9, mais devient \u00e9galement un \u00e9l\u00e9ment d\u00e9coratif qui enrichit l&rsquo;atmosph\u00e8re de No\u00ebl de votre maison. Le design du n\u0153ud rouge est parfait pour ajouter une touche d&rsquo;\u00e9l\u00e9gance et de gaiet\u00e9 \u00e0 vos d\u00e9corations festives. <\/p>\n<p>\ud83c\udf1f <strong>Pourquoi vous l&rsquo;aimerez&nbsp;:<\/strong><\/p>\n<ul>\n<li><strong>Stable et \u00e9l\u00e9gant :<\/strong> fournit un support s\u00e9curis\u00e9 \u00e0 votre arbre tout en ajoutant une touche d\u00e9corative.<\/li>\n<li><strong>Polyvalent :<\/strong> id\u00e9al pour tout arbre de No\u00ebl artificiel.<\/li>\n<li><strong>Facile \u00e0 assembler :<\/strong> con\u00e7u pour un assemblage rapide et facile.<\/li>\n<\/ul>\n<p>\ud83c\udf81 <strong>Achetez maintenant et d\u00e9corez votre No\u00ebl avec \u00e9l\u00e9gance&nbsp;!<\/strong> \ud83c\udf81 Ne manquez pas l&rsquo;occasion d&rsquo;ajouter cette magnifique base rouge en forme de n\u0153ud \u00e0 votre sapin de No\u00ebl ! Visitez notre magasin pour d\u00e9couvrir d&rsquo;autres d\u00e9corations festives et inscrivez-vous pour recevoir des offres exclusives, des codes de r\u00e9duction et des promotions r\u00e9serv\u00e9es aux membres. <\/p>\n\n\t<section class=\"section dark\" id=\"section_581899839\">\n\t\t<div class=\"section-bg fill\" >\n\t\t\t\t\t\t\t\t\t<div class=\"section-bg-overlay absolute fill\"><\/div>\n\t\t\t\n\n\t\t<\/div>\n\n\t\t\n\n\t\t<div class=\"section-content relative\">\n\t\t\t\n\n<div class=\"row align-center\"  id=\"row-2006857079\">\n\n\n\t<div id=\"col-141322420\" class=\"col medium-10 small-12 large-10\"  >\n\t\t\t\t<div class=\"col-inner text-center\"  >\n\t\t\t\n\t\t\t\n\n\t<div id=\"gap-1972684386\" class=\"gap-element clearfix\" style=\"display:block; height:auto;\">\n\t\t\n<style>\n#gap-1972684386 {\n  padding-top: 10px;\n}\n@media (min-width:550px) {\n  #gap-1972684386 {\n    padding-top: 30px;\n  }\n}\n<\/style>\n\t<\/div>\n\t\n\n\t<div id=\"text-1253237735\" class=\"text\">\n\t\t\n\n<h3 class=\"uppercase\" style=\"text-align: center;\">TOUT POUR VOTRE ARBRE DE NO\u00cbL<\/h3>\n<p style=\"text-align: left;\">D\u00e9couvrez les nombreuses d\u00e9corations disponibles, les nombreux mat\u00e9riaux (du verre au bois), les diff\u00e9rents designs et styles.<\/p>\n\t\t\n<style>\n#text-1253237735 {\n  font-size: 1.4rem;\n  text-align: left;\n}\n<\/style>\n\t<\/div>\n\t\n<a href=\"https:\/\/www.tendenzeshabbychic.it\/fr\/categorie-de-produit\/noel\/boules-et-decorations-de-sapin-de-noel\/\" class=\"button white is-outline\" style=\"border-radius:79px;\">\n\t\t<span>\ud83c\udf84 D\u00e9corez votre sapin \ud83c\udf84<\/span>\n\t<\/a>\n\n\n\n\t\t<\/div>\n\t\t\t\t\t<\/div>\n\n\t\n\n<\/div>\n\n\t\t<\/div>\n\n\t\t\n<style>\n#section_581899839 {\n  padding-top: 60px;\n  padding-bottom: 60px;\n  min-height: 300px;\n  background-color: rgb(245, 245, 245);\n}\n#section_581899839 .section-bg-overlay {\n  background-color: rgba(0, 0, 0, 0.5);\n}\n#section_581899839 .section-bg img {\n  object-position: 39% 25%;\n}\n@media (min-width:550px) {\n  #section_581899839 .section-bg-overlay {\n    background-color: rgba(0, 0, 0, 0.378);\n  }\n}\n<\/style>\n\t<\/section>\n\t\n<p>&nbsp;<\/p>\n\n\t<section class=\"section linkified dark\" id=\"section_990834178\">\n\t\t<div class=\"section-bg fill\" >\n\t\t\t<img loading=\"lazy\" decoding=\"async\" width=\"800\" height=\"213\" src=\"https:\/\/www.tendenzeshabbychic.it\/wp-content\/uploads\/2021\/09\/natale-hero-1-800x213.jpg\" class=\"bg attachment-medium size-medium\" alt=\"\" \/>\t\t\t\t\t\t<div class=\"section-bg-overlay absolute fill\"><\/div>\n\t\t\t\n\n\t\t<\/div>\n\n\t\t\n\n\t\t<div class=\"section-content relative\">\n\t\t\t\n\n<div class=\"row\"  id=\"row-1795970021\">\n\n\n\t<div id=\"col-246985363\" class=\"col small-12 large-12\"  >\n\t\t\t\t<div class=\"col-inner text-center\"  >\n\t\t\t\n\t\t\t\n\n<h3><span style=\"font-size: 180%;\">No\u00ebl<\/span><\/h3>\n<p>D\u00e9couvrez la large s\u00e9lection de produits pour d\u00e9corer votre maison pour No\u00ebl.<\/p>\n<a href=\"https:\/\/www.tendenzeshabbychic.it\/fr\/categorie-de-produit\/noel\/\" class=\"button alert is-shade box-shadow-3 box-shadow-5-hover\" style=\"border-radius:5px;\">\n\t\t<span>Cliquez ici<\/span>\n\t<\/a>\n\n\n\n\t\t<\/div>\n\t\t\t\t\t<\/div>\n\n\t\n\n<\/div>\n\n\t\t<\/div>\n\n\t\t\n<style>\n#section_990834178 {\n  padding-top: 12px;\n  padding-bottom: 12px;\n}\n#section_990834178 .section-bg-overlay {\n  background-color: rgba(0, 0, 0, 0.419);\n}\n#section_990834178 .section-bg img {\n  object-position: 21% 51%;\n}\n@media (min-width:550px) {\n  #section_990834178 {\n    padding-top: 57px;\n    padding-bottom: 57px;\n  }\n}\n<\/style>\n\t<\/section>\n\t\n","protected":false},"excerpt":{"rendered":"<p>\ud83c\udf84\u00c9l\u00e9gance <strong>festive pour votre sapin de No\u00ebl !<\/strong> \ud83c\udf84 Donnez \u00e0 votre sapin de No\u00ebl une touche de style avec cette superbe base \u00e0 n\u0153ud rouge EDG . Parfaite pour les sapins artificiels, cette base unique est con\u00e7ue pour allier fonctionnalit\u00e9 et beaut\u00e9, ajoutant une touche festive et raffin\u00e9e \u00e0 votre d\u00e9cor de No\u00ebl.<\/p>\n<p>\ud83d\udccf <strong>Dimensions :<\/strong><\/p>\n<ul>\n<li>Largeur 50 cm<\/li>\n<li>Profondeur 50 cm<\/li>\n<li>Hauteur 57 cm<\/li>\n<\/ul>\n","protected":false},"featured_media":149192,"comment_status":"open","ping_status":"closed","template":"","meta":{"_joinchat":[]},"pwb-brand":[1564],"product_brand":[],"product_cat":[1503,2483,3098],"product_tag":[1394],"class_list":{"0":"post-157933","1":"product","2":"type-product","3":"status-publish","4":"has-post-thumbnail","6":"pwb-brand-edg-fr","7":"product_cat-noel","8":"product_cat-sapins-de-noel","9":"product_cat-supports-pour-arbres-de-noel","10":"product_tag-fleche","12":"first","13":"outofstock","14":"sale","15":"taxable","16":"shipping-taxable","17":"purchasable","18":"product-type-simple"},"brands":[{"id":1564,"name":"EDG \u2013 Enzo De Gasperi","slug":"edg-fr"}],"_links":{"self":[{"href":"https:\/\/www.tendenzeshabbychic.it\/fr\/wp-json\/wp\/v2\/product\/157933","targetHints":{"allow":["GET"]}}],"collection":[{"href":"https:\/\/www.tendenzeshabbychic.it\/fr\/wp-json\/wp\/v2\/product"}],"about":[{"href":"https:\/\/www.tendenzeshabbychic.it\/fr\/wp-json\/wp\/v2\/types\/product"}],"replies":[{"embeddable":true,"href":"https:\/\/www.tendenzeshabbychic.it\/fr\/wp-json\/wp\/v2\/comments?post=157933"}],"wp:featuredmedia":[{"embeddable":true,"href":"https:\/\/www.tendenzeshabbychic.it\/fr\/wp-json\/wp\/v2\/media\/149192"}],"wp:attachment":[{"href":"https:\/\/www.tendenzeshabbychic.it\/fr\/wp-json\/wp\/v2\/media?parent=157933"}],"wp:term":[{"taxonomy":"pwb-brand","embeddable":true,"href":"https:\/\/www.tendenzeshabbychic.it\/fr\/wp-json\/wp\/v2\/pwb-brand?post=157933"},{"taxonomy":"product_brand","embeddable":true,"href":"https:\/\/www.tendenzeshabbychic.it\/fr\/wp-json\/wp\/v2\/product_brand?post=157933"},{"taxonomy":"product_cat","embeddable":true,"href":"https:\/\/www.tendenzeshabbychic.it\/fr\/wp-json\/wp\/v2\/product_cat?post=157933"},{"taxonomy":"product_tag","embeddable":true,"href":"https:\/\/www.tendenzeshabbychic.it\/fr\/wp-json\/wp\/v2\/product_tag?post=157933"}],"curies":[{"name":"wp","href":"https:\/\/api.w.org\/{rel}","templated":true}]}}