{"id":157732,"date":"2024-10-15T13:20:00","date_gmt":"2024-10-15T11:20:00","guid":{"rendered":"https:\/\/www.tendenzeshabbychic.it\/prodotto\/support-miroir-edg-avec-pieds-h5-x-25-x-25\/"},"modified":"2024-10-11T21:19:35","modified_gmt":"2024-10-11T19:19:35","slug":"support-miroir-edg-avec-pieds-h5-x-25-x-25","status":"publish","type":"product","link":"https:\/\/www.tendenzeshabbychic.it\/fr\/produit\/support-miroir-edg-avec-pieds-h5-x-25-x-25\/","title":{"rendered":"Support miroir EDG avec pieds H5 x 25 x 25"},"content":{"rendered":"<h4>Caract\u00e9ristiques:<\/h4>\n<ul>\n<li><strong>Collection :<\/strong> EDG (Enzo De Gasperi)<\/li>\n<li><strong>Mat\u00e9riau :<\/strong> Verre miroir<\/li>\n<li><strong>Dimensions :<\/strong> Hauteur 5 cm, Largeur 25 cm, Longueur 25 cm<\/li>\n<li><strong>Couleur :<\/strong> miroir transparent.<\/li>\n<li><strong>Le d\u00e9tail d\u00e9co :<\/strong> Pieds sph\u00e9riques transparents<\/li>\n<li>Complet avec bo\u00eete blanche<\/li>\n<\/ul>\n<h4>Utilisation et ambiance&nbsp;:<\/h4>\n<p>Le support en miroir est id\u00e9al pour exposer des objets pr\u00e9cieux et ajouter une touche de luxe \u00e0 n&rsquo;importe quel d\u00e9cor. Parfait comme base pour des bougies d\u00e9coratives, des compositions florales, des petites sculptures ou des desserts lors d&rsquo;occasions sp\u00e9ciales. Gr\u00e2ce \u00e0 son effet r\u00e9fl\u00e9chissant, il am\u00e9liore la luminosit\u00e9 des environnements et ajoute de la profondeur, ce qui en fait un choix polyvalent et intemporel pour les maisons et les espaces d&rsquo;exposition.  <\/p>\n","protected":false},"excerpt":{"rendered":"<p>Cet \u00e9l\u00e9gant support de miroir avec pieds, con\u00e7u par Enzo De Gasperi, est le compl\u00e9ment id\u00e9al pour rehausser la beaut\u00e9 de n&rsquo;importe quel environnement.<\/p>\n<p> Ses lignes modernes et sa surface r\u00e9fl\u00e9chissante cr\u00e9ent un effet lumineux et raffin\u00e9, parfait pour mettre en valeur des vases d\u00e9coratifs, des objets de collection ou comme base pour des centres de table.<\/p>\n<p> Fabriqu\u00e9 en verre miroir de haute qualit\u00e9, aux dimensions H5x20x20 cm, ce pr\u00e9sentoir \u00e0 g\u00e2teaux s&rsquo;adapte parfaitement aux espaces de diff\u00e9rentes tailles.<\/p>\n<p> Les pieds sph\u00e9riques transparents le soul\u00e8vent doucement, lui donnant un aspect suspendu et l\u00e9ger qui enrichit encore la composition visuelle.<\/p>\n","protected":false},"featured_media":157694,"comment_status":"open","ping_status":"closed","template":"","meta":{"_joinchat":[]},"pwb-brand":[1564],"product_brand":[],"product_cat":[1527],"product_tag":[],"class_list":{"0":"post-157732","1":"product","2":"type-product","3":"status-publish","4":"has-post-thumbnail","6":"pwb-brand-edg-fr","7":"product_cat-plateaux","9":"first","10":"instock","11":"taxable","12":"shipping-taxable","13":"purchasable","14":"product-type-simple"},"brands":[{"id":1564,"name":"EDG \u2013 Enzo De Gasperi","slug":"edg-fr"}],"_links":{"self":[{"href":"https:\/\/www.tendenzeshabbychic.it\/fr\/wp-json\/wp\/v2\/product\/157732","targetHints":{"allow":["GET"]}}],"collection":[{"href":"https:\/\/www.tendenzeshabbychic.it\/fr\/wp-json\/wp\/v2\/product"}],"about":[{"href":"https:\/\/www.tendenzeshabbychic.it\/fr\/wp-json\/wp\/v2\/types\/product"}],"replies":[{"embeddable":true,"href":"https:\/\/www.tendenzeshabbychic.it\/fr\/wp-json\/wp\/v2\/comments?post=157732"}],"wp:featuredmedia":[{"embeddable":true,"href":"https:\/\/www.tendenzeshabbychic.it\/fr\/wp-json\/wp\/v2\/media\/157694"}],"wp:attachment":[{"href":"https:\/\/www.tendenzeshabbychic.it\/fr\/wp-json\/wp\/v2\/media?parent=157732"}],"wp:term":[{"taxonomy":"pwb-brand","embeddable":true,"href":"https:\/\/www.tendenzeshabbychic.it\/fr\/wp-json\/wp\/v2\/pwb-brand?post=157732"},{"taxonomy":"product_brand","embeddable":true,"href":"https:\/\/www.tendenzeshabbychic.it\/fr\/wp-json\/wp\/v2\/product_brand?post=157732"},{"taxonomy":"product_cat","embeddable":true,"href":"https:\/\/www.tendenzeshabbychic.it\/fr\/wp-json\/wp\/v2\/product_cat?post=157732"},{"taxonomy":"product_tag","embeddable":true,"href":"https:\/\/www.tendenzeshabbychic.it\/fr\/wp-json\/wp\/v2\/product_tag?post=157732"}],"curies":[{"name":"wp","href":"https:\/\/api.w.org\/{rel}","templated":true}]}}