{"id":157727,"date":"2024-10-08T13:16:40","date_gmt":"2024-10-08T11:16:40","guid":{"rendered":"https:\/\/www.tendenzeshabbychic.it\/prodotto\/edg-diffuseur-dessences-concentrees-figue-de-barbarie\/"},"modified":"2024-10-08T13:16:40","modified_gmt":"2024-10-08T11:16:40","slug":"edg-diffuseur-dessences-concentrees-figue-de-barbarie","status":"publish","type":"product","link":"https:\/\/www.tendenzeshabbychic.it\/fr\/produit\/edg-diffuseur-dessences-concentrees-figue-de-barbarie\/","title":{"rendered":"EDG Diffuseur d&rsquo;Essences Concentr\u00e9es Figue de Barbarie"},"content":{"rendered":"<p><strong>Caract\u00e9ristiques:<\/strong><\/p>\n<ul>\n<li>Mat\u00e9riau : c\u00e9ramique \u00e9maill\u00e9e de haute qualit\u00e9.<\/li>\n<li>Couleurs vives et finition brillante<\/li>\n<li>Design inspir\u00e9 des lames de figue de Barbarie avec des d\u00e9tails color\u00e9s<\/li>\n<li>Dimensions : Hauteur 13,5 cm, Diam\u00e8tre 13 cm<\/li>\n<li>Id\u00e9al pour cr\u00e9er une ambiance relaxante aux senteurs naturelles<\/li>\n<\/ul>\n","protected":false},"excerpt":{"rendered":"<p>Ajoutez une touche d&rsquo;\u00e9l\u00e9gance parfum\u00e9e \u00e0 vos espaces avec le diffuseur d&rsquo;essence concentr\u00e9e <em>Figue de Barbarie<\/em> d&rsquo;Enzo De Gasperi. Ce ravissant diffuseur en c\u00e9ramique \u00e9maill\u00e9e, au design rappelant les pales de figue de barbarie et les petits fruits color\u00e9s, est parfait pour cr\u00e9er une atmosph\u00e8re relaxante et accueillante. Avec une hauteur de 13,5 cm et un diam\u00e8tre de 13 cm, il est id\u00e9al pour les environnements int\u00e9rieurs et ext\u00e9rieurs. <strong>Comment l&rsquo;utiliser :<\/strong> Placez une bougie chauffe-plat dans la partie inf\u00e9rieure du diffuseur, allumez-la et versez de l&rsquo;eau avec quelques gouttes de votre essence parfum\u00e9e pr\u00e9f\u00e9r\u00e9e dans la partie sup\u00e9rieure. La chaleur de la flamme chauffera l\u2019eau, diffusant lentement le parfum dans l\u2019environnement. Une id\u00e9e parfaite pour parfumer la maison de mani\u00e8re naturelle et d\u00e9corer avec style.<\/p>\n","protected":false},"featured_media":157412,"comment_status":"open","ping_status":"closed","template":"","meta":{"_joinchat":[]},"pwb-brand":[1564],"product_brand":[],"product_cat":[1522,1515],"product_tag":[1296,3285],"class_list":{"0":"post-157727","1":"product","2":"type-product","3":"status-publish","4":"has-post-thumbnail","6":"pwb-brand-edg-fr","7":"product_cat-essences-concentrees","8":"product_cat-parfumeurs","9":"product_tag-idee-de-cadeau","10":"product_tag-ventes","12":"first","13":"instock","14":"sale","15":"taxable","16":"shipping-taxable","17":"purchasable","18":"product-type-simple"},"brands":[{"id":1564,"name":"EDG \u2013 Enzo De Gasperi","slug":"edg-fr"}],"_links":{"self":[{"href":"https:\/\/www.tendenzeshabbychic.it\/fr\/wp-json\/wp\/v2\/product\/157727","targetHints":{"allow":["GET"]}}],"collection":[{"href":"https:\/\/www.tendenzeshabbychic.it\/fr\/wp-json\/wp\/v2\/product"}],"about":[{"href":"https:\/\/www.tendenzeshabbychic.it\/fr\/wp-json\/wp\/v2\/types\/product"}],"replies":[{"embeddable":true,"href":"https:\/\/www.tendenzeshabbychic.it\/fr\/wp-json\/wp\/v2\/comments?post=157727"}],"wp:featuredmedia":[{"embeddable":true,"href":"https:\/\/www.tendenzeshabbychic.it\/fr\/wp-json\/wp\/v2\/media\/157412"}],"wp:attachment":[{"href":"https:\/\/www.tendenzeshabbychic.it\/fr\/wp-json\/wp\/v2\/media?parent=157727"}],"wp:term":[{"taxonomy":"pwb-brand","embeddable":true,"href":"https:\/\/www.tendenzeshabbychic.it\/fr\/wp-json\/wp\/v2\/pwb-brand?post=157727"},{"taxonomy":"product_brand","embeddable":true,"href":"https:\/\/www.tendenzeshabbychic.it\/fr\/wp-json\/wp\/v2\/product_brand?post=157727"},{"taxonomy":"product_cat","embeddable":true,"href":"https:\/\/www.tendenzeshabbychic.it\/fr\/wp-json\/wp\/v2\/product_cat?post=157727"},{"taxonomy":"product_tag","embeddable":true,"href":"https:\/\/www.tendenzeshabbychic.it\/fr\/wp-json\/wp\/v2\/product_tag?post=157727"}],"curies":[{"name":"wp","href":"https:\/\/api.w.org\/{rel}","templated":true}]}}