{"id":157725,"date":"2025-11-30T10:31:02","date_gmt":"2025-11-30T09:31:02","guid":{"rendered":"https:\/\/www.tendenzeshabbychic.it\/prodotto\/boite-avec-logo-edg-115-cm\/"},"modified":"2025-11-30T11:05:19","modified_gmt":"2025-11-30T10:05:19","slug":"boite-avec-logo-edg-115-cm","status":"publish","type":"product","link":"https:\/\/www.tendenzeshabbychic.it\/fr\/produit\/boite-avec-logo-edg-115-cm\/","title":{"rendered":"Bo\u00eete avec logo EDG 11,5 cm"},"content":{"rendered":"<p><strong>Caract\u00e9ristiques:<\/strong><\/p>\n<ul>\n<li>Dimensions : H.11,5 cm, L.11,5 cm, P.11,5 cm<\/li>\n<li>Couleur : Blanc ivoire avec d\u00e9tails dor\u00e9s<\/li>\n<li>Mat\u00e9riau : Carton de haute qualit\u00e9<\/li>\n<li>Logo : EDG dor\u00e9 au centre<\/li>\n<li>Id\u00e9al pour : Sph\u00e8res d\u00e9coratives, petits objets, bougies et ornements<\/li>\n<\/ul>\n<p><strong>Conseils d&rsquo;utilisation :<\/strong> Ce coffret est parfait pour pr\u00e9senter un cadeau pendant les f\u00eates de No\u00ebl ou pour emballer un cadeau pr\u00e9cieux lors de toute occasion sp\u00e9ciale. Choisissez-le pour des cadeaux qui m\u00e9ritent d&rsquo;\u00eatre pr\u00e9sent\u00e9s avec \u00e9l\u00e9gance et souci du d\u00e9tail. <\/p>\n","protected":false},"excerpt":{"rendered":"<p>Ajoutez une touche de classe \u00e0 vos cadeaux avec la bo\u00eete logo EDG Enzo De Gasperi.<\/p>\n<p> \u00c9l\u00e9gant et raffin\u00e9, ce coffret est parfait pour mettre en valeur chaque cadeau et le rendre encore plus sp\u00e9cial.<\/p>\n<p> Ses dimensions (H.11,5 x L.11,5 x P.11,5 cm) le rendent id\u00e9al pour contenir des objets d\u00e9coratifs comme des boules de No\u00ebl de 10 cm, des petites boules de No\u00ebl ou des bougies.<\/p>\n<p> Fabriqu\u00e9e en carton robuste, la bo\u00eete est agr\u00e9ment\u00e9e du logo dor\u00e9 et d&rsquo;un d\u00e9licat motif graphique qui rappelle le style incomparable de la marque EDG .<\/p>\n","protected":false},"featured_media":157566,"comment_status":"open","ping_status":"closed","template":"","meta":{"_joinchat":[]},"pwb-brand":[1564],"product_brand":[],"product_cat":[1505],"product_tag":[1296,2798],"class_list":{"0":"post-157725","1":"product","2":"type-product","3":"status-publish","4":"has-post-thumbnail","6":"pwb-brand-edg-fr","7":"product_cat-objets","8":"product_tag-idee-de-cadeau","9":"product_tag-noad-fr","11":"first","12":"instock","13":"taxable","14":"shipping-taxable","15":"purchasable","16":"product-type-simple"},"brands":[{"id":1564,"name":"EDG \u2013 Enzo De Gasperi","slug":"edg-fr"}],"_links":{"self":[{"href":"https:\/\/www.tendenzeshabbychic.it\/fr\/wp-json\/wp\/v2\/product\/157725","targetHints":{"allow":["GET"]}}],"collection":[{"href":"https:\/\/www.tendenzeshabbychic.it\/fr\/wp-json\/wp\/v2\/product"}],"about":[{"href":"https:\/\/www.tendenzeshabbychic.it\/fr\/wp-json\/wp\/v2\/types\/product"}],"replies":[{"embeddable":true,"href":"https:\/\/www.tendenzeshabbychic.it\/fr\/wp-json\/wp\/v2\/comments?post=157725"}],"wp:featuredmedia":[{"embeddable":true,"href":"https:\/\/www.tendenzeshabbychic.it\/fr\/wp-json\/wp\/v2\/media\/157566"}],"wp:attachment":[{"href":"https:\/\/www.tendenzeshabbychic.it\/fr\/wp-json\/wp\/v2\/media?parent=157725"}],"wp:term":[{"taxonomy":"pwb-brand","embeddable":true,"href":"https:\/\/www.tendenzeshabbychic.it\/fr\/wp-json\/wp\/v2\/pwb-brand?post=157725"},{"taxonomy":"product_brand","embeddable":true,"href":"https:\/\/www.tendenzeshabbychic.it\/fr\/wp-json\/wp\/v2\/product_brand?post=157725"},{"taxonomy":"product_cat","embeddable":true,"href":"https:\/\/www.tendenzeshabbychic.it\/fr\/wp-json\/wp\/v2\/product_cat?post=157725"},{"taxonomy":"product_tag","embeddable":true,"href":"https:\/\/www.tendenzeshabbychic.it\/fr\/wp-json\/wp\/v2\/product_tag?post=157725"}],"curies":[{"name":"wp","href":"https:\/\/api.w.org\/{rel}","templated":true}]}}