{"id":156802,"date":"2025-12-20T22:00:31","date_gmt":"2025-12-20T21:00:31","guid":{"rendered":"https:\/\/www.tendenzeshabbychic.it\/prodotto\/christmas-moka-caffe-my-home-collection-de-nuvole-di-stoffa-3-versions\/"},"modified":"2025-09-05T06:46:25","modified_gmt":"2025-09-05T05:46:25","slug":"christmas-moka-caffe-my-home-collection-de-nuvole-di-stoffa-3-versions","status":"publish","type":"product","link":"https:\/\/www.tendenzeshabbychic.it\/fr\/produit\/christmas-moka-caffe-my-home-collection-de-nuvole-di-stoffa-3-versions\/","title":{"rendered":"Christmas Moka Caff\u00e8 My Home Collection de Nuvole di Stoffa &#8211; 3 versions"},"content":{"rendered":"<h4>Mode d&#8217;emploi et d&rsquo;entretien&nbsp;:<\/h4>\n<ol>\n<li>Remplissez la base d&rsquo;eau jusqu&rsquo;\u00e0 la soupape de s\u00e9curit\u00e9.<\/li>\n<li>Ins\u00e9rez le filtre et remplissez-le de caf\u00e9 moulu sans appuyer.<\/li>\n<li>Vissez fermement le dessus et placez la cafeti\u00e8re moka sur la cuisini\u00e8re \u00e0 feu moyen.<\/li>\n<li>Attendez que le caf\u00e9 l\u00e8ve et remplissez le dessus.<\/li>\n<\/ol>\n\n  <div class=\"banner has-hover\" id=\"banner-1317429712\">\n          <div class=\"banner-inner fill\">\n        <div class=\"banner-bg fill\" >\n                                    <div class=\"overlay\"><\/div>            \n                    <\/div>\n\t\t\n        <div class=\"banner-layers container\">\n            <div class=\"fill banner-link\"><\/div>            \n\n   <div id=\"text-box-2071537958\" class=\"text-box banner-layer x50 md-x50 lg-x50 y50 md-y50 lg-y50 res-text\">\n                                <div class=\"text-box-content text dark\">\n              \n              <div class=\"text-inner text-center\">\n                  \n\n\t<div id=\"text-883329861\" class=\"text\">\n\t\t\n\n<h2 class=\"uppercase\" style=\"text-align: center;\"><span style=\"font-size: 120%;\"><strong>  CARTE DE NO\u00cbL<\/strong><\/span><\/h2>\n<p style=\"text-align: center;\"><span style=\"font-size: 300%;\">D\u00e9couvrez toute la collection<\/span><\/p>\n\t\t\n<style>\n#text-883329861 {\n  font-size: 0.75rem;\n  line-height: 1.15;\n}\n<\/style>\n\t<\/div>\n\t\n<a href=\"https:\/\/www.tendenzeshabbychic.it\/fr\/Etiquette-produit\/collection-de-cartes-de-noel\/\" class=\"button white is-larger box-shadow-1 box-shadow-1-hover\" >\n\t\t<span>CLIQUEZ ICI<\/span>\n\t<\/a>\n\n\n\n              <\/div>\n           <\/div>\n                            \n<style>\n#text-box-2071537958 {\n  width: 95%;\n}\n#text-box-2071537958 .text-box-content {\n  font-size: 100%;\n}\n@media (min-width:550px) {\n  #text-box-2071537958 {\n    width: 79%;\n  }\n}\n<\/style>\n    <\/div>\n \n\n        <\/div>\n      <\/div>\n\n            \n<style>\n#banner-1317429712 {\n  padding-top: 550px;\n}\n#banner-1317429712 .overlay {\n  background-color: rgba(0, 0, 0, 0.267);\n}\n#banner-1317429712 .banner-bg img {\n  object-position: 48% 54%;\n}\n@media (min-width:550px) {\n  #banner-1317429712 {\n    padding-top: 500px;\n  }\n}\n@media (min-width:850px) {\n  #banner-1317429712 {\n    padding-top: 750px;\n  }\n}\n<\/style>\n  <\/div>\n\n\n<p>&nbsp;<\/p>\n\n\t<section class=\"section linkified dark\" id=\"section_1808023341\">\n\t\t<div class=\"section-bg fill\" >\n\t\t\t<img loading=\"lazy\" decoding=\"async\" width=\"800\" height=\"213\" src=\"https:\/\/www.tendenzeshabbychic.it\/wp-content\/uploads\/2021\/09\/natale-hero-1-800x213.jpg\" class=\"bg attachment-medium size-medium\" alt=\"\" \/>\t\t\t\t\t\t<div class=\"section-bg-overlay absolute fill\"><\/div>\n\t\t\t\n\n\t\t<\/div>\n\n\t\t\n\n\t\t<div class=\"section-content relative\">\n\t\t\t\n\n<div class=\"row\"  id=\"row-1708170407\">\n\n\n\t<div id=\"col-986812451\" class=\"col small-12 large-12\"  >\n\t\t\t\t<div class=\"col-inner text-center\"  >\n\t\t\t\n\t\t\t\n\n<h3><span style=\"font-size: 180%;\">No\u00ebl<\/span><\/h3>\n<p>D\u00e9couvrez la large s\u00e9lection de produits pour d\u00e9corer votre maison pour No\u00ebl.<\/p>\n<a href=\"https:\/\/www.tendenzeshabbychic.it\/fr\/categorie-de-produit\/noel\/\" class=\"button alert is-shade box-shadow-3 box-shadow-5-hover\" style=\"border-radius:5px;\">\n\t\t<span>Cliquez ici<\/span>\n\t<\/a>\n\n\n\n\t\t<\/div>\n\t\t\t\t\t<\/div>\n\n\t\n\n<\/div>\n\n\t\t<\/div>\n\n\t\t\n<style>\n#section_1808023341 {\n  padding-top: 12px;\n  padding-bottom: 12px;\n}\n#section_1808023341 .section-bg-overlay {\n  background-color: rgba(0, 0, 0, 0.419);\n}\n#section_1808023341 .section-bg img {\n  object-position: 21% 51%;\n}\n@media (min-width:550px) {\n  #section_1808023341 {\n    padding-top: 57px;\n    padding-bottom: 57px;\n  }\n}\n<\/style>\n\t<\/section>\n\t\n","protected":false},"excerpt":{"rendered":"<p>Apportez une touche d&rsquo;amour dans votre cuisine avec le Moka Caff\u00e8 disponible en trois tailles, il fait partie de la collection \u00a0\u00bb My Home \u00a0\u00bb de Nuvole di Stoffa . Parfait pour les amateurs de caf\u00e9, ce moka allie fonctionnalit\u00e9 et design, transformant chaque moment de caf\u00e9 en une exp\u00e9rience sp\u00e9ciale. Fabriqu\u00e9 en aluminium de haute qualit\u00e9, il garantit une r\u00e9partition uniforme de la chaleur pour un caf\u00e9 au go\u00fbt riche et aromatique. <strong>Design \u00e9l\u00e9gant :<\/strong> le corps blanc et rouge avec un c\u0153ur au centre ajoute une touche d&rsquo;\u00e9l\u00e9gance et de chaleur, parfait pour embellir n&rsquo;importe quelle cuisine.  <\/p>\n","protected":false},"featured_media":144264,"comment_status":"open","ping_status":"closed","template":"","meta":{"_joinchat":[]},"pwb-brand":[1563],"product_brand":[],"product_cat":[1471],"product_tag":[1296,1416,3134],"class_list":{"0":"post-156802","1":"product","2":"type-product","3":"status-publish","4":"has-post-thumbnail","6":"pwb-brand-nuvole-di-stoffa-fr","7":"product_cat-accessoires-de-cuisine","8":"product_tag-idee-de-cadeau","9":"product_tag-my-home-fr","10":"product_tag-saint-valentin","12":"first","13":"instock","14":"sale","15":"taxable","16":"shipping-taxable","17":"purchasable","18":"product-type-variable"},"brands":[{"id":1563,"name":"Nuvole di Stoffa","slug":"nuvole-di-stoffa-fr"}],"_links":{"self":[{"href":"https:\/\/www.tendenzeshabbychic.it\/fr\/wp-json\/wp\/v2\/product\/156802","targetHints":{"allow":["GET"]}}],"collection":[{"href":"https:\/\/www.tendenzeshabbychic.it\/fr\/wp-json\/wp\/v2\/product"}],"about":[{"href":"https:\/\/www.tendenzeshabbychic.it\/fr\/wp-json\/wp\/v2\/types\/product"}],"replies":[{"embeddable":true,"href":"https:\/\/www.tendenzeshabbychic.it\/fr\/wp-json\/wp\/v2\/comments?post=156802"}],"wp:featuredmedia":[{"embeddable":true,"href":"https:\/\/www.tendenzeshabbychic.it\/fr\/wp-json\/wp\/v2\/media\/144264"}],"wp:attachment":[{"href":"https:\/\/www.tendenzeshabbychic.it\/fr\/wp-json\/wp\/v2\/media?parent=156802"}],"wp:term":[{"taxonomy":"pwb-brand","embeddable":true,"href":"https:\/\/www.tendenzeshabbychic.it\/fr\/wp-json\/wp\/v2\/pwb-brand?post=156802"},{"taxonomy":"product_brand","embeddable":true,"href":"https:\/\/www.tendenzeshabbychic.it\/fr\/wp-json\/wp\/v2\/product_brand?post=156802"},{"taxonomy":"product_cat","embeddable":true,"href":"https:\/\/www.tendenzeshabbychic.it\/fr\/wp-json\/wp\/v2\/product_cat?post=156802"},{"taxonomy":"product_tag","embeddable":true,"href":"https:\/\/www.tendenzeshabbychic.it\/fr\/wp-json\/wp\/v2\/product_tag?post=156802"}],"curies":[{"name":"wp","href":"https:\/\/api.w.org\/{rel}","templated":true}]}}