{"id":156127,"date":"2023-01-04T00:00:01","date_gmt":"2023-01-03T23:00:01","guid":{"rendered":"https:\/\/www.tendenzeshabbychic.it\/prodotto\/sapin-de-noel-en-perles-sur-socle-dore-h-33-cm\/"},"modified":"2024-09-20T17:20:16","modified_gmt":"2024-09-20T15:20:16","slug":"sapin-de-noel-en-perles-sur-socle-dore-h-33-cm","status":"publish","type":"product","link":"https:\/\/www.tendenzeshabbychic.it\/fr\/produit\/sapin-de-noel-en-perles-sur-socle-dore-h-33-cm\/","title":{"rendered":"Sapin de No\u00ebl en perles sur socle dor\u00e9 H 33 cm"},"content":{"rendered":"<p>Les perles, savamment appliqu\u00e9es, cr\u00e9ent un effet scintillant qui capte la lumi\u00e8re et fait de l&rsquo;arbre un v\u00e9ritable protagoniste de vos d\u00e9corations de No\u00ebl. Id\u00e9al \u00e9galement comme id\u00e9e cadeau pour ceux qui aiment d\u00e9corer leur maison avec style pendant les vacances.  Principales caract\u00e9ristiques&nbsp;:  <\/p>\n<ul>\n<li>Hauteur : 33 cm<\/li>\n<li>Largeur : 15 cm<\/li>\n<li>Mat\u00e9riel: Perles, socle dor\u00e9<\/li>\n<li>Couleur : Vert et rouge avec base dor\u00e9e<\/li>\n<li>Id\u00e9al pour : D\u00e9corations int\u00e9rieures pendant la p\u00e9riode des f\u00eates<\/li>\n<\/ul>\n<p>  Un compl\u00e9ment impeccable pour un No\u00ebl \u00e9l\u00e9gant et raffin\u00e9, parfait pour ceux qui aiment le luxe et le design sophistiqu\u00e9.<\/p>\n","protected":false},"excerpt":{"rendered":"<p>Ajoutez une touche de luxe \u00e0 vos d\u00e9corations de No\u00ebl avec ce magnifique sapin de No\u00ebl orn\u00e9 de perles vertes et rouges. Fabriqu\u00e9 avec une attention aux d\u00e9tails, l&rsquo;arbre repose sur un \u00e9l\u00e9gant socle dor\u00e9 qui met en valeur son design raffin\u00e9. Avec sa hauteur de 33 cm, il est parfait pour d\u00e9corer des tables basses, des \u00e9tag\u00e8res ou des centres de table, donnant une ambiance festive et sophistiqu\u00e9e \u00e0 votre int\u00e9rieur. \ud83d\udccf <strong>Dimensions :<\/strong> Largeur 15 x Profondeur 8 x Hauteur 33 cm<\/p>\n","protected":false},"featured_media":156118,"comment_status":"open","ping_status":"closed","template":"","meta":{"_joinchat":[]},"pwb-brand":[1564],"product_brand":[],"product_cat":[1503],"product_tag":[],"class_list":{"0":"post-156127","1":"product","2":"type-product","3":"status-publish","4":"has-post-thumbnail","6":"pwb-brand-edg-fr","7":"product_cat-noel","9":"first","10":"instock","11":"sale","12":"taxable","13":"shipping-taxable","14":"purchasable","15":"product-type-simple"},"brands":[{"id":1564,"name":"EDG \u2013 Enzo De Gasperi","slug":"edg-fr"}],"_links":{"self":[{"href":"https:\/\/www.tendenzeshabbychic.it\/fr\/wp-json\/wp\/v2\/product\/156127","targetHints":{"allow":["GET"]}}],"collection":[{"href":"https:\/\/www.tendenzeshabbychic.it\/fr\/wp-json\/wp\/v2\/product"}],"about":[{"href":"https:\/\/www.tendenzeshabbychic.it\/fr\/wp-json\/wp\/v2\/types\/product"}],"replies":[{"embeddable":true,"href":"https:\/\/www.tendenzeshabbychic.it\/fr\/wp-json\/wp\/v2\/comments?post=156127"}],"wp:featuredmedia":[{"embeddable":true,"href":"https:\/\/www.tendenzeshabbychic.it\/fr\/wp-json\/wp\/v2\/media\/156118"}],"wp:attachment":[{"href":"https:\/\/www.tendenzeshabbychic.it\/fr\/wp-json\/wp\/v2\/media?parent=156127"}],"wp:term":[{"taxonomy":"pwb-brand","embeddable":true,"href":"https:\/\/www.tendenzeshabbychic.it\/fr\/wp-json\/wp\/v2\/pwb-brand?post=156127"},{"taxonomy":"product_brand","embeddable":true,"href":"https:\/\/www.tendenzeshabbychic.it\/fr\/wp-json\/wp\/v2\/product_brand?post=156127"},{"taxonomy":"product_cat","embeddable":true,"href":"https:\/\/www.tendenzeshabbychic.it\/fr\/wp-json\/wp\/v2\/product_cat?post=156127"},{"taxonomy":"product_tag","embeddable":true,"href":"https:\/\/www.tendenzeshabbychic.it\/fr\/wp-json\/wp\/v2\/product_tag?post=156127"}],"curies":[{"name":"wp","href":"https:\/\/api.w.org\/{rel}","templated":true}]}}