{"id":155709,"date":"2023-01-04T00:00:01","date_gmt":"2023-01-03T23:00:01","guid":{"rendered":"https:\/\/www.tendenzeshabbychic.it\/?post_type=product&#038;p=155709"},"modified":"2025-08-24T16:20:53","modified_gmt":"2025-08-24T15:20:53","slug":"enzo-de-gasperi-branche-avec-12-spheres-rouges-h-53-cm-copia","status":"publish","type":"product","link":"https:\/\/www.tendenzeshabbychic.it\/fr\/produit\/enzo-de-gasperi-branche-avec-12-spheres-rouges-h-53-cm-copia\/","title":{"rendered":"Enzo De Gasperi Branche avec 12 sph\u00e8res argent\u00e9es H 53 cm"},"content":{"rendered":"<p>&nbsp;<\/p>\n\n\t<section class=\"section dark\" id=\"section_936320004\">\n\t\t<div class=\"section-bg fill\" >\n\t\t\t\t\t\t\t\t\t<div class=\"section-bg-overlay absolute fill\"><\/div>\n\t\t\t\n\n\t\t<\/div>\n\n\t\t\n\n\t\t<div class=\"section-content relative\">\n\t\t\t\n\n<div class=\"row align-center\"  id=\"row-1617312928\">\n\n\n\t<div id=\"col-462843768\" class=\"col medium-10 small-12 large-10\"  >\n\t\t\t\t<div class=\"col-inner text-center\"  >\n\t\t\t\n\t\t\t\n\n\t<div id=\"gap-360040614\" class=\"gap-element clearfix\" style=\"display:block; height:auto;\">\n\t\t\n<style>\n#gap-360040614 {\n  padding-top: 10px;\n}\n@media (min-width:550px) {\n  #gap-360040614 {\n    padding-top: 30px;\n  }\n}\n<\/style>\n\t<\/div>\n\t\n\n\t<div id=\"text-2397079587\" class=\"text\">\n\t\t\n\n<h3 class=\"uppercase\" style=\"text-align: center;\">TOUT POUR VOTRE ARBRE DE NO\u00cbL<\/h3>\n<p style=\"text-align: left;\">D\u00e9couvrez les nombreuses d\u00e9corations disponibles, les nombreux mat\u00e9riaux (du verre au bois), les diff\u00e9rents designs et styles.<\/p>\n\t\t\n<style>\n#text-2397079587 {\n  font-size: 1.4rem;\n  text-align: left;\n}\n<\/style>\n\t<\/div>\n\t\n<a href=\"https:\/\/www.tendenzeshabbychic.it\/fr\/categorie-de-produit\/noel\/boules-et-decorations-de-sapin-de-noel\/\" class=\"button white is-outline\" style=\"border-radius:79px;\">\n\t\t<span>\ud83c\udf84 D\u00e9corez votre sapin \ud83c\udf84<\/span>\n\t<\/a>\n\n\n\n\t\t<\/div>\n\t\t\t\t\t<\/div>\n\n\t\n\n<\/div>\n\n\t\t<\/div>\n\n\t\t\n<style>\n#section_936320004 {\n  padding-top: 60px;\n  padding-bottom: 60px;\n  min-height: 300px;\n  background-color: rgb(245, 245, 245);\n}\n#section_936320004 .section-bg-overlay {\n  background-color: rgba(0, 0, 0, 0.5);\n}\n#section_936320004 .section-bg img {\n  object-position: 39% 25%;\n}\n@media (min-width:550px) {\n  #section_936320004 .section-bg-overlay {\n    background-color: rgba(0, 0, 0, 0.378);\n  }\n}\n<\/style>\n\t<\/section>\n\t\n","protected":false},"excerpt":{"rendered":"<p>Branche d\u00e9corative avec 12 boules argent\u00e9es H 53 cm. Ajoutez une touche d&rsquo;\u00e9l\u00e9gance et de lumi\u00e8re \u00e0 vos d\u00e9corations de No\u00ebl avec cette branche d\u00e9corative cr\u00e9\u00e9e par EDG . Fabriqu\u00e9 en plastique de haute qualit\u00e9, il est compos\u00e9 de 12 boules argent\u00e9es brillantes qui refl\u00e8tent la lumi\u00e8re, donnant un effet lumineux et raffin\u00e9. Id\u00e9al pour enrichir les centres de table, les compositions florales, les guirlandes ou pour \u00eatre utilis\u00e9 comme \u00e9l\u00e9ment d\u00e9coratif unique pour une ambiance de No\u00ebl unique.   <\/p>\n","protected":false},"featured_media":155714,"comment_status":"open","ping_status":"closed","template":"","meta":{"_joinchat":[]},"pwb-brand":[776],"product_brand":[],"product_cat":[2465],"product_tag":[],"class_list":{"0":"post-155709","1":"product","2":"type-product","3":"status-publish","4":"has-post-thumbnail","6":"pwb-brand-edg","7":"product_cat-boules-et-decorations-de-sapin-de-noel","9":"first","10":"instock","11":"sale","12":"taxable","13":"shipping-taxable","14":"purchasable","15":"product-type-simple"},"brands":[{"id":1564,"name":"EDG \u2013 Enzo De Gasperi","slug":"edg-fr"}],"_links":{"self":[{"href":"https:\/\/www.tendenzeshabbychic.it\/fr\/wp-json\/wp\/v2\/product\/155709","targetHints":{"allow":["GET"]}}],"collection":[{"href":"https:\/\/www.tendenzeshabbychic.it\/fr\/wp-json\/wp\/v2\/product"}],"about":[{"href":"https:\/\/www.tendenzeshabbychic.it\/fr\/wp-json\/wp\/v2\/types\/product"}],"replies":[{"embeddable":true,"href":"https:\/\/www.tendenzeshabbychic.it\/fr\/wp-json\/wp\/v2\/comments?post=155709"}],"wp:featuredmedia":[{"embeddable":true,"href":"https:\/\/www.tendenzeshabbychic.it\/fr\/wp-json\/wp\/v2\/media\/155714"}],"wp:attachment":[{"href":"https:\/\/www.tendenzeshabbychic.it\/fr\/wp-json\/wp\/v2\/media?parent=155709"}],"wp:term":[{"taxonomy":"pwb-brand","embeddable":true,"href":"https:\/\/www.tendenzeshabbychic.it\/fr\/wp-json\/wp\/v2\/pwb-brand?post=155709"},{"taxonomy":"product_brand","embeddable":true,"href":"https:\/\/www.tendenzeshabbychic.it\/fr\/wp-json\/wp\/v2\/product_brand?post=155709"},{"taxonomy":"product_cat","embeddable":true,"href":"https:\/\/www.tendenzeshabbychic.it\/fr\/wp-json\/wp\/v2\/product_cat?post=155709"},{"taxonomy":"product_tag","embeddable":true,"href":"https:\/\/www.tendenzeshabbychic.it\/fr\/wp-json\/wp\/v2\/product_tag?post=155709"}],"curies":[{"name":"wp","href":"https:\/\/api.w.org\/{rel}","templated":true}]}}