{"id":154512,"date":"2024-09-10T11:16:14","date_gmt":"2024-09-10T09:16:14","guid":{"rendered":"https:\/\/www.tendenzeshabbychic.it\/prodotto\/branche-damaryllis-doree-par-edg-h-80-cm\/"},"modified":"2024-09-10T11:16:14","modified_gmt":"2024-09-10T09:16:14","slug":"branche-damaryllis-doree-par-edg-h-80-cm","status":"publish","type":"product","link":"https:\/\/www.tendenzeshabbychic.it\/fr\/produit\/branche-damaryllis-doree-par-edg-h-80-cm\/","title":{"rendered":"Branche d&rsquo;Amaryllis dor\u00e9e par EDG H 80 cm"},"content":{"rendered":"<p><strong>Comment l&rsquo;utiliser pour cr\u00e9er des compositions fantastiques :<\/strong> La branche d&rsquo;Amaryllis \u00e0 tige dor\u00e9e est parfaite pour ajouter une touche d&rsquo;\u00e9l\u00e9gance et de raffinement \u00e0 vos d\u00e9corations florales. Voici quelques id\u00e9es sur la fa\u00e7on de l\u2019utiliser :   <\/p>\n<ol>\n<li><strong>Centre de table \u00e9l\u00e9gant :<\/strong>\n<ul>\n<li>Utilisez la branche d&rsquo;Amaryllis comme pi\u00e8ce ma\u00eetresse dans un grand vase pour cr\u00e9er une pi\u00e8ce ma\u00eetresse raffin\u00e9e.<\/li>\n<li>Associez-le \u00e0 des fleurs blanches, vertes et dor\u00e9es pour un effet harmonieux et festif.<\/li>\n<\/ul>\n<\/li>\n<li><strong>D\u00e9corations de No\u00ebl&nbsp;:<\/strong>\n<ul>\n<li>Ajoutez la branche d&rsquo;Amaryllis \u00e0 vos couronnes de No\u00ebl pour une touche d&rsquo;\u00e9l\u00e9gance suppl\u00e9mentaire.<\/li>\n<li>Incorporez la branche dans vos d\u00e9corations de sapin de No\u00ebl pour un look sophistiqu\u00e9.<\/li>\n<\/ul>\n<\/li>\n<li><strong>Bouquets de f\u00eate&nbsp;:<\/strong>\n<ul>\n<li>Cr\u00e9ez un bouquet festif en utilisant la branche d&rsquo;Amaryllis avec d&rsquo;autres fleurs blanches et dor\u00e9es.<\/li>\n<li>Ajoutez des rubans dor\u00e9s pour compl\u00e9ter l&rsquo;effet luxueux.<\/li>\n<\/ul>\n<\/li>\n<li><strong>D\u00e9corations pour \u00e9v\u00e9nements sp\u00e9ciaux&nbsp;:<\/strong>\n<ul>\n<li>Utilisez la branche d&rsquo;Amaryllis dans les d\u00e9corations de mariages, d\u00eeners de gala ou autres occasions sp\u00e9ciales.<\/li>\n<li>Placez-le dans des vases transparents ou dor\u00e9s pour un look \u00e9l\u00e9gant et moderne.<\/li>\n<\/ul>\n<\/li>\n<li><strong>Am\u00e9nagements de la maison&nbsp;:<\/strong>\n<ul>\n<li>Placez la branche d&rsquo;Amaryllis dans diff\u00e9rents coins de votre maison pour ajouter une touche de sophistication.<\/li>\n<li>Combinez-le avec d&rsquo;autres branches et fleurs artificielles pour cr\u00e9er des arrangements personnalis\u00e9s.<\/li>\n<\/ul>\n<\/li>\n<\/ol>\n<p>  Ces branches d&rsquo;Amaryllis sont polyvalentes et peuvent \u00eatre utilis\u00e9es de multiples fa\u00e7ons pour rehausser l&rsquo;apparence de vos d\u00e9corations, les rendant plus \u00e9l\u00e9gantes et sophistiqu\u00e9es en toute occasion.  \n\t<section class=\"section linkified dark\" id=\"section_1365620628\">\n\t\t<div class=\"section-bg fill\" >\n\t\t\t<img loading=\"lazy\" decoding=\"async\" width=\"800\" height=\"213\" src=\"https:\/\/www.tendenzeshabbychic.it\/wp-content\/uploads\/2021\/09\/natale-hero-1-800x213.jpg\" class=\"bg attachment-medium size-medium\" alt=\"\" \/>\t\t\t\t\t\t<div class=\"section-bg-overlay absolute fill\"><\/div>\n\t\t\t\n\n\t\t<\/div>\n\n\t\t\n\n\t\t<div class=\"section-content relative\">\n\t\t\t\n\n<div class=\"row\"  id=\"row-227954795\">\n\n\n\t<div id=\"col-1657381128\" class=\"col small-12 large-12\"  >\n\t\t\t\t<div class=\"col-inner text-center\"  >\n\t\t\t\n\t\t\t\n\n<h3><span style=\"font-size: 180%;\">No\u00ebl<\/span><\/h3>\n<p>D\u00e9couvrez la large s\u00e9lection de produits pour d\u00e9corer votre maison pour No\u00ebl.<\/p>\n<a href=\"https:\/\/www.tendenzeshabbychic.it\/fr\/categorie-de-produit\/noel\/\" class=\"button alert is-shade box-shadow-3 box-shadow-5-hover\" style=\"border-radius:5px;\">\n\t\t<span>Cliquez ici<\/span>\n\t<\/a>\n\n\n\n\t\t<\/div>\n\t\t\t\t\t<\/div>\n\n\t\n\n<\/div>\n\n\t\t<\/div>\n\n\t\t\n<style>\n#section_1365620628 {\n  padding-top: 12px;\n  padding-bottom: 12px;\n}\n#section_1365620628 .section-bg-overlay {\n  background-color: rgba(0, 0, 0, 0.419);\n}\n#section_1365620628 .section-bg img {\n  object-position: 21% 51%;\n}\n@media (min-width:550px) {\n  #section_1365620628 {\n    padding-top: 57px;\n    padding-bottom: 57px;\n  }\n}\n<\/style>\n\t<\/section>\n\t\n","protected":false},"excerpt":{"rendered":"<p>La branche d&rsquo;Amaryllis d&rsquo; EDG avec tige et bourgeon dor\u00e9s est un ajout charmant et sophistiqu\u00e9 \u00e0 vos compositions florales. Mesurant <strong>80 cm de haut<\/strong> , cette branche artificielle est fabriqu\u00e9e \u00e0 partir de plastique de haute qualit\u00e9 et pr\u00e9sente des d\u00e9tails r\u00e9alistes, ce qui la rend id\u00e9ale pour des d\u00e9corations \u00e9l\u00e9gantes en toute saison. <strong>D\u00e9tails du produit&nbsp;:<\/strong> <\/p>\n<ul>\n<li><strong>Hauteur :<\/strong> 80cm<\/li>\n<li><strong>Couleur :<\/strong> Blanc avec tige dor\u00e9e<\/li>\n<li><strong>Mat\u00e9riel:<\/strong> Plastique<\/li>\n<li><strong>Marque :<\/strong> EDG Enzo De Gasperi<\/li>\n<\/ul>\n","protected":false},"featured_media":147875,"comment_status":"open","ping_status":"closed","template":"","meta":{"_joinchat":[]},"pwb-brand":[1564],"product_brand":[],"product_cat":[1467],"product_tag":[],"class_list":{"0":"post-154512","1":"product","2":"type-product","3":"status-publish","4":"has-post-thumbnail","6":"pwb-brand-edg-fr","7":"product_cat-fleurs-et-plantes-artificielles","8":"pa_colore-blanc","9":"pa_colore-or","11":"first","12":"instock","13":"sale","14":"taxable","15":"shipping-taxable","16":"purchasable","17":"product-type-simple"},"brands":[{"id":1564,"name":"EDG \u2013 Enzo De Gasperi","slug":"edg-fr"}],"_links":{"self":[{"href":"https:\/\/www.tendenzeshabbychic.it\/fr\/wp-json\/wp\/v2\/product\/154512","targetHints":{"allow":["GET"]}}],"collection":[{"href":"https:\/\/www.tendenzeshabbychic.it\/fr\/wp-json\/wp\/v2\/product"}],"about":[{"href":"https:\/\/www.tendenzeshabbychic.it\/fr\/wp-json\/wp\/v2\/types\/product"}],"replies":[{"embeddable":true,"href":"https:\/\/www.tendenzeshabbychic.it\/fr\/wp-json\/wp\/v2\/comments?post=154512"}],"wp:featuredmedia":[{"embeddable":true,"href":"https:\/\/www.tendenzeshabbychic.it\/fr\/wp-json\/wp\/v2\/media\/147875"}],"wp:attachment":[{"href":"https:\/\/www.tendenzeshabbychic.it\/fr\/wp-json\/wp\/v2\/media?parent=154512"}],"wp:term":[{"taxonomy":"pwb-brand","embeddable":true,"href":"https:\/\/www.tendenzeshabbychic.it\/fr\/wp-json\/wp\/v2\/pwb-brand?post=154512"},{"taxonomy":"product_brand","embeddable":true,"href":"https:\/\/www.tendenzeshabbychic.it\/fr\/wp-json\/wp\/v2\/product_brand?post=154512"},{"taxonomy":"product_cat","embeddable":true,"href":"https:\/\/www.tendenzeshabbychic.it\/fr\/wp-json\/wp\/v2\/product_cat?post=154512"},{"taxonomy":"product_tag","embeddable":true,"href":"https:\/\/www.tendenzeshabbychic.it\/fr\/wp-json\/wp\/v2\/product_tag?post=154512"}],"curies":[{"name":"wp","href":"https:\/\/api.w.org\/{rel}","templated":true}]}}