{"id":154477,"date":"2025-08-04T15:20:07","date_gmt":"2025-08-04T14:20:07","guid":{"rendered":"https:\/\/www.tendenzeshabbychic.it\/prodotto\/diffuseur-de-roseaux-sapin-de-noel-edg-collection-joyful-musky-60-ml\/"},"modified":"2025-07-31T17:14:23","modified_gmt":"2025-07-31T16:14:23","slug":"diffuseur-de-roseaux-sapin-de-noel-edg-collection-joyful-musky-60-ml","status":"publish","type":"product","link":"https:\/\/www.tendenzeshabbychic.it\/fr\/produit\/diffuseur-de-roseaux-sapin-de-noel-edg-collection-joyful-musky-60-ml\/","title":{"rendered":"Diffuseur de roseaux sapin de No\u00ebl EDG collection JOYFUL Musky 60 ml"},"content":{"rendered":"<p>Plongez dans l&rsquo;esprit de No\u00ebl avec cet \u00e9l\u00e9gant diffuseur de la collection JOYFUL d&rsquo;EDG, parfum\u00e9e \u00e0 la cannelle. Avec ses b\u00e2tonnets rouges et ses paillettes dor\u00e9es, ce diffuseur ne se contente pas de parfumer la pi\u00e8ce, il ajoute aussi une touche de glamour festif. <\/p>\n<p><strong>Caract\u00e9ristiques:<\/strong><\/p>\n<ul>\n<li><strong>Mat\u00e9riau de haute qualit\u00e9 :<\/strong> fabriqu\u00e9 en verre vert, assure une durabilit\u00e9 et un look luxueux.<\/li>\n<li><strong>Design festif :<\/strong> forme de pin avec b\u00e2tons rouges et paillettes dor\u00e9es, enrichi de boules d\u00e9coratives rouges.<\/li>\n<li><strong>Contenance g\u00e9n\u00e9reuse :<\/strong> 60 ml de parfum pour une diffusion longue dur\u00e9e et agr\u00e9able.<\/li>\n<\/ul>\n<p><strong>Pourquoi l&rsquo;acheter&nbsp;:<\/strong><\/p>\n<ul>\n<li><strong>Luxe et style :<\/strong> EDG est synonyme de qualit\u00e9 sup\u00e9rieure et de design \u00e9l\u00e9gant, parfait pour ceux qui souhaitent une touche de raffinement dans leur maison.<\/li>\n<li><strong>Ambiance de No\u00ebl :<\/strong> Id\u00e9al pour cr\u00e9er une atmosph\u00e8re chaleureuse et festive \u00e0 No\u00ebl, rendant n&rsquo;importe quel espace plus accueillant.<\/li>\n<li><strong>Cadeau parfait :<\/strong> emball\u00e9 dans un coffret cadeau d\u00e9coratif, c&rsquo;est une fantastique id\u00e9e de cadeau pour les amis et la famille.<\/li>\n<\/ul>\n<p><strong>Conseils d&rsquo;utilisation&nbsp;:<\/strong><\/p>\n<ul>\n<li><strong>Comment l&rsquo;utiliser :<\/strong> Placez-le dans le salon, sur la table \u00e0 manger ou dans la chambre pour diffuser un parfum enveloppant et festif.<\/li>\n<li><strong>Quand l&rsquo;utiliser :<\/strong> Parfait pendant les vacances de No\u00ebl pour cr\u00e9er un environnement accueillant et parfum\u00e9.<\/li>\n<li><strong>O\u00f9 l&rsquo;utiliser :<\/strong> Id\u00e9al pour n&rsquo;importe quelle pi\u00e8ce de la maison, du salon \u00e0 la salle \u00e0 manger, ajoutant une touche de luxe partout.<\/li>\n<\/ul>\n\n\t<section class=\"section linkified dark\" id=\"section_908674988\">\n\t\t<div class=\"section-bg fill\" >\n\t\t\t<img loading=\"lazy\" decoding=\"async\" width=\"800\" height=\"213\" src=\"https:\/\/www.tendenzeshabbychic.it\/wp-content\/uploads\/2021\/09\/natale-hero-1-800x213.jpg\" class=\"bg attachment-medium size-medium\" alt=\"\" \/>\t\t\t\t\t\t<div class=\"section-bg-overlay absolute fill\"><\/div>\n\t\t\t\n\n\t\t<\/div>\n\n\t\t\n\n\t\t<div class=\"section-content relative\">\n\t\t\t\n\n<div class=\"row\"  id=\"row-631653512\">\n\n\n\t<div id=\"col-1206658167\" class=\"col small-12 large-12\"  >\n\t\t\t\t<div class=\"col-inner text-center\"  >\n\t\t\t\n\t\t\t\n\n<h3><span style=\"font-size: 180%;\">No\u00ebl<\/span><\/h3>\n<p>D\u00e9couvrez la large s\u00e9lection de produits pour d\u00e9corer votre maison pour No\u00ebl.<\/p>\n<a href=\"https:\/\/www.tendenzeshabbychic.it\/fr\/categorie-de-produit\/noel\/\" class=\"button alert is-shade box-shadow-3 box-shadow-5-hover\" style=\"border-radius:5px;\">\n\t\t<span>Cliquez ici<\/span>\n\t<\/a>\n\n\n\n\t\t<\/div>\n\t\t\t\t\t<\/div>\n\n\t\n\n<\/div>\n\n\t\t<\/div>\n\n\t\t\n<style>\n#section_908674988 {\n  padding-top: 12px;\n  padding-bottom: 12px;\n}\n#section_908674988 .section-bg-overlay {\n  background-color: rgba(0, 0, 0, 0.419);\n}\n#section_908674988 .section-bg img {\n  object-position: 21% 51%;\n}\n@media (min-width:550px) {\n  #section_908674988 {\n    padding-top: 57px;\n    padding-bottom: 57px;\n  }\n}\n<\/style>\n\t<\/section>\n\t\n","protected":false},"excerpt":{"rendered":"<p>\u2728 <strong>Diffuseur d&rsquo;ambiance en forme de pin Collection JOYFUL par EDG musc<\/strong> &#8211; Un \u00e9l\u00e9gant diffuseur de No\u00ebl en forme de pin en verre vert, parfait pour ajouter une touche festive \u00e0 votre int\u00e9rieur. Id\u00e9al pour cr\u00e9er une atmosph\u00e8re chaleureuse et parfum\u00e9e pendant les f\u00eates de fin d&rsquo;ann\u00e9e. <\/p>\n<div class=\"row\"  id=\"row-524533654\">\n\n\n\t<div id=\"col-275061\" class=\"col medium-12 small-12 large-6\"  >\n\t\t\t\t<div class=\"col-inner\"  >\n\t\t\t\n\t\t\t\n\n<h2>Black Forest<\/h2>\n<p>For\u00eat Noire est un parfum d'ambiance au caract\u00e8re enivrant et enveloppant. Au sein de son bouquet aromatique, les notes de bergamote, de fruits rouges, de fleurs de lilas et de violette se soulignent par des notes de fond de c\u00e8dre, de patchouli et de vanille. Le parfum \u00e9voque des atmosph\u00e8res bois\u00e9es romantiques.<\/p>\n<p><strong>BOUQUET<\/strong><br>\nFRAIS, AGRUMES, VERTS ET BOIS\u00c9S<\/p>\n<ul>\n<li>Notes de t\u00eate : <strong>Bergamote, Fruits rouges et Algues<\/strong><\/li>\n<li>Notes de c\u0153ur : <strong>violette, lilas, ch\u00e8vrefeuille, galbanum et pin de Sib\u00e9rie<\/strong><\/li>\n<li>Notes de fond : <strong>Vanille, Bois de C\u00e8dre, Musc et Patchouli<\/strong><\/li>\n<\/ul>\n<p><span style=\"font-size: 75%;\">Un parfum original cr\u00e9\u00e9 par <strong><a href=\"\/?pwb-brand=edg-fr\">EDG Enzo de Gasperi<\/a> .<\/strong><\/span><\/p>\n\n\t\t<\/div>\n\t\t\t\t\t<\/div>\n\n\t\n\n\t<div id=\"col-1994622693\" class=\"col medium-12 small-12 large-6\"  >\n\t\t\t\t<div class=\"col-inner\"  >\n\t\t\t\n\t\t\t\n\n\t<div class=\"img has-hover x md-x lg-x y md-y lg-y\" id=\"image_313660448\">\n\t\t\t\t\t\t\t\t<div class=\"img-inner dark\" >\n\t\t\t<img width=\"800\" height=\"800\" src=\"https:\/\/www.tendenzeshabbychic.it\/wp-content\/uploads\/2024\/07\/piramide-olfattiva-black-forest-800x800.jpg\" class=\"attachment-large size-large\" alt=\"\" decoding=\"async\" loading=\"lazy\" srcset=\"https:\/\/www.tendenzeshabbychic.it\/wp-content\/uploads\/2024\/07\/piramide-olfattiva-black-forest-800x800.jpg 800w, https:\/\/www.tendenzeshabbychic.it\/wp-content\/uploads\/2024\/07\/piramide-olfattiva-black-forest-500x500.jpg 500w, https:\/\/www.tendenzeshabbychic.it\/wp-content\/uploads\/2024\/07\/piramide-olfattiva-black-forest-100x100.jpg 100w, https:\/\/www.tendenzeshabbychic.it\/wp-content\/uploads\/2024\/07\/piramide-olfattiva-black-forest-64x64.jpg 64w, https:\/\/www.tendenzeshabbychic.it\/wp-content\/uploads\/2024\/07\/piramide-olfattiva-black-forest-400x400.jpg 400w, https:\/\/www.tendenzeshabbychic.it\/wp-content\/uploads\/2024\/07\/piramide-olfattiva-black-forest-280x280.jpg 280w, https:\/\/www.tendenzeshabbychic.it\/wp-content\/uploads\/2024\/07\/piramide-olfattiva-black-forest-768x768.jpg 768w, https:\/\/www.tendenzeshabbychic.it\/wp-content\/uploads\/2024\/07\/piramide-olfattiva-black-forest.jpg 1000w\" sizes=\"auto, (max-width: 800px) 100vw, 800px\" \/>\t\t\t\t\t\t\n\t\t\t\t\t<\/div>\n\t\t\t\t\t\t\t\t\n<style>\n#image_313660448 {\n  width: 100%;\n}\n<\/style>\n\t<\/div>\n\t\n\n\n\t\t<\/div>\n\t\t\t\t\t<\/div>\n\n\t\n\n<\/div>\n<p>\ud83d\udccf <strong>Dimensions :<\/strong><\/p>\n<ul>\n<li>Hauteur : 10,5 cm<\/li>\n<li>Quantit\u00e9 : 60 ml<\/li>\n<\/ul>\n<p>&nbsp;<\/p>\n","protected":false},"featured_media":148441,"comment_status":"open","ping_status":"closed","template":"","meta":{"_joinchat":[]},"pwb-brand":[776],"product_brand":[],"product_cat":[1517,1503],"product_tag":[523],"class_list":{"0":"post-154477","1":"product","2":"type-product","3":"status-publish","4":"has-post-thumbnail","6":"pwb-brand-edg","7":"product_cat-diffuseurs-en-baton","8":"product_cat-noel","9":"product_tag-idea-regalo","11":"first","12":"outofstock","13":"sale","14":"taxable","15":"shipping-taxable","16":"purchasable","17":"product-type-simple"},"brands":[{"id":1564,"name":"EDG \u2013 Enzo De Gasperi","slug":"edg-fr"}],"_links":{"self":[{"href":"https:\/\/www.tendenzeshabbychic.it\/fr\/wp-json\/wp\/v2\/product\/154477","targetHints":{"allow":["GET"]}}],"collection":[{"href":"https:\/\/www.tendenzeshabbychic.it\/fr\/wp-json\/wp\/v2\/product"}],"about":[{"href":"https:\/\/www.tendenzeshabbychic.it\/fr\/wp-json\/wp\/v2\/types\/product"}],"replies":[{"embeddable":true,"href":"https:\/\/www.tendenzeshabbychic.it\/fr\/wp-json\/wp\/v2\/comments?post=154477"}],"wp:featuredmedia":[{"embeddable":true,"href":"https:\/\/www.tendenzeshabbychic.it\/fr\/wp-json\/wp\/v2\/media\/148441"}],"wp:attachment":[{"href":"https:\/\/www.tendenzeshabbychic.it\/fr\/wp-json\/wp\/v2\/media?parent=154477"}],"wp:term":[{"taxonomy":"pwb-brand","embeddable":true,"href":"https:\/\/www.tendenzeshabbychic.it\/fr\/wp-json\/wp\/v2\/pwb-brand?post=154477"},{"taxonomy":"product_brand","embeddable":true,"href":"https:\/\/www.tendenzeshabbychic.it\/fr\/wp-json\/wp\/v2\/product_brand?post=154477"},{"taxonomy":"product_cat","embeddable":true,"href":"https:\/\/www.tendenzeshabbychic.it\/fr\/wp-json\/wp\/v2\/product_cat?post=154477"},{"taxonomy":"product_tag","embeddable":true,"href":"https:\/\/www.tendenzeshabbychic.it\/fr\/wp-json\/wp\/v2\/product_tag?post=154477"}],"curies":[{"name":"wp","href":"https:\/\/api.w.org\/{rel}","templated":true}]}}