{"id":154045,"date":"2025-08-01T01:00:01","date_gmt":"2025-07-31T23:00:01","guid":{"rendered":"https:\/\/www.tendenzeshabbychic.it\/prodotto\/service-de-table-en-porcelaine-pour-6-personnes-collection-cartolina-di-natale\/"},"modified":"2024-09-04T12:54:46","modified_gmt":"2024-09-04T10:54:46","slug":"service-de-table-en-porcelaine-pour-6-personnes-collection-cartolina-di-natale","status":"publish","type":"product","link":"https:\/\/www.tendenzeshabbychic.it\/fr\/produit\/service-de-table-en-porcelaine-pour-6-personnes-collection-cartolina-di-natale\/","title":{"rendered":"Service de table en porcelaine pour 6 personnes Collection Cartolina di Natale"},"content":{"rendered":"<p><strong>Caract\u00e9ristiques du produit&nbsp;:<\/strong><\/p>\n<ul>\n<li><strong>Mat\u00e9riau :<\/strong> porcelaine de haute qualit\u00e9<\/li>\n<li><strong>Design :<\/strong> Motif tartan raffin\u00e9 rouge et vert qui \u00e9voque l&rsquo;ambiance de No\u00ebl<\/li>\n<li><strong>Emballage :<\/strong> Livr\u00e9 dans une bo\u00eete \u00e9l\u00e9gante, \u00e9galement id\u00e9ale pour un cadeau sophistiqu\u00e9<\/li>\n<\/ul>\n<p><strong>Utilisations et occasions :<\/strong> Cet ensemble d&rsquo;assiettes est id\u00e9al pour toutes les occasions festives, des d\u00e9jeuners de No\u00ebl aux d\u00eeners de r\u00e9veillon du Nouvel An, et peut \u00e9galement \u00eatre utilis\u00e9 pour ajouter une touche d&rsquo;\u00e9l\u00e9gance \u00e0 vos tables pendant l&rsquo;hiver. Sa polyvalence le rend parfait pour servir les entr\u00e9es, les plats principaux et les desserts, offrant une pr\u00e9sentation impeccable pour chaque plat. <strong>Entretien et soins :<\/strong> fabriqu\u00e9es en porcelaine durable, ces assiettes sont faciles \u00e0 nettoyer et peuvent \u00eatre lav\u00e9es au lave-vaisselle, assurant un entretien rapide et facile. Nous vous recommandons d&rsquo;\u00e9viter l&rsquo;utilisation de nettoyants abrasifs pour pr\u00e9server la brillance et l&rsquo;int\u00e9grit\u00e9 du design. Ajoutez ce service de table \u00e0 votre collection de No\u00ebl et transformez chaque repas en un \u00e9v\u00e9nement sp\u00e9cial. La collection Cartolina di Natale Nuvole di Stoffa d\u00e9core non seulement votre table mais cr\u00e9e \u00e9galement de pr\u00e9cieux souvenirs avec vos proches.      \n  <div class=\"banner has-hover\" id=\"banner-67851460\">\n          <div class=\"banner-inner fill\">\n        <div class=\"banner-bg fill\" >\n                                    <div class=\"overlay\"><\/div>            \n                    <\/div>\n\t\t\n        <div class=\"banner-layers container\">\n            <div class=\"fill banner-link\"><\/div>            \n\n   <div id=\"text-box-1359118192\" class=\"text-box banner-layer x50 md-x50 lg-x50 y50 md-y50 lg-y50 res-text\">\n                                <div class=\"text-box-content text dark\">\n              \n              <div class=\"text-inner text-center\">\n                  \n\n\t<div id=\"text-983052872\" class=\"text\">\n\t\t\n\n<h2 class=\"uppercase\" style=\"text-align: center;\"><span style=\"font-size: 120%;\"><strong>  CARTE DE NO\u00cbL<\/strong><\/span><\/h2>\n<p style=\"text-align: center;\"><span style=\"font-size: 300%;\">D\u00e9couvrez toute la collection<\/span><\/p>\n\t\t\n<style>\n#text-983052872 {\n  font-size: 0.75rem;\n  line-height: 1.15;\n}\n<\/style>\n\t<\/div>\n\t\n<a href=\"https:\/\/www.tendenzeshabbychic.it\/fr\/Etiquette-produit\/collection-de-cartes-de-noel\/\" class=\"button white is-larger box-shadow-1 box-shadow-1-hover\" >\n\t\t<span>CLIQUEZ ICI<\/span>\n\t<\/a>\n\n\n\n              <\/div>\n           <\/div>\n                            \n<style>\n#text-box-1359118192 {\n  width: 95%;\n}\n#text-box-1359118192 .text-box-content {\n  font-size: 100%;\n}\n@media (min-width:550px) {\n  #text-box-1359118192 {\n    width: 79%;\n  }\n}\n<\/style>\n    <\/div>\n \n\n        <\/div>\n      <\/div>\n\n            \n<style>\n#banner-67851460 {\n  padding-top: 550px;\n}\n#banner-67851460 .overlay {\n  background-color: rgba(0, 0, 0, 0.267);\n}\n#banner-67851460 .banner-bg img {\n  object-position: 48% 54%;\n}\n@media (min-width:550px) {\n  #banner-67851460 {\n    padding-top: 500px;\n  }\n}\n@media (min-width:850px) {\n  #banner-67851460 {\n    padding-top: 750px;\n  }\n}\n<\/style>\n  <\/div>\n\n\n<p>&nbsp;<\/p>\n\n\t<section class=\"section linkified dark\" id=\"section_302378811\">\n\t\t<div class=\"section-bg fill\" >\n\t\t\t<img loading=\"lazy\" decoding=\"async\" width=\"800\" height=\"213\" src=\"https:\/\/www.tendenzeshabbychic.it\/wp-content\/uploads\/2021\/09\/natale-hero-1-800x213.jpg\" class=\"bg attachment-medium size-medium\" alt=\"\" \/>\t\t\t\t\t\t<div class=\"section-bg-overlay absolute fill\"><\/div>\n\t\t\t\n\n\t\t<\/div>\n\n\t\t\n\n\t\t<div class=\"section-content relative\">\n\t\t\t\n\n<div class=\"row\"  id=\"row-1991985197\">\n\n\n\t<div id=\"col-245118972\" class=\"col small-12 large-12\"  >\n\t\t\t\t<div class=\"col-inner text-center\"  >\n\t\t\t\n\t\t\t\n\n<h3><span style=\"font-size: 180%;\">No\u00ebl<\/span><\/h3>\n<p>D\u00e9couvrez la large s\u00e9lection de produits pour d\u00e9corer votre maison pour No\u00ebl.<\/p>\n<a href=\"https:\/\/www.tendenzeshabbychic.it\/fr\/categorie-de-produit\/noel\/\" class=\"button alert is-shade box-shadow-3 box-shadow-5-hover\" style=\"border-radius:5px;\">\n\t\t<span>Cliquez ici<\/span>\n\t<\/a>\n\n\n\n\t\t<\/div>\n\t\t\t\t\t<\/div>\n\n\t\n\n<\/div>\n\n\t\t<\/div>\n\n\t\t\n<style>\n#section_302378811 {\n  padding-top: 12px;\n  padding-bottom: 12px;\n}\n#section_302378811 .section-bg-overlay {\n  background-color: rgba(0, 0, 0, 0.419);\n}\n#section_302378811 .section-bg img {\n  object-position: 21% 51%;\n}\n@media (min-width:550px) {\n  #section_302378811 {\n    padding-top: 57px;\n    padding-bottom: 57px;\n  }\n}\n<\/style>\n\t<\/section>\n\t\n","protected":false},"excerpt":{"rendered":"<p>Apportez la f\u00e9erie de No\u00ebl \u00e0 votre table avec le service de vaisselle en porcelaine de la collection Cartolina di Natale , r\u00e9alis\u00e9e par la c\u00e9l\u00e8bre marque <a href=\"https:\/\/www.tendenzeshabbychic.it\/brand\/nuvole-di-stoffa\/\">Nuvole di Stoffa<\/a> . Cet \u00e9l\u00e9gant ensemble est con\u00e7u pour ajouter une touche de magie et de chaleur \u00e0 vos d\u00eeners de f\u00eate, faisant de chaque repas une exp\u00e9rience inoubliable.   <\/p>\n<ul>\n<li>6 assiettes creuses : 21,6 x 10,3 x 3 cm<\/li>\n<li>6 assiettes plates : 26,7 x 16,2 x 1,7 cm<\/li>\n<li>6 assiettes sucr\u00e9es\/fruits : 20,3 x 12,3 x 1,7 cm<\/li>\n<\/ul>\n<p>  L&rsquo;ensemble de vaisselle pr\u00e9sente un motif tartan classique et intemporel, parfait pour ajouter une touche de tradition \u00e0 vos c\u00e9l\u00e9brations de No\u00ebl. La palette de couleurs festives rouge et vert est accentu\u00e9e par des lignes \u00e9pur\u00e9es et une bordure \u00e9l\u00e9gante qui encadre chaque assiette, cr\u00e9ant un look harmonieux et festif. &nbsp;<\/p>\n<p><iframe loading=\"lazy\" title=\"YouTube video player\" src=\"https:\/\/www.youtube.com\/embed\/jr2ermTzank\" width=\"540\" height=\"960\" frameborder=\"0\" allowfullscreen=\"allowfullscreen\"><\/iframe><\/p>\n","protected":false},"featured_media":144158,"comment_status":"open","ping_status":"closed","template":"","meta":{"_joinchat":[]},"pwb-brand":[1563],"product_brand":[],"product_cat":[1528,1503],"product_tag":[2916,2983,1296,2844,1317],"class_list":{"0":"post-154045","1":"product","2":"type-product","3":"status-publish","4":"has-post-thumbnail","6":"pwb-brand-nuvole-di-stoffa-fr","7":"product_cat-arts-de-la-table","8":"product_cat-noel","9":"product_tag-ceramique-et-porcelaine","10":"product_tag-collection-de-cartes-de-noel","11":"product_tag-idee-de-cadeau","12":"product_tag-salle-a-manger","13":"product_tag-tartan-fr","15":"first","16":"instock","17":"sale","18":"taxable","19":"shipping-taxable","20":"purchasable","21":"product-type-simple"},"brands":[{"id":1563,"name":"Nuvole di Stoffa","slug":"nuvole-di-stoffa-fr"}],"_links":{"self":[{"href":"https:\/\/www.tendenzeshabbychic.it\/fr\/wp-json\/wp\/v2\/product\/154045","targetHints":{"allow":["GET"]}}],"collection":[{"href":"https:\/\/www.tendenzeshabbychic.it\/fr\/wp-json\/wp\/v2\/product"}],"about":[{"href":"https:\/\/www.tendenzeshabbychic.it\/fr\/wp-json\/wp\/v2\/types\/product"}],"replies":[{"embeddable":true,"href":"https:\/\/www.tendenzeshabbychic.it\/fr\/wp-json\/wp\/v2\/comments?post=154045"}],"wp:featuredmedia":[{"embeddable":true,"href":"https:\/\/www.tendenzeshabbychic.it\/fr\/wp-json\/wp\/v2\/media\/144158"}],"wp:attachment":[{"href":"https:\/\/www.tendenzeshabbychic.it\/fr\/wp-json\/wp\/v2\/media?parent=154045"}],"wp:term":[{"taxonomy":"pwb-brand","embeddable":true,"href":"https:\/\/www.tendenzeshabbychic.it\/fr\/wp-json\/wp\/v2\/pwb-brand?post=154045"},{"taxonomy":"product_brand","embeddable":true,"href":"https:\/\/www.tendenzeshabbychic.it\/fr\/wp-json\/wp\/v2\/product_brand?post=154045"},{"taxonomy":"product_cat","embeddable":true,"href":"https:\/\/www.tendenzeshabbychic.it\/fr\/wp-json\/wp\/v2\/product_cat?post=154045"},{"taxonomy":"product_tag","embeddable":true,"href":"https:\/\/www.tendenzeshabbychic.it\/fr\/wp-json\/wp\/v2\/product_tag?post=154045"}],"curies":[{"name":"wp","href":"https:\/\/api.w.org\/{rel}","templated":true}]}}