{"id":151121,"date":"2025-08-06T14:05:21","date_gmt":"2025-08-06T12:05:21","guid":{"rendered":"https:\/\/www.tendenzeshabbychic.it\/prodotto\/chez-moi-rideau-draperie-etoile-argile-150x300\/"},"modified":"2024-10-14T20:28:40","modified_gmt":"2024-10-14T18:28:40","slug":"chez-moi-rideau-draperie-etoile-argile-150x300","status":"publish","type":"product","link":"https:\/\/www.tendenzeshabbychic.it\/fr\/produit\/chez-moi-rideau-draperie-etoile-argile-150x300\/","title":{"rendered":"Chez Moi Rideau Draperie Etoile Argile 150&#215;300"},"content":{"rendered":"<p><strong>Caract\u00e9ristiques principales:<\/strong><\/p>\n<ul>\n<li><strong>Dimensions :<\/strong> L 150 x H 300 cm<\/li>\n<li><strong>Mati\u00e8re :<\/strong> dentelle corinthienne et coton de haute qualit\u00e9<\/li>\n<li><strong>Conception&nbsp;:<\/strong> dentelle corinzio sur deux c\u00f4t\u00e9s et bande centrale en coton<\/li>\n<li><strong>Couleur :<\/strong> Argile, pour un look \u00e9l\u00e9gant et polyvalent<\/li>\n<li><strong>Production&nbsp;:<\/strong>&nbsp;fait \u00e0 la main en Italie<\/li>\n<li><strong>Installation&nbsp;:<\/strong>&nbsp;boucle dissimul\u00e9e unique avec n\u0153uds papillons<\/li>\n<\/ul>\n<p><strong>Une touche d&rsquo;\u00e9l\u00e9gance italienne :<\/strong> le rideau drap\u00e9 Etoile Argilla de Chez Moi est parfait pour ajouter une touche d&rsquo;\u00e9l\u00e9gance et de luxe italiens \u00e0 votre maison. Son design unique et ses mat\u00e9riaux de haute qualit\u00e9 le rendent id\u00e9al pour les salons, les chambres ou tout espace n\u00e9cessitant une touche de sophistication. <strong>Facile \u00e0 installer :<\/strong> gr\u00e2ce \u00e0 la boucle r\u00e9tractable unique et aux attaches, vous pouvez cr\u00e9er des n\u0153uds romantiques, ce rideau est facile \u00e0 installer et \u00e0 retirer, offrant une praticit\u00e9 sans compromettre le style. <strong>Fait main :<\/strong> Chaque rideau est fabriqu\u00e9 \u00e0 la main en Italie, garantissant un produit luxueux et de haute qualit\u00e9 qui durera dans le temps. Ajoutez d\u00e8s maintenant le rideau de draperie Etoile Argilla de Chez Moi \u00e0 votre panier et transformez votre maison avec l&rsquo;\u00e9l\u00e9gance et le luxe du design italien ! <\/p>\n","protected":false},"excerpt":{"rendered":"<p><strong>Ajoutez une touche de luxe italien \u00e0 votre maison avec le rideau drap\u00e9 Etoile Argilla de Chez Moi .<\/strong><\/p>\n<p>Cet \u00e9l\u00e9gant rideau, fabriqu\u00e9 \u00e0 la main en Italie, allie la beaut\u00e9 de dentelle corinzio \u00e0 la praticit\u00e9 du coton.<\/p>\n<p>\ud83d\udccf <strong>Dimensions :<\/strong><\/p>\n<ul>\n<li>Largeur 150 cm<\/li>\n<li>Hauteur 300 cm<\/li>\n<\/ul>\n<p>Le design raffin\u00e9 pr\u00e9sente deux c\u00f4t\u00e9s dentelle corinzio et une rayure centrale en coton, cr\u00e9ant un \u00e9quilibre parfait entre transparence et intimit\u00e9. Dot\u00e9 d&rsquo;une boucle dissimul\u00e9e unique et de n\u0153uds papillons, ce rideau est facile \u00e0 installer et apporte un look sophistiqu\u00e9 \u00e0 n&rsquo;importe quelle pi\u00e8ce. <\/p>\n","protected":false},"featured_media":150715,"comment_status":"open","ping_status":"closed","template":"","meta":{"_joinchat":[]},"pwb-brand":[1567],"product_brand":[],"product_cat":[1535],"product_tag":[1345,2847,1300,1298,2844],"class_list":{"0":"post-151121","1":"product","2":"type-product","3":"status-publish","4":"has-post-thumbnail","6":"pwb-brand-chez-moi-fr","7":"product_cat-rideaux","8":"product_tag-argile","9":"product_tag-chambre","10":"product_tag-fatto-a-mano-fr","11":"product_tag-made-in-italy-fr","12":"product_tag-salle-a-manger","14":"first","15":"instock","16":"taxable","17":"shipping-taxable","18":"purchasable","19":"product-type-simple"},"brands":[{"id":1567,"name":"Chez Moi","slug":"chez-moi-fr"}],"_links":{"self":[{"href":"https:\/\/www.tendenzeshabbychic.it\/fr\/wp-json\/wp\/v2\/product\/151121","targetHints":{"allow":["GET"]}}],"collection":[{"href":"https:\/\/www.tendenzeshabbychic.it\/fr\/wp-json\/wp\/v2\/product"}],"about":[{"href":"https:\/\/www.tendenzeshabbychic.it\/fr\/wp-json\/wp\/v2\/types\/product"}],"replies":[{"embeddable":true,"href":"https:\/\/www.tendenzeshabbychic.it\/fr\/wp-json\/wp\/v2\/comments?post=151121"}],"wp:featuredmedia":[{"embeddable":true,"href":"https:\/\/www.tendenzeshabbychic.it\/fr\/wp-json\/wp\/v2\/media\/150715"}],"wp:attachment":[{"href":"https:\/\/www.tendenzeshabbychic.it\/fr\/wp-json\/wp\/v2\/media?parent=151121"}],"wp:term":[{"taxonomy":"pwb-brand","embeddable":true,"href":"https:\/\/www.tendenzeshabbychic.it\/fr\/wp-json\/wp\/v2\/pwb-brand?post=151121"},{"taxonomy":"product_brand","embeddable":true,"href":"https:\/\/www.tendenzeshabbychic.it\/fr\/wp-json\/wp\/v2\/product_brand?post=151121"},{"taxonomy":"product_cat","embeddable":true,"href":"https:\/\/www.tendenzeshabbychic.it\/fr\/wp-json\/wp\/v2\/product_cat?post=151121"},{"taxonomy":"product_tag","embeddable":true,"href":"https:\/\/www.tendenzeshabbychic.it\/fr\/wp-json\/wp\/v2\/product_tag?post=151121"}],"curies":[{"name":"wp","href":"https:\/\/api.w.org\/{rel}","templated":true}]}}