{"id":151032,"date":"2024-08-21T10:01:22","date_gmt":"2024-08-21T09:01:22","guid":{"rendered":"https:\/\/www.tendenzeshabbychic.it\/prodotto\/edg-lot-de-4-ronds-de-serviette-en-pierres-precieuses-avec-elegant-coffret-cadeau\/"},"modified":"2024-08-06T13:07:22","modified_gmt":"2024-08-06T11:07:22","slug":"edg-lot-de-4-ronds-de-serviette-en-pierres-precieuses-avec-elegant-coffret-cadeau","status":"publish","type":"product","link":"https:\/\/www.tendenzeshabbychic.it\/fr\/produit\/edg-lot-de-4-ronds-de-serviette-en-pierres-precieuses-avec-elegant-coffret-cadeau\/","title":{"rendered":"EDG Lot de 4 ronds de serviette en pierres pr\u00e9cieuses avec \u00e9l\u00e9gant coffret cadeau"},"content":{"rendered":"<p>L&rsquo;ensemble est livr\u00e9 dans un \u00e9l\u00e9gant coffret cadeau, ce qui en fait \u00e9galement un choix id\u00e9al comme cadeau \u00e9l\u00e9gant pour les amis et la famille. Les pierres pr\u00e9cieuses serties dans les ronds de serviette captent magnifiquement la lumi\u00e8re, cr\u00e9ant un effet lumineux qui enrichit votre d\u00e9coration de table.   <\/p>\n<ul>\n<li><strong>Dimensions<\/strong> : Diam\u00e8tre 4 cm<\/li>\n<li><strong>Mat\u00e9riaux<\/strong> : M\u00e9tal dor\u00e9 et cristaux<\/li>\n<li><strong>Packaging<\/strong> : Coffret cadeau \u00e9l\u00e9gant avec logo EDG<\/li>\n<\/ul>\n<p>  Ces ronds de serviette sont parfaits pour les mariages, les d\u00eeners de gala, les f\u00eates de No\u00ebl et toute autre occasion o\u00f9 vous souhaitez ajouter une touche de luxe. L&rsquo;\u00e9l\u00e9gant coffret cadeau en fait une excellente option pour un cadeau \u00e9l\u00e9gant. <\/p>\n","protected":false},"excerpt":{"rendered":"<p>Rendez votre table encore plus charmante avec cet ensemble de 4 ronds de serviette d\u00e9coratifs d&rsquo; EDG . Chaque rond de serviette est orn\u00e9 de pierres pr\u00e9cieuses scintillantes qui donnent une touche d&rsquo;\u00e9l\u00e9gance et de raffinement. Fabriqu\u00e9s \u00e0 partir de mat\u00e9riaux de haute qualit\u00e9, ces accessoires sont parfaits pour les occasions sp\u00e9ciales ou pour ajouter une touche de luxe \u00e0 votre d\u00eener de tous les jours.  <\/p>\n","protected":false},"featured_media":151029,"comment_status":"open","ping_status":"closed","template":"","meta":{"_joinchat":[]},"pwb-brand":[1564],"product_brand":[],"product_cat":[1493,1486],"product_tag":[3285],"class_list":{"0":"post-151032","1":"product","2":"type-product","3":"status-publish","4":"has-post-thumbnail","6":"pwb-brand-edg-fr","7":"product_cat-serviettes-fr","8":"product_cat-la-table","9":"product_tag-ventes","11":"first","12":"outofstock","13":"sale","14":"taxable","15":"shipping-taxable","16":"purchasable","17":"product-type-simple"},"brands":[{"id":1564,"name":"EDG \u2013 Enzo De Gasperi","slug":"edg-fr"}],"_links":{"self":[{"href":"https:\/\/www.tendenzeshabbychic.it\/fr\/wp-json\/wp\/v2\/product\/151032","targetHints":{"allow":["GET"]}}],"collection":[{"href":"https:\/\/www.tendenzeshabbychic.it\/fr\/wp-json\/wp\/v2\/product"}],"about":[{"href":"https:\/\/www.tendenzeshabbychic.it\/fr\/wp-json\/wp\/v2\/types\/product"}],"replies":[{"embeddable":true,"href":"https:\/\/www.tendenzeshabbychic.it\/fr\/wp-json\/wp\/v2\/comments?post=151032"}],"wp:featuredmedia":[{"embeddable":true,"href":"https:\/\/www.tendenzeshabbychic.it\/fr\/wp-json\/wp\/v2\/media\/151029"}],"wp:attachment":[{"href":"https:\/\/www.tendenzeshabbychic.it\/fr\/wp-json\/wp\/v2\/media?parent=151032"}],"wp:term":[{"taxonomy":"pwb-brand","embeddable":true,"href":"https:\/\/www.tendenzeshabbychic.it\/fr\/wp-json\/wp\/v2\/pwb-brand?post=151032"},{"taxonomy":"product_brand","embeddable":true,"href":"https:\/\/www.tendenzeshabbychic.it\/fr\/wp-json\/wp\/v2\/product_brand?post=151032"},{"taxonomy":"product_cat","embeddable":true,"href":"https:\/\/www.tendenzeshabbychic.it\/fr\/wp-json\/wp\/v2\/product_cat?post=151032"},{"taxonomy":"product_tag","embeddable":true,"href":"https:\/\/www.tendenzeshabbychic.it\/fr\/wp-json\/wp\/v2\/product_tag?post=151032"}],"curies":[{"name":"wp","href":"https:\/\/api.w.org\/{rel}","templated":true}]}}