{"id":151007,"date":"2023-01-01T00:00:01","date_gmt":"2022-12-31T23:00:01","guid":{"rendered":"https:\/\/www.tendenzeshabbychic.it\/prodotto\/edg-pin-de-louest-avec-tronc-long-h-216-cm-%f0%9f%8e%84\/"},"modified":"2026-04-24T11:04:32","modified_gmt":"2026-04-24T09:04:32","slug":"edg-pin-de-louest-avec-tronc-long-h-216-cm-%f0%9f%8e%84","status":"publish","type":"product","link":"https:\/\/www.tendenzeshabbychic.it\/fr\/produit\/edg-pin-de-louest-avec-tronc-long-h-216-cm-%f0%9f%8e%84\/","title":{"rendered":"EDG Pin de l&rsquo;Ouest avec tronc long H 216 cm \ud83c\udf84"},"content":{"rendered":"<p><strong>Caract\u00e9ristiques principales:<\/strong><\/p>\n<ul>\n<li><strong>Hauteur imposante :<\/strong> mesurant 216 cm de haut, le pin occidental est id\u00e9al pour cr\u00e9er un point focal dans n&rsquo;importe quelle pi\u00e8ce.<\/li>\n<li><strong>Conception r\u00e9aliste :<\/strong> les aiguilles de pin Real Touch offrent un aspect et une sensation authentiques, ce qui rend difficile de distinguer cet arbre d&rsquo;un arbre r\u00e9el.<\/li>\n<li><strong>Structure amovible :<\/strong> Facile \u00e0 monter et \u00e0 d\u00e9monter, l&rsquo;arbre est \u00e9quip\u00e9 d&rsquo;un socle m\u00e9tallique robuste (28&#215;28 cm) qui garantit la stabilit\u00e9.<\/li>\n<li><strong>Mat\u00e9riaux durables :<\/strong> fabriqu\u00e9s \u00e0 partir de mat\u00e9riaux de haute qualit\u00e9 pour garantir la long\u00e9vit\u00e9 et la r\u00e9sistance \u00e0 l&rsquo;usure.<\/li>\n<li><strong>Polyvalence d\u00e9corative :<\/strong> parfait pour d\u00e9corer les maisons, les bureaux ou les espaces commerciaux tout au long de l&rsquo;ann\u00e9e.<\/li>\n<\/ul>\n<p>  Apportez la beaut\u00e9 de la nature \u00e0 l&rsquo;int\u00e9rieur avec le pin de l&rsquo;Ouest \u00e0 long tronc d&rsquo; EDG . D&rsquo;une hauteur de 216 cm, cet arbre impressionnant est id\u00e9al pour ajouter une touche de verdure et de naturel \u00e0 votre espace int\u00e9rieur. Les aiguilles de pin Real Touch donnent un aspect r\u00e9aliste et une sensation authentique, tandis que la base en m\u00e9tal robuste garantit que l&rsquo;arbre reste stable et s\u00e9curis\u00e9. Facile \u00e0 monter et \u00e0 d\u00e9monter, cet arbre est parfait pour ceux qui recherchent une solution pratique et durable pour la d\u00e9coration int\u00e9rieure. Que ce soit pour le temps des f\u00eates ou pour ajouter un \u00e9l\u00e9ment d\u00e9coratif naturel tout au long de l&rsquo;ann\u00e9e, le pin occidental EDG est le choix parfait.      <strong>Pourquoi choisir le pin occidental \u00e0 tronc long EDG&nbsp;?<\/strong>  Le pin occidental \u00e0 tronc long EDG est plus qu&rsquo;une simple d\u00e9coration&nbsp;; c&rsquo;est un symbole d&rsquo;\u00e9l\u00e9gance et de raffinement. Avec son design r\u00e9aliste et ses mat\u00e9riaux de haute qualit\u00e9, il apporte la beaut\u00e9 de la nature directement dans votre espace int\u00e9rieur. Parfait pour tout type de d\u00e9coration, c&rsquo;est un excellent choix pour ceux qui recherchent qualit\u00e9 et style.    \n\t<section class=\"section dark\" id=\"section_1865026685\">\n\t\t<div class=\"section-bg fill\" >\n\t\t\t\t\t\t\t\t\t<div class=\"section-bg-overlay absolute fill\"><\/div>\n\t\t\t\n\n\t\t<\/div>\n\n\t\t\n\n\t\t<div class=\"section-content relative\">\n\t\t\t\n\n<div class=\"row align-center\"  id=\"row-976426949\">\n\n\n\t<div id=\"col-1955642953\" class=\"col medium-10 small-12 large-10\"  >\n\t\t\t\t<div class=\"col-inner text-center\"  >\n\t\t\t\n\t\t\t\n\n\t<div id=\"gap-2085342390\" class=\"gap-element clearfix\" style=\"display:block; height:auto;\">\n\t\t\n<style>\n#gap-2085342390 {\n  padding-top: 10px;\n}\n@media (min-width:550px) {\n  #gap-2085342390 {\n    padding-top: 30px;\n  }\n}\n<\/style>\n\t<\/div>\n\t\n\n\t<div id=\"text-3466947030\" class=\"text\">\n\t\t\n\n<h3 class=\"uppercase\" style=\"text-align: center;\">TOUT POUR VOTRE ARBRE DE NO\u00cbL<\/h3>\n<p style=\"text-align: left;\">D\u00e9couvrez les nombreuses d\u00e9corations disponibles, les nombreux mat\u00e9riaux (du verre au bois), les diff\u00e9rents designs et styles.<\/p>\n\t\t\n<style>\n#text-3466947030 {\n  font-size: 1.4rem;\n  text-align: left;\n}\n<\/style>\n\t<\/div>\n\t\n<a href=\"https:\/\/www.tendenzeshabbychic.it\/fr\/categorie-de-produit\/noel\/boules-et-decorations-de-sapin-de-noel\/\" class=\"button white is-outline\" style=\"border-radius:79px;\">\n\t\t<span>\ud83c\udf84 D\u00e9corez votre sapin \ud83c\udf84<\/span>\n\t<\/a>\n\n\n\n\t\t<\/div>\n\t\t\t\t\t<\/div>\n\n\t\n\n<\/div>\n\n\t\t<\/div>\n\n\t\t\n<style>\n#section_1865026685 {\n  padding-top: 60px;\n  padding-bottom: 60px;\n  min-height: 300px;\n  background-color: rgb(245, 245, 245);\n}\n#section_1865026685 .section-bg-overlay {\n  background-color: rgba(0, 0, 0, 0.5);\n}\n#section_1865026685 .section-bg img {\n  object-position: 39% 25%;\n}\n@media (min-width:550px) {\n  #section_1865026685 .section-bg-overlay {\n    background-color: rgba(0, 0, 0, 0.378);\n  }\n}\n<\/style>\n\t<\/section>\n\t\n","protected":false},"excerpt":{"rendered":"<p>Ajoutez une touche de nature sophistiqu\u00e9e \u00e0 votre espace avec l&rsquo;\u00e9l\u00e9gant pin de l&rsquo;Ouest \u00e0 long tronc d&rsquo; EDG . D&rsquo;une hauteur de 216 cm, cet arbre r\u00e9aliste est parfait pour la d\u00e9coration int\u00e9rieure. Avec des aiguilles de pin Real Touch et une base en m\u00e9tal robuste, il est con\u00e7u pour durer et offrir un look naturel en toute saison.  <\/p>\n","protected":false},"featured_media":150061,"comment_status":"open","ping_status":"closed","template":"","meta":{"_joinchat":[]},"pwb-brand":[1564],"product_brand":[],"product_cat":[2483,1609],"product_tag":[3346],"class_list":{"0":"post-151007","1":"product","2":"type-product","3":"status-publish","4":"has-post-thumbnail","6":"pwb-brand-edg-fr","7":"product_cat-sapins-de-noel","8":"product_cat-paques","9":"product_tag-arbres-de-noel-non-eclaires","11":"first","12":"instock","13":"sale","14":"taxable","15":"shipping-taxable","16":"purchasable","17":"product-type-simple"},"brands":[{"id":1564,"name":"EDG \u2013 Enzo De Gasperi","slug":"edg-fr"}],"_links":{"self":[{"href":"https:\/\/www.tendenzeshabbychic.it\/fr\/wp-json\/wp\/v2\/product\/151007","targetHints":{"allow":["GET"]}}],"collection":[{"href":"https:\/\/www.tendenzeshabbychic.it\/fr\/wp-json\/wp\/v2\/product"}],"about":[{"href":"https:\/\/www.tendenzeshabbychic.it\/fr\/wp-json\/wp\/v2\/types\/product"}],"replies":[{"embeddable":true,"href":"https:\/\/www.tendenzeshabbychic.it\/fr\/wp-json\/wp\/v2\/comments?post=151007"}],"wp:featuredmedia":[{"embeddable":true,"href":"https:\/\/www.tendenzeshabbychic.it\/fr\/wp-json\/wp\/v2\/media\/150061"}],"wp:attachment":[{"href":"https:\/\/www.tendenzeshabbychic.it\/fr\/wp-json\/wp\/v2\/media?parent=151007"}],"wp:term":[{"taxonomy":"pwb-brand","embeddable":true,"href":"https:\/\/www.tendenzeshabbychic.it\/fr\/wp-json\/wp\/v2\/pwb-brand?post=151007"},{"taxonomy":"product_brand","embeddable":true,"href":"https:\/\/www.tendenzeshabbychic.it\/fr\/wp-json\/wp\/v2\/product_brand?post=151007"},{"taxonomy":"product_cat","embeddable":true,"href":"https:\/\/www.tendenzeshabbychic.it\/fr\/wp-json\/wp\/v2\/product_cat?post=151007"},{"taxonomy":"product_tag","embeddable":true,"href":"https:\/\/www.tendenzeshabbychic.it\/fr\/wp-json\/wp\/v2\/product_tag?post=151007"}],"curies":[{"name":"wp","href":"https:\/\/api.w.org\/{rel}","templated":true}]}}