{"id":150997,"date":"2023-01-04T00:00:01","date_gmt":"2023-01-03T23:00:01","guid":{"rendered":"https:\/\/www.tendenzeshabbychic.it\/prodotto\/edg-boite-de-4-spheres-en-verre-platine-diametre-8-cm\/"},"modified":"2024-07-29T09:19:07","modified_gmt":"2024-07-29T07:19:07","slug":"edg-boite-de-4-spheres-en-verre-platine-diametre-8-cm","status":"publish","type":"product","link":"https:\/\/www.tendenzeshabbychic.it\/fr\/produit\/edg-boite-de-4-spheres-en-verre-platine-diametre-8-cm\/","title":{"rendered":"EDG Boite de 4 sph\u00e8res en verre platine diam\u00e8tre 8 cm"},"content":{"rendered":"<ul>\n<li>boules de No\u00ebl en verre<\/li>\n<li>id\u00e9al pour les arbres de No\u00ebl ou les d\u00e9corations (centres de table ou couronnes)<\/li>\n<\/ul>\n\n\t<section class=\"section dark\" id=\"section_2080564165\">\n\t\t<div class=\"section-bg fill\" >\n\t\t\t\t\t\t\t\t\t<div class=\"section-bg-overlay absolute fill\"><\/div>\n\t\t\t\n\n\t\t<\/div>\n\n\t\t\n\n\t\t<div class=\"section-content relative\">\n\t\t\t\n\n<div class=\"row align-center\"  id=\"row-1696953208\">\n\n\n\t<div id=\"col-74048522\" class=\"col medium-10 small-12 large-10\"  >\n\t\t\t\t<div class=\"col-inner text-center\"  >\n\t\t\t\n\t\t\t\n\n\t<div id=\"gap-123011086\" class=\"gap-element clearfix\" style=\"display:block; height:auto;\">\n\t\t\n<style>\n#gap-123011086 {\n  padding-top: 10px;\n}\n@media (min-width:550px) {\n  #gap-123011086 {\n    padding-top: 30px;\n  }\n}\n<\/style>\n\t<\/div>\n\t\n\n\t<div id=\"text-1261745252\" class=\"text\">\n\t\t\n\n<h3 class=\"uppercase\" style=\"text-align: center;\">TOUT POUR VOTRE ARBRE DE NO\u00cbL<\/h3>\n<p style=\"text-align: left;\">D\u00e9couvrez les nombreuses d\u00e9corations disponibles, les nombreux mat\u00e9riaux (du verre au bois), les diff\u00e9rents designs et styles.<\/p>\n\t\t\n<style>\n#text-1261745252 {\n  font-size: 1.4rem;\n  text-align: left;\n}\n<\/style>\n\t<\/div>\n\t\n<a href=\"https:\/\/www.tendenzeshabbychic.it\/fr\/categorie-de-produit\/noel\/boules-et-decorations-de-sapin-de-noel\/\" class=\"button white is-outline\" style=\"border-radius:79px;\">\n\t\t<span>\ud83c\udf84 D\u00e9corez votre sapin \ud83c\udf84<\/span>\n\t<\/a>\n\n\n\n\t\t<\/div>\n\t\t\t\t\t<\/div>\n\n\t\n\n<\/div>\n\n\t\t<\/div>\n\n\t\t\n<style>\n#section_2080564165 {\n  padding-top: 60px;\n  padding-bottom: 60px;\n  min-height: 300px;\n  background-color: rgb(245, 245, 245);\n}\n#section_2080564165 .section-bg-overlay {\n  background-color: rgba(0, 0, 0, 0.5);\n}\n#section_2080564165 .section-bg img {\n  object-position: 39% 25%;\n}\n@media (min-width:550px) {\n  #section_2080564165 .section-bg-overlay {\n    background-color: rgba(0, 0, 0, 0.378);\n  }\n}\n<\/style>\n\t<\/section>\n\t\n","protected":false},"excerpt":{"rendered":"<p>Coffret compos\u00e9 de 4 sph\u00e8res en verre couleur platine (2 brillantes et deux opaques), parfaites pour votre sapin ou pour compl\u00e9ter une d\u00e9coration de No\u00ebl. Fabriqu\u00e9 par EDG Enzo de Gasperi , une marque italienne c\u00e9l\u00e8bre pour ses d\u00e9corations de No\u00ebl. \ud83d\udccf Diam\u00e8tre 8 cm<\/p>\n","protected":false},"featured_media":149770,"comment_status":"open","ping_status":"closed","template":"","meta":{"_joinchat":[]},"pwb-brand":[776],"product_brand":[],"product_cat":[2465],"product_tag":[],"class_list":{"0":"post-150997","1":"product","2":"type-product","3":"status-publish","4":"has-post-thumbnail","6":"pwb-brand-edg","7":"product_cat-boules-et-decorations-de-sapin-de-noel","8":"pa_colore-platino","10":"first","11":"instock","12":"sale","13":"taxable","14":"shipping-taxable","15":"purchasable","16":"product-type-simple"},"brands":[{"id":1564,"name":"EDG \u2013 Enzo De Gasperi","slug":"edg-fr"}],"_links":{"self":[{"href":"https:\/\/www.tendenzeshabbychic.it\/fr\/wp-json\/wp\/v2\/product\/150997","targetHints":{"allow":["GET"]}}],"collection":[{"href":"https:\/\/www.tendenzeshabbychic.it\/fr\/wp-json\/wp\/v2\/product"}],"about":[{"href":"https:\/\/www.tendenzeshabbychic.it\/fr\/wp-json\/wp\/v2\/types\/product"}],"replies":[{"embeddable":true,"href":"https:\/\/www.tendenzeshabbychic.it\/fr\/wp-json\/wp\/v2\/comments?post=150997"}],"wp:featuredmedia":[{"embeddable":true,"href":"https:\/\/www.tendenzeshabbychic.it\/fr\/wp-json\/wp\/v2\/media\/149770"}],"wp:attachment":[{"href":"https:\/\/www.tendenzeshabbychic.it\/fr\/wp-json\/wp\/v2\/media?parent=150997"}],"wp:term":[{"taxonomy":"pwb-brand","embeddable":true,"href":"https:\/\/www.tendenzeshabbychic.it\/fr\/wp-json\/wp\/v2\/pwb-brand?post=150997"},{"taxonomy":"product_brand","embeddable":true,"href":"https:\/\/www.tendenzeshabbychic.it\/fr\/wp-json\/wp\/v2\/product_brand?post=150997"},{"taxonomy":"product_cat","embeddable":true,"href":"https:\/\/www.tendenzeshabbychic.it\/fr\/wp-json\/wp\/v2\/product_cat?post=150997"},{"taxonomy":"product_tag","embeddable":true,"href":"https:\/\/www.tendenzeshabbychic.it\/fr\/wp-json\/wp\/v2\/product_tag?post=150997"}],"curies":[{"name":"wp","href":"https:\/\/api.w.org\/{rel}","templated":true}]}}