{"id":150895,"date":"2025-07-28T15:03:52","date_gmt":"2025-07-28T14:03:52","guid":{"rendered":"https:\/\/www.tendenzeshabbychic.it\/prodotto\/decoration-de-noel-bonbons-en-verre-enzo-de-gasperi-3-modeles\/"},"modified":"2025-07-22T17:02:43","modified_gmt":"2025-07-22T16:02:43","slug":"decoration-de-noel-bonbons-en-verre-enzo-de-gasperi-3-modeles","status":"publish","type":"product","link":"https:\/\/www.tendenzeshabbychic.it\/fr\/produit\/decoration-de-noel-bonbons-en-verre-enzo-de-gasperi-3-modeles\/","title":{"rendered":"D\u00e9coration de No\u00ebl Bonbons en Verre Enzo De Gasperi &#8211; 3 mod\u00e8les"},"content":{"rendered":"<p><strong>Caract\u00e9ristiques principales:<\/strong><\/p>\n<ul>\n<li><strong>Mat\u00e9riau :<\/strong> Verre de haute qualit\u00e9<\/li>\n<li><strong>Dimensions :<\/strong> Longueur 11,5 cm<\/li>\n<li><strong>Coloration :<\/strong> D\u00e9corations rouge vif avec des n\u0153uds \u00e9l\u00e9gants<\/li>\n<li><strong>Conception&nbsp;:<\/strong> Forme de bonbon avec des d\u00e9tails complexes<\/li>\n<li><strong>Marque :<\/strong> Enzo De Gasperi, synonyme de qualit\u00e9 et de design dans les d\u00e9corations de No\u00ebl<\/li>\n<\/ul>\n<p><strong>Une touche de douceur pour No\u00ebl :<\/strong> les d\u00e9corations de No\u00ebl en bonbons de verre d&rsquo;Enzo De Gasperi sont id\u00e9ales pour ajouter une touche de douceur et d&rsquo;\u00e9clat \u00e0 votre arbre de No\u00ebl. Chaque bonbon capte magnifiquement la lumi\u00e8re, cr\u00e9ant un effet de scintillement qui enchante petits et grands. <\/p>\n<p><strong>Facile \u00e0 suspendre :<\/strong> gr\u00e2ce au crochet pratique fourni, ces d\u00e9corations sont faciles \u00e0 suspendre et peuvent \u00eatre plac\u00e9es en toute s\u00e9curit\u00e9 sur n&rsquo;importe quelle branche de l&rsquo;arbre de No\u00ebl, cr\u00e9ant ainsi un effet sc\u00e9nique instantan\u00e9.<\/p>\n<p>Ajoutez la d\u00e9coration de No\u00ebl Enzo De Gasperi Glass Candy \u00e0 votre panier d&rsquo;achat et transformez votre arbre de No\u00ebl en un chef-d&rsquo;\u0153uvre d&rsquo;\u00e9l\u00e9gance et de douceur !<\/p>\n\n\t<section class=\"section dark\" id=\"section_1416871091\">\n\t\t<div class=\"section-bg fill\" >\n\t\t\t\t\t\t\t\t\t<div class=\"section-bg-overlay absolute fill\"><\/div>\n\t\t\t\n\n\t\t<\/div>\n\n\t\t\n\n\t\t<div class=\"section-content relative\">\n\t\t\t\n\n<div class=\"row align-center\"  id=\"row-925584746\">\n\n\n\t<div id=\"col-247525687\" class=\"col medium-10 small-12 large-10\"  >\n\t\t\t\t<div class=\"col-inner text-center\"  >\n\t\t\t\n\t\t\t\n\n\t<div id=\"gap-1066552634\" class=\"gap-element clearfix\" style=\"display:block; height:auto;\">\n\t\t\n<style>\n#gap-1066552634 {\n  padding-top: 10px;\n}\n@media (min-width:550px) {\n  #gap-1066552634 {\n    padding-top: 30px;\n  }\n}\n<\/style>\n\t<\/div>\n\t\n\n\t<div id=\"text-1732280527\" class=\"text\">\n\t\t\n\n<h3 class=\"uppercase\" style=\"text-align: center;\">TOUT POUR VOTRE ARBRE DE NO\u00cbL<\/h3>\n<p style=\"text-align: left;\">D\u00e9couvrez les nombreuses d\u00e9corations disponibles, les nombreux mat\u00e9riaux (du verre au bois), les diff\u00e9rents designs et styles.<\/p>\n\t\t\n<style>\n#text-1732280527 {\n  font-size: 1.4rem;\n  text-align: left;\n}\n<\/style>\n\t<\/div>\n\t\n<a href=\"https:\/\/www.tendenzeshabbychic.it\/fr\/categorie-de-produit\/noel\/boules-et-decorations-de-sapin-de-noel\/\" class=\"button white is-outline\" style=\"border-radius:79px;\">\n\t\t<span>\ud83c\udf84 D\u00e9corez votre sapin \ud83c\udf84<\/span>\n\t<\/a>\n\n\n\n\t\t<\/div>\n\t\t\t\t\t<\/div>\n\n\t\n\n<\/div>\n\n\t\t<\/div>\n\n\t\t\n<style>\n#section_1416871091 {\n  padding-top: 60px;\n  padding-bottom: 60px;\n  min-height: 300px;\n  background-color: rgb(245, 245, 245);\n}\n#section_1416871091 .section-bg-overlay {\n  background-color: rgba(0, 0, 0, 0.5);\n}\n#section_1416871091 .section-bg img {\n  object-position: 39% 25%;\n}\n@media (min-width:550px) {\n  #section_1416871091 .section-bg-overlay {\n    background-color: rgba(0, 0, 0, 0.378);\n  }\n}\n<\/style>\n\t<\/section>\n\t\n","protected":false},"excerpt":{"rendered":"<p><strong>Ajoutez une touche de douceur et d&rsquo;\u00e9clat \u00e0 votre sapin de No\u00ebl avec la d\u00e9coration de No\u00ebl Glass Candy d&rsquo;Enzo De Gasperi.<\/strong><\/p>\n<p>Ces d\u00e9corations enchanteresses en forme de bonbons, fabriqu\u00e9es en verre de haute qualit\u00e9, sont parfaites pour cr\u00e9er un effet visuel charmant et festif.<\/p>\n<p>Chaque bonbon est d\u00e9cor\u00e9 de d\u00e9tails et de n\u0153uds rouge vif, ajoutant une touche d&rsquo;\u00e9l\u00e9gance et de tradition \u00e0 votre arbre de No\u00ebl. Disponibles en versions vendues individuellement, ces d\u00e9corations sont id\u00e9ales pour compl\u00e9ter votre d\u00e9cor de No\u00ebl. <\/p>\n","protected":false},"featured_media":216052,"comment_status":"open","ping_status":"closed","template":"","meta":{"_joinchat":[]},"pwb-brand":[1564],"product_brand":[],"product_cat":[2465],"product_tag":[],"class_list":{"0":"post-150895","1":"product","2":"type-product","3":"status-publish","4":"has-post-thumbnail","6":"pwb-brand-edg-fr","7":"product_cat-boules-et-decorations-de-sapin-de-noel","8":"pa_colore-blanc","9":"pa_colore-rouge","11":"first","12":"instock","13":"sale","14":"taxable","15":"shipping-taxable","16":"purchasable","17":"product-type-variable"},"brands":[{"id":1564,"name":"EDG \u2013 Enzo De Gasperi","slug":"edg-fr"}],"_links":{"self":[{"href":"https:\/\/www.tendenzeshabbychic.it\/fr\/wp-json\/wp\/v2\/product\/150895","targetHints":{"allow":["GET"]}}],"collection":[{"href":"https:\/\/www.tendenzeshabbychic.it\/fr\/wp-json\/wp\/v2\/product"}],"about":[{"href":"https:\/\/www.tendenzeshabbychic.it\/fr\/wp-json\/wp\/v2\/types\/product"}],"replies":[{"embeddable":true,"href":"https:\/\/www.tendenzeshabbychic.it\/fr\/wp-json\/wp\/v2\/comments?post=150895"}],"wp:featuredmedia":[{"embeddable":true,"href":"https:\/\/www.tendenzeshabbychic.it\/fr\/wp-json\/wp\/v2\/media\/216052"}],"wp:attachment":[{"href":"https:\/\/www.tendenzeshabbychic.it\/fr\/wp-json\/wp\/v2\/media?parent=150895"}],"wp:term":[{"taxonomy":"pwb-brand","embeddable":true,"href":"https:\/\/www.tendenzeshabbychic.it\/fr\/wp-json\/wp\/v2\/pwb-brand?post=150895"},{"taxonomy":"product_brand","embeddable":true,"href":"https:\/\/www.tendenzeshabbychic.it\/fr\/wp-json\/wp\/v2\/product_brand?post=150895"},{"taxonomy":"product_cat","embeddable":true,"href":"https:\/\/www.tendenzeshabbychic.it\/fr\/wp-json\/wp\/v2\/product_cat?post=150895"},{"taxonomy":"product_tag","embeddable":true,"href":"https:\/\/www.tendenzeshabbychic.it\/fr\/wp-json\/wp\/v2\/product_tag?post=150895"}],"curies":[{"name":"wp","href":"https:\/\/api.w.org\/{rel}","templated":true}]}}