{"id":150208,"date":"2024-08-05T18:27:40","date_gmt":"2024-08-05T16:27:40","guid":{"rendered":"https:\/\/www.tendenzeshabbychic.it\/prodotto\/bougie-torsadee-spirale-rouge-edg-29-cm\/"},"modified":"2026-01-07T14:38:32","modified_gmt":"2026-01-07T13:38:32","slug":"bougie-torsadee-spirale-rouge-edg-29-cm","status":"publish","type":"product","link":"https:\/\/www.tendenzeshabbychic.it\/fr\/produit\/bougie-torsadee-spirale-rouge-edg-29-cm\/","title":{"rendered":"Bougie torsad\u00e9e spirale rouge EDG 29 cm"},"content":{"rendered":"\n\t<section class=\"section linkified dark\" id=\"section_1689849849\">\n\t\t<div class=\"section-bg fill\" >\n\t\t\t<img loading=\"lazy\" decoding=\"async\" width=\"800\" height=\"213\" src=\"https:\/\/www.tendenzeshabbychic.it\/wp-content\/uploads\/2021\/09\/natale-hero-1-800x213.jpg\" class=\"bg attachment-medium size-medium\" alt=\"\" \/>\t\t\t\t\t\t<div class=\"section-bg-overlay absolute fill\"><\/div>\n\t\t\t\n\n\t\t<\/div>\n\n\t\t\n\n\t\t<div class=\"section-content relative\">\n\t\t\t\n\n<div class=\"row\"  id=\"row-742971142\">\n\n\n\t<div id=\"col-353083551\" class=\"col small-12 large-12\"  >\n\t\t\t\t<div class=\"col-inner text-center\"  >\n\t\t\t\n\t\t\t\n\n<h3><span style=\"font-size: 180%;\">No\u00ebl<\/span><\/h3>\n<p>D\u00e9couvrez la large s\u00e9lection de produits pour d\u00e9corer votre maison pour No\u00ebl.<\/p>\n<a href=\"https:\/\/www.tendenzeshabbychic.it\/fr\/categorie-de-produit\/noel\/\" class=\"button alert is-shade box-shadow-3 box-shadow-5-hover\" style=\"border-radius:5px;\">\n\t\t<span>Cliquez ici<\/span>\n\t<\/a>\n\n\n\n\t\t<\/div>\n\t\t\t\t\t<\/div>\n\n\t\n\n<\/div>\n\n\t\t<\/div>\n\n\t\t\n<style>\n#section_1689849849 {\n  padding-top: 12px;\n  padding-bottom: 12px;\n}\n#section_1689849849 .section-bg-overlay {\n  background-color: rgba(0, 0, 0, 0.419);\n}\n#section_1689849849 .section-bg img {\n  object-position: 21% 51%;\n}\n@media (min-width:550px) {\n  #section_1689849849 {\n    padding-top: 57px;\n    padding-bottom: 57px;\n  }\n}\n<\/style>\n\t<\/section>\n\t\n","protected":false},"excerpt":{"rendered":"<p>Bougie spirale rouge Twist r\u00e9alis\u00e9e par Enzo De Gasperi. Id\u00e9al pour les cand\u00e9labres et chandeliers pendant la p\u00e9riode de No\u00ebl.   <strong>\ud83d\udccfDimensions&nbsp;:<\/strong><\/p>\n<ul>\n<li>Hauteur 29 cm<\/li>\n<li>Diam\u00e8tre 2,2 cm<\/li>\n<li>Dur\u00e9e 7 heures<\/li>\n<\/ul>\n<p>  Le porte-verre est disponible <a href=\"https:\/\/www.tendenzeshabbychic.it\/prodotto\/edg-base-in-vetro-per-candele-a-stelo-diametro-7-cm\/\">ici<\/a><\/p>\n","protected":false},"featured_media":148643,"comment_status":"open","ping_status":"closed","template":"","meta":{"_joinchat":[]},"pwb-brand":[1564],"product_brand":[],"product_cat":[1460,1503],"product_tag":[1296],"class_list":{"0":"post-150208","1":"product","2":"type-product","3":"status-publish","4":"has-post-thumbnail","6":"pwb-brand-edg-fr","7":"product_cat-bougies","8":"product_cat-noel","9":"product_tag-idee-de-cadeau","11":"first","12":"instock","13":"sale","14":"taxable","15":"shipping-taxable","16":"purchasable","17":"product-type-simple"},"brands":[{"id":1564,"name":"EDG \u2013 Enzo De Gasperi","slug":"edg-fr"}],"_links":{"self":[{"href":"https:\/\/www.tendenzeshabbychic.it\/fr\/wp-json\/wp\/v2\/product\/150208","targetHints":{"allow":["GET"]}}],"collection":[{"href":"https:\/\/www.tendenzeshabbychic.it\/fr\/wp-json\/wp\/v2\/product"}],"about":[{"href":"https:\/\/www.tendenzeshabbychic.it\/fr\/wp-json\/wp\/v2\/types\/product"}],"replies":[{"embeddable":true,"href":"https:\/\/www.tendenzeshabbychic.it\/fr\/wp-json\/wp\/v2\/comments?post=150208"}],"wp:featuredmedia":[{"embeddable":true,"href":"https:\/\/www.tendenzeshabbychic.it\/fr\/wp-json\/wp\/v2\/media\/148643"}],"wp:attachment":[{"href":"https:\/\/www.tendenzeshabbychic.it\/fr\/wp-json\/wp\/v2\/media?parent=150208"}],"wp:term":[{"taxonomy":"pwb-brand","embeddable":true,"href":"https:\/\/www.tendenzeshabbychic.it\/fr\/wp-json\/wp\/v2\/pwb-brand?post=150208"},{"taxonomy":"product_brand","embeddable":true,"href":"https:\/\/www.tendenzeshabbychic.it\/fr\/wp-json\/wp\/v2\/product_brand?post=150208"},{"taxonomy":"product_cat","embeddable":true,"href":"https:\/\/www.tendenzeshabbychic.it\/fr\/wp-json\/wp\/v2\/product_cat?post=150208"},{"taxonomy":"product_tag","embeddable":true,"href":"https:\/\/www.tendenzeshabbychic.it\/fr\/wp-json\/wp\/v2\/product_tag?post=150208"}],"curies":[{"name":"wp","href":"https:\/\/api.w.org\/{rel}","templated":true}]}}