{"id":150190,"date":"2025-08-01T01:00:01","date_gmt":"2025-07-31T23:00:01","guid":{"rendered":"https:\/\/www.tendenzeshabbychic.it\/prodotto\/bougie-joyeuse-edg-avec-cannelle-et-mobile\/"},"modified":"2026-03-14T00:10:55","modified_gmt":"2026-03-13T23:10:55","slug":"bougie-joyeuse-edg-avec-cannelle-et-mobile","status":"publish","type":"product","link":"https:\/\/www.tendenzeshabbychic.it\/fr\/produit\/bougie-joyeuse-edg-avec-cannelle-et-mobile\/","title":{"rendered":"Bougie joyeuse EDG avec cannelle et mobile"},"content":{"rendered":"<p>Apportez la chaleur des f\u00eates de fin d&rsquo;ann\u00e9e dans votre maison avec la bougie Joyful d&rsquo; EDG . Cette bougie parfume non seulement la pi\u00e8ce d&rsquo;un parfum enveloppant mais comprend \u00e9galement un mobile dor\u00e9 qui bouge avec la chaleur de la bougie, cr\u00e9ant un effet visuel enchanteur. <\/p>\n<p><strong>Caract\u00e9ristiques:<\/strong><\/p>\n<ul>\n<li><strong>Mat\u00e9riau de haute qualit\u00e9 :<\/strong> fabriqu\u00e9 en verre, il assure une combustion s\u00fbre et uniforme.<\/li>\n<li><strong>Design festif :<\/strong> le mobile sapin de No\u00ebl dor\u00e9 bouge avec la chaleur de la bougie, ajoutant une touche de magie.<\/li>\n<li><strong>Parfum enveloppant :<\/strong> le parfum d\u00e9licat remplit votre maison d&rsquo;un parfum agr\u00e9able et durable.<\/li>\n<\/ul>\n<p><strong>Pourquoi l&rsquo;acheter&nbsp;:<\/strong><\/p>\n<ul>\n<li><strong>Luxe et style :<\/strong> EDG est synonyme de qualit\u00e9 sup\u00e9rieure et de design \u00e9l\u00e9gant, parfait pour ceux qui souhaitent une touche de raffinement dans leur maison.<\/li>\n<li><strong>Ambiance de No\u00ebl :<\/strong> Id\u00e9al pour cr\u00e9er une atmosph\u00e8re chaleureuse et festive \u00e0 No\u00ebl, rendant chaque espace plus accueillant.<\/li>\n<li><strong>Cadeau parfait :<\/strong> emball\u00e9 dans un coffret cadeau d\u00e9coratif, c&rsquo;est une fantastique id\u00e9e de cadeau pour les amis et la famille.<\/li>\n<\/ul>\n<p><strong>Conseils d&rsquo;utilisation&nbsp;:<\/strong><\/p>\n<ul>\n<li><strong>Comment l&rsquo;utiliser :<\/strong> Placez la bougie dans le salon ou la chambre pour diffuser un parfum enveloppant et festif.<\/li>\n<li><strong>Quand l&rsquo;utiliser :<\/strong> Parfait pendant les vacances de No\u00ebl pour cr\u00e9er un environnement accueillant et parfum\u00e9.<\/li>\n<li><strong>O\u00f9 l&rsquo;utiliser :<\/strong> Id\u00e9al pour n&rsquo;importe quelle pi\u00e8ce de la maison, du salon \u00e0 la salle \u00e0 manger, ajoutant une touche de luxe partout.<\/li>\n<\/ul>\n\n\t<section class=\"section linkified dark\" id=\"section_598848283\">\n\t\t<div class=\"section-bg fill\" >\n\t\t\t<img loading=\"lazy\" decoding=\"async\" width=\"800\" height=\"213\" src=\"https:\/\/www.tendenzeshabbychic.it\/wp-content\/uploads\/2021\/09\/natale-hero-1-800x213.jpg\" class=\"bg attachment-medium size-medium\" alt=\"\" \/>\t\t\t\t\t\t<div class=\"section-bg-overlay absolute fill\"><\/div>\n\t\t\t\n\n\t\t<\/div>\n\n\t\t\n\n\t\t<div class=\"section-content relative\">\n\t\t\t\n\n<div class=\"row\"  id=\"row-2020091505\">\n\n\n\t<div id=\"col-1541196323\" class=\"col small-12 large-12\"  >\n\t\t\t\t<div class=\"col-inner text-center\"  >\n\t\t\t\n\t\t\t\n\n<h3><span style=\"font-size: 180%;\">No\u00ebl<\/span><\/h3>\n<p>D\u00e9couvrez la large s\u00e9lection de produits pour d\u00e9corer votre maison pour No\u00ebl.<\/p>\n<a href=\"https:\/\/www.tendenzeshabbychic.it\/fr\/categorie-de-produit\/noel\/\" class=\"button alert is-shade box-shadow-3 box-shadow-5-hover\" style=\"border-radius:5px;\">\n\t\t<span>Cliquez ici<\/span>\n\t<\/a>\n\n\n\n\t\t<\/div>\n\t\t\t\t\t<\/div>\n\n\t\n\n<\/div>\n\n\t\t<\/div>\n\n\t\t\n<style>\n#section_598848283 {\n  padding-top: 12px;\n  padding-bottom: 12px;\n}\n#section_598848283 .section-bg-overlay {\n  background-color: rgba(0, 0, 0, 0.419);\n}\n#section_598848283 .section-bg img {\n  object-position: 21% 51%;\n}\n@media (min-width:550px) {\n  #section_598848283 {\n    padding-top: 57px;\n    padding-bottom: 57px;\n  }\n}\n<\/style>\n\t<\/section>\n\t\n","protected":false},"excerpt":{"rendered":"<p> <strong>Bougie joyeuse au parfum de<\/strong> <strong>cannelle<\/strong> &#8211; Une d\u00e9licieuse bougie de No\u00ebl avec un carrousel dor\u00e9 qui bouge avec la chaleur g\u00e9n\u00e9r\u00e9e par la flamme, cr\u00e9ant une atmosph\u00e8re magique et festive. Pr\u00e9sent\u00e9e dans une \u00e9l\u00e9gante bo\u00eete cadeau. <\/p>\n<div class=\"row\"  id=\"row-1333252571\">\n\n\n\t<div id=\"col-1057276023\" class=\"col medium-12 small-12 large-6\"  >\n\t\t\t\t<div class=\"col-inner\"  >\n\t\t\t\n\t\t\t\n\n<h2>Cinnamon<\/h2>\n<p>Le r\u00e9sultat de l'union entre la base cuir\u00e9e aux nuances musqu\u00e9es et le corps caract\u00e9ris\u00e9 par la douceur du caramel donne un contraste \u00e9pic\u00e9 \u00e0 ce parfum non conventionnel qui rappelle le fort caract\u00e8re de la cannelle.<\/p>\n<p><strong>BOUQUET<\/strong><br>\nDOUX \u00c9PIC\u00c9<\/p>\n<ul>\n<li>Notes de t\u00eate : <strong>Eucalyptus, Pin, Gingembre, Safran, Menthe et Romarin<\/strong><\/li>\n<li>Notes de c\u0153ur : <strong>Jasmin, Fleur d'Oranger, Bois de Ga\u00efac, C\u00e8dre, Caramel et Menthe poivr\u00e9e<\/strong><\/li>\n<li>Notes de fond : <strong>Musc, Patchouli, Tonka, Bois de santal et Cuir<\/strong><\/li>\n<\/ul>\n<p><span style=\"font-size: 75%;\">Un parfum original cr\u00e9\u00e9 par <strong><a href=\"\/?pwb-brand=edg-fr\">EDG Enzo de Gasperi<\/a> .<\/strong><\/span><\/p>\n\n\t\t<\/div>\n\t\t\t\t\t<\/div>\n\n\t\n\n\t<div id=\"col-613193691\" class=\"col medium-12 small-12 large-6\"  >\n\t\t\t\t<div class=\"col-inner\"  >\n\t\t\t\n\t\t\t\n\n\t<div class=\"img has-hover x md-x lg-x y md-y lg-y\" id=\"image_1969833133\">\n\t\t\t\t\t\t\t\t<div class=\"img-inner dark\" >\n\t\t\t<img width=\"800\" height=\"800\" src=\"https:\/\/www.tendenzeshabbychic.it\/wp-content\/uploads\/2024\/07\/piramide-olfattiva-cinnamon-800x800.jpg\" class=\"attachment-large size-large\" alt=\"\" decoding=\"async\" loading=\"lazy\" srcset=\"https:\/\/www.tendenzeshabbychic.it\/wp-content\/uploads\/2024\/07\/piramide-olfattiva-cinnamon-800x800.jpg 800w, https:\/\/www.tendenzeshabbychic.it\/wp-content\/uploads\/2024\/07\/piramide-olfattiva-cinnamon-500x500.jpg 500w, https:\/\/www.tendenzeshabbychic.it\/wp-content\/uploads\/2024\/07\/piramide-olfattiva-cinnamon-100x100.jpg 100w, https:\/\/www.tendenzeshabbychic.it\/wp-content\/uploads\/2024\/07\/piramide-olfattiva-cinnamon-64x64.jpg 64w, https:\/\/www.tendenzeshabbychic.it\/wp-content\/uploads\/2024\/07\/piramide-olfattiva-cinnamon-400x400.jpg 400w, https:\/\/www.tendenzeshabbychic.it\/wp-content\/uploads\/2024\/07\/piramide-olfattiva-cinnamon-280x280.jpg 280w, https:\/\/www.tendenzeshabbychic.it\/wp-content\/uploads\/2024\/07\/piramide-olfattiva-cinnamon-768x768.jpg 768w, https:\/\/www.tendenzeshabbychic.it\/wp-content\/uploads\/2024\/07\/piramide-olfattiva-cinnamon.jpg 1000w\" sizes=\"auto, (max-width: 800px) 100vw, 800px\" \/>\t\t\t\t\t\t\n\t\t\t\t\t<\/div>\n\t\t\t\t\t\t\t\t\n<style>\n#image_1969833133 {\n  width: 100%;\n}\n<\/style>\n\t<\/div>\n\t\n\n\n\t\t<\/div>\n\t\t\t\t\t<\/div>\n\n\t\n\n<\/div>\n<p><strong>Dimensions :<\/strong><\/p>\n<ul>\n<li>Hauteur : 9 cm<\/li>\n<li>Poids : 200 gr<\/li>\n<li>Dur\u00e9e : 32 heures<\/li>\n<\/ul>\n","protected":false},"featured_media":148491,"comment_status":"open","ping_status":"closed","template":"","meta":{"_joinchat":[]},"pwb-brand":[776],"product_brand":[],"product_cat":[1516,1460,1503],"product_tag":[523],"class_list":{"0":"post-150190","1":"product","2":"type-product","3":"status-publish","4":"has-post-thumbnail","6":"pwb-brand-edg","7":"product_cat-bougies-parfumees","8":"product_cat-bougies","9":"product_cat-noel","10":"product_tag-idea-regalo","12":"first","13":"instock","14":"sale","15":"taxable","16":"shipping-taxable","17":"purchasable","18":"product-type-simple"},"brands":[{"id":1564,"name":"EDG \u2013 Enzo De Gasperi","slug":"edg-fr"}],"_links":{"self":[{"href":"https:\/\/www.tendenzeshabbychic.it\/fr\/wp-json\/wp\/v2\/product\/150190","targetHints":{"allow":["GET"]}}],"collection":[{"href":"https:\/\/www.tendenzeshabbychic.it\/fr\/wp-json\/wp\/v2\/product"}],"about":[{"href":"https:\/\/www.tendenzeshabbychic.it\/fr\/wp-json\/wp\/v2\/types\/product"}],"replies":[{"embeddable":true,"href":"https:\/\/www.tendenzeshabbychic.it\/fr\/wp-json\/wp\/v2\/comments?post=150190"}],"wp:featuredmedia":[{"embeddable":true,"href":"https:\/\/www.tendenzeshabbychic.it\/fr\/wp-json\/wp\/v2\/media\/148491"}],"wp:attachment":[{"href":"https:\/\/www.tendenzeshabbychic.it\/fr\/wp-json\/wp\/v2\/media?parent=150190"}],"wp:term":[{"taxonomy":"pwb-brand","embeddable":true,"href":"https:\/\/www.tendenzeshabbychic.it\/fr\/wp-json\/wp\/v2\/pwb-brand?post=150190"},{"taxonomy":"product_brand","embeddable":true,"href":"https:\/\/www.tendenzeshabbychic.it\/fr\/wp-json\/wp\/v2\/product_brand?post=150190"},{"taxonomy":"product_cat","embeddable":true,"href":"https:\/\/www.tendenzeshabbychic.it\/fr\/wp-json\/wp\/v2\/product_cat?post=150190"},{"taxonomy":"product_tag","embeddable":true,"href":"https:\/\/www.tendenzeshabbychic.it\/fr\/wp-json\/wp\/v2\/product_tag?post=150190"}],"curies":[{"name":"wp","href":"https:\/\/api.w.org\/{rel}","templated":true}]}}