{"id":150186,"date":"2024-08-05T18:14:29","date_gmt":"2024-08-05T16:14:29","guid":{"rendered":"https:\/\/www.tendenzeshabbychic.it\/prodotto\/branche-deremurus-dore-par-edg-h-106-cm\/"},"modified":"2024-07-05T13:07:29","modified_gmt":"2024-07-05T11:07:29","slug":"branche-deremurus-dore-par-edg-h-106-cm","status":"publish","type":"product","link":"https:\/\/www.tendenzeshabbychic.it\/fr\/produit\/branche-deremurus-dore-par-edg-h-106-cm\/","title":{"rendered":"Branche d&rsquo;Eremurus dor\u00e9 par EDG H 106 cm"},"content":{"rendered":"<p><strong>Comment l&rsquo;utiliser pour cr\u00e9er des compositions fantastiques, notamment pendant la p\u00e9riode de No\u00ebl :<\/strong> La branche dor\u00e9e d&rsquo;Eremurus est parfaite pour ajouter une touche d&rsquo;\u00e9l\u00e9gance et de brillance \u00e0 vos d\u00e9corations de No\u00ebl. Voici quelques id\u00e9es sur la fa\u00e7on de l\u2019utiliser :   <\/p>\n<ol>\n<li><strong>Centre de table festif&nbsp;:<\/strong>\n<ul>\n<li>Associez la branche dor\u00e9e d&rsquo;Eremurus avec des pommes de pin, des baies rouges et des branches de sapin pour cr\u00e9er un centre de table de No\u00ebl \u00e9l\u00e9gant et sophistiqu\u00e9.<\/li>\n<li>Ajoutez des bougies au centre pour un effet chaleureux et accueillant.<\/li>\n<\/ul>\n<\/li>\n<li><strong>D\u00e9corations d&rsquo;arbre de No\u00ebl&nbsp;:<\/strong>\n<ul>\n<li>Utilisez des branches dor\u00e9es dans les branches de votre sapin de No\u00ebl pour ajouter une touche d&rsquo;\u00e9clat et de contraste aux d\u00e9corations traditionnelles.<\/li>\n<li>Vous pouvez \u00e9galement couper les branches en morceaux plus petits et les r\u00e9partir uniform\u00e9ment sur l&rsquo;arbre.<\/li>\n<\/ul>\n<\/li>\n<li><strong>Guirlandes et couronnes :<\/strong>\n<ul>\n<li>Incorporez une branche dor\u00e9e d&rsquo;Eremurus dans vos couronnes et couronnes de No\u00ebl pour un look luxueux.<\/li>\n<li>Ajoutez des rubans rouges ou dor\u00e9s pour compl\u00e9ter l&rsquo;effet festif.<\/li>\n<\/ul>\n<\/li>\n<li><strong>Vases et compositions florales&nbsp;:<\/strong>\n<ul>\n<li>Placez une ou plusieurs branches dor\u00e9es d&rsquo;Eremurus dans un grand vase comme pi\u00e8ce ma\u00eetresse de votre salon ou salle \u00e0 manger.<\/li>\n<li>Associez-le \u00e0 des fleurs blanches ou rouges pour un contraste raffin\u00e9.<\/li>\n<\/ul>\n<\/li>\n<li><strong>D\u00e9corations de chemin\u00e9e&nbsp;:<\/strong>\n<ul>\n<li>Ajoutez les branches dor\u00e9es \u00e0 la d\u00e9coration de votre chemin\u00e9e avec les lumi\u00e8res de No\u00ebl et autres d\u00e9corations hivernales.<\/li>\n<\/ul>\n<\/li>\n<\/ol>\n<p>  Ces branches dor\u00e9es sont polyvalentes et peuvent \u00eatre utilis\u00e9es de multiples fa\u00e7ons pour transformer votre maison en un lieu accueillant et festif \u00e0 No\u00ebl.  \n\t<section class=\"section linkified dark\" id=\"section_1665724998\">\n\t\t<div class=\"section-bg fill\" >\n\t\t\t<img loading=\"lazy\" decoding=\"async\" width=\"800\" height=\"213\" src=\"https:\/\/www.tendenzeshabbychic.it\/wp-content\/uploads\/2021\/09\/natale-hero-1-800x213.jpg\" class=\"bg attachment-medium size-medium\" alt=\"\" \/>\t\t\t\t\t\t<div class=\"section-bg-overlay absolute fill\"><\/div>\n\t\t\t\n\n\t\t<\/div>\n\n\t\t\n\n\t\t<div class=\"section-content relative\">\n\t\t\t\n\n<div class=\"row\"  id=\"row-1319856628\">\n\n\n\t<div id=\"col-619799852\" class=\"col small-12 large-12\"  >\n\t\t\t\t<div class=\"col-inner text-center\"  >\n\t\t\t\n\t\t\t\n\n<h3><span style=\"font-size: 180%;\">No\u00ebl<\/span><\/h3>\n<p>D\u00e9couvrez la large s\u00e9lection de produits pour d\u00e9corer votre maison pour No\u00ebl.<\/p>\n<a href=\"https:\/\/www.tendenzeshabbychic.it\/fr\/categorie-de-produit\/noel\/\" class=\"button alert is-shade box-shadow-3 box-shadow-5-hover\" style=\"border-radius:5px;\">\n\t\t<span>Cliquez ici<\/span>\n\t<\/a>\n\n\n\n\t\t<\/div>\n\t\t\t\t\t<\/div>\n\n\t\n\n<\/div>\n\n\t\t<\/div>\n\n\t\t\n<style>\n#section_1665724998 {\n  padding-top: 12px;\n  padding-bottom: 12px;\n}\n#section_1665724998 .section-bg-overlay {\n  background-color: rgba(0, 0, 0, 0.419);\n}\n#section_1665724998 .section-bg img {\n  object-position: 21% 51%;\n}\n@media (min-width:550px) {\n  #section_1665724998 {\n    padding-top: 57px;\n    padding-bottom: 57px;\n  }\n}\n<\/style>\n\t<\/section>\n\t\n","protected":false},"excerpt":{"rendered":"<p>La branche Golden Eremurus d&rsquo; EDG est un ajout \u00e9tonnant \u00e0 tout arrangement floral, en particulier pendant la saison de No\u00ebl. D&rsquo;une <strong>hauteur de 106 cm<\/strong> , cette branche dor\u00e9e est fabriqu\u00e9e \u00e0 partir de plastique de haute qualit\u00e9, garantissant durabilit\u00e9 et aspect luxueux. Ses feuilles d\u00e9taill\u00e9es et brillantes le rendent id\u00e9al pour cr\u00e9er des d\u00e9corations \u00e9l\u00e9gantes et festives.    <strong>D\u00e9tails du produit:<\/strong><\/p>\n<ul>\n<li><strong>Hauteur :<\/strong> 106 cm<\/li>\n<li><strong>Couleur<\/strong> or<\/li>\n<li><strong>Mat\u00e9riel:<\/strong> Plastique<\/li>\n<li><strong>Marque :<\/strong> EDG Enzo De Gasperi<\/li>\n<\/ul>\n","protected":false},"featured_media":147870,"comment_status":"open","ping_status":"closed","template":"","meta":{"_joinchat":[]},"pwb-brand":[1564],"product_brand":[],"product_cat":[1467,1503],"product_tag":[],"class_list":{"0":"post-150186","1":"product","2":"type-product","3":"status-publish","4":"has-post-thumbnail","6":"pwb-brand-edg-fr","7":"product_cat-fleurs-et-plantes-artificielles","8":"product_cat-noel","9":"pa_colore-or","11":"first","12":"instock","13":"sale","14":"taxable","15":"shipping-taxable","16":"purchasable","17":"product-type-simple"},"brands":[{"id":1564,"name":"EDG \u2013 Enzo De Gasperi","slug":"edg-fr"}],"_links":{"self":[{"href":"https:\/\/www.tendenzeshabbychic.it\/fr\/wp-json\/wp\/v2\/product\/150186","targetHints":{"allow":["GET"]}}],"collection":[{"href":"https:\/\/www.tendenzeshabbychic.it\/fr\/wp-json\/wp\/v2\/product"}],"about":[{"href":"https:\/\/www.tendenzeshabbychic.it\/fr\/wp-json\/wp\/v2\/types\/product"}],"replies":[{"embeddable":true,"href":"https:\/\/www.tendenzeshabbychic.it\/fr\/wp-json\/wp\/v2\/comments?post=150186"}],"wp:featuredmedia":[{"embeddable":true,"href":"https:\/\/www.tendenzeshabbychic.it\/fr\/wp-json\/wp\/v2\/media\/147870"}],"wp:attachment":[{"href":"https:\/\/www.tendenzeshabbychic.it\/fr\/wp-json\/wp\/v2\/media?parent=150186"}],"wp:term":[{"taxonomy":"pwb-brand","embeddable":true,"href":"https:\/\/www.tendenzeshabbychic.it\/fr\/wp-json\/wp\/v2\/pwb-brand?post=150186"},{"taxonomy":"product_brand","embeddable":true,"href":"https:\/\/www.tendenzeshabbychic.it\/fr\/wp-json\/wp\/v2\/product_brand?post=150186"},{"taxonomy":"product_cat","embeddable":true,"href":"https:\/\/www.tendenzeshabbychic.it\/fr\/wp-json\/wp\/v2\/product_cat?post=150186"},{"taxonomy":"product_tag","embeddable":true,"href":"https:\/\/www.tendenzeshabbychic.it\/fr\/wp-json\/wp\/v2\/product_tag?post=150186"}],"curies":[{"name":"wp","href":"https:\/\/api.w.org\/{rel}","templated":true}]}}