{"id":149605,"date":"2023-01-01T00:00:01","date_gmt":"2022-12-31T23:00:01","guid":{"rendered":"https:\/\/www.tendenzeshabbychic.it\/prodotto\/set-de-table-de-noel-avec-imprime-noeuds-et-decorations-et-decoration-laterale-symphonie-de-noel\/"},"modified":"2026-01-26T22:26:48","modified_gmt":"2026-01-26T21:26:48","slug":"set-de-table-de-noel-avec-imprime-noeuds-et-decorations-et-decoration-laterale-symphonie-de-noel","status":"publish","type":"product","link":"https:\/\/www.tendenzeshabbychic.it\/fr\/produit\/set-de-table-de-noel-avec-imprime-noeuds-et-decorations-et-decoration-laterale-symphonie-de-noel\/","title":{"rendered":"Set de table de No\u00ebl avec imprim\u00e9 n\u0153uds et d\u00e9corations et d\u00e9coration lat\u00e9rale Sinfonia Natalizia"},"content":{"rendered":"<h3>Caract\u00e9ristiques<\/h3>\n<ul>\n<li><strong>Mati\u00e8re<\/strong> : Coton de haute qualit\u00e9<\/li>\n<li><strong>Design<\/strong> : Imprim\u00e9 de n\u0153uds et d\u00e9corations de No\u00ebl avec rabat lat\u00e9ral<\/li>\n<li><strong>Dimensions<\/strong> : Largeur 42 cm, Hauteur 40 cm<\/li>\n<li><strong>Collection<\/strong> : Sinfonia Natalizia<\/li>\n<li><strong>Entretien<\/strong> : Lavable en machine \u00e0 basse temp\u00e9rature<\/li>\n<\/ul>\n<h3>Pourquoi acheter<\/h3>\n<ul>\n<li><strong>Ambiance festive<\/strong> : Cr\u00e9ez une table \u00e9l\u00e9gante et festive parfaite pour les d\u00eeners de No\u00ebl.<\/li>\n<li><strong>Haute qualit\u00e9<\/strong> : fabriqu\u00e9 en coton durable pour une longue dur\u00e9e de vie et un entretien facile.<\/li>\n<li><strong>Design \u00e9l\u00e9gant<\/strong> : l&rsquo;imprim\u00e9 raffin\u00e9 et le volant lat\u00e9ral ajoutent une touche de classe \u00e0 votre table.<\/li>\n<li><strong>Polyvalent<\/strong> : Id\u00e9al pour les d\u00e9jeuners et d\u00eeners pendant toute la p\u00e9riode de No\u00ebl.<\/li>\n<li><strong>Cadeau parfait<\/strong> : une id\u00e9e cadeau id\u00e9ale pour les amis et la famille qui aiment d\u00e9corer leur maison dans le style de No\u00ebl.<\/li>\n<\/ul>\n<p>  Imaginez ce set de table embellissant votre table lors d&rsquo;un d\u00eener de No\u00ebl, cr\u00e9ant une ambiance chaleureuse et accueillante. Parfait pour ajouter une touche d&rsquo;\u00e9l\u00e9gance \u00e0 tout repas de f\u00eate, ce set de table deviendra un \u00e9l\u00e9ment indispensable de vos d\u00e9corations de No\u00ebl.   \n\t<section class=\"section linkified dark\" id=\"section_2121569203\">\n\t\t<div class=\"section-bg fill\" >\n\t\t\t<img loading=\"lazy\" decoding=\"async\" width=\"800\" height=\"213\" src=\"https:\/\/www.tendenzeshabbychic.it\/wp-content\/uploads\/2021\/09\/natale-hero-1-800x213.jpg\" class=\"bg attachment-medium size-medium\" alt=\"\" \/>\t\t\t\t\t\t<div class=\"section-bg-overlay absolute fill\"><\/div>\n\t\t\t\n\n\t\t<\/div>\n\n\t\t\n\n\t\t<div class=\"section-content relative\">\n\t\t\t\n\n<div class=\"row\"  id=\"row-675009878\">\n\n\n\t<div id=\"col-1070081324\" class=\"col small-12 large-12\"  >\n\t\t\t\t<div class=\"col-inner text-center\"  >\n\t\t\t\n\t\t\t\n\n<h3><span style=\"font-size: 180%;\">No\u00ebl<\/span><\/h3>\n<p>D\u00e9couvrez la large s\u00e9lection de produits pour d\u00e9corer votre maison pour No\u00ebl.<\/p>\n<a href=\"https:\/\/www.tendenzeshabbychic.it\/fr\/categorie-de-produit\/noel\/\" class=\"button alert is-shade box-shadow-3 box-shadow-5-hover\" style=\"border-radius:5px;\">\n\t\t<span>Cliquez ici<\/span>\n\t<\/a>\n\n\n\n\t\t<\/div>\n\t\t\t\t\t<\/div>\n\n\t\n\n<\/div>\n\n\t\t<\/div>\n\n\t\t\n<style>\n#section_2121569203 {\n  padding-top: 12px;\n  padding-bottom: 12px;\n}\n#section_2121569203 .section-bg-overlay {\n  background-color: rgba(0, 0, 0, 0.419);\n}\n#section_2121569203 .section-bg img {\n  object-position: 21% 51%;\n}\n@media (min-width:550px) {\n  #section_2121569203 {\n    padding-top: 57px;\n    padding-bottom: 57px;\n  }\n}\n<\/style>\n\t<\/section>\n\t\n","protected":false},"excerpt":{"rendered":"<p>Set de table de No\u00ebl en coton avec imprim\u00e9 gui, d\u00e9corations et n\u0153uds avec volant lat\u00e9ral. Il fait partie de la collection Sinfonia Natalizia .   <\/p>\n<ul>\n<li>Largeur 40 cm<\/li>\n<li>Hauteur 33 cm<\/li>\n<\/ul>\n<p>  Imprim\u00e9 de No\u00ebl con\u00e7u par Blanc Mariclo . Apportez la f\u00e9erie de No\u00ebl \u00e0 votre table avec le set de table de No\u00ebl de la collection \u00a0\u00bb Sinfonia Natalizia \u00ab\u00a0. Cet \u00e9l\u00e9gant set de table est d\u00e9cor\u00e9 d&rsquo;un imprim\u00e9 raffin\u00e9 de n\u0153uds et de d\u00e9corations de No\u00ebl, enrichi d&rsquo;une frise lat\u00e9rale qui ajoute une touche de style \u00e0 vos f\u00eates.  <iframe loading=\"lazy\" title=\"YouTube video player\" src=\"https:\/\/www.youtube.com\/embed\/JDOcqvPlpLo\" width=\"540\" height=\"960\" frameborder=\"0\" allowfullscreen=\"allowfullscreen\"><\/iframe><\/p>\n","protected":false},"featured_media":140315,"comment_status":"open","ping_status":"closed","template":"","meta":{"_joinchat":[]},"pwb-brand":[1561],"product_brand":[],"product_cat":[1492,1503],"product_tag":[2865,2844],"class_list":{"0":"post-149605","1":"product","2":"type-product","3":"status-publish","4":"has-post-thumbnail","6":"pwb-brand-blanc-mariclo-fr","7":"product_cat-sets-de-table","8":"product_cat-noel","9":"product_tag-coleccion-sinfonia-natalizia","10":"product_tag-salle-a-manger","11":"pa_colore-blanc","13":"first","14":"outofstock","15":"sale","16":"taxable","17":"shipping-taxable","18":"purchasable","19":"product-type-simple"},"brands":[{"id":1561,"name":"Blanc Mariclo","slug":"blanc-mariclo-fr"}],"_links":{"self":[{"href":"https:\/\/www.tendenzeshabbychic.it\/fr\/wp-json\/wp\/v2\/product\/149605","targetHints":{"allow":["GET"]}}],"collection":[{"href":"https:\/\/www.tendenzeshabbychic.it\/fr\/wp-json\/wp\/v2\/product"}],"about":[{"href":"https:\/\/www.tendenzeshabbychic.it\/fr\/wp-json\/wp\/v2\/types\/product"}],"replies":[{"embeddable":true,"href":"https:\/\/www.tendenzeshabbychic.it\/fr\/wp-json\/wp\/v2\/comments?post=149605"}],"wp:featuredmedia":[{"embeddable":true,"href":"https:\/\/www.tendenzeshabbychic.it\/fr\/wp-json\/wp\/v2\/media\/140315"}],"wp:attachment":[{"href":"https:\/\/www.tendenzeshabbychic.it\/fr\/wp-json\/wp\/v2\/media?parent=149605"}],"wp:term":[{"taxonomy":"pwb-brand","embeddable":true,"href":"https:\/\/www.tendenzeshabbychic.it\/fr\/wp-json\/wp\/v2\/pwb-brand?post=149605"},{"taxonomy":"product_brand","embeddable":true,"href":"https:\/\/www.tendenzeshabbychic.it\/fr\/wp-json\/wp\/v2\/product_brand?post=149605"},{"taxonomy":"product_cat","embeddable":true,"href":"https:\/\/www.tendenzeshabbychic.it\/fr\/wp-json\/wp\/v2\/product_cat?post=149605"},{"taxonomy":"product_tag","embeddable":true,"href":"https:\/\/www.tendenzeshabbychic.it\/fr\/wp-json\/wp\/v2\/product_tag?post=149605"}],"curies":[{"name":"wp","href":"https:\/\/api.w.org\/{rel}","templated":true}]}}