{"id":138107,"date":"2024-04-24T18:51:45","date_gmt":"2024-04-24T16:51:45","guid":{"rendered":"https:\/\/www.tendenzeshabbychic.it\/prodotto\/edg-tris-caisses-en-bois-avec-poignees\/"},"modified":"2025-01-13T12:31:06","modified_gmt":"2025-01-13T11:31:06","slug":"edg-tris-caisses-en-bois-avec-poignees","status":"publish","type":"product","link":"https:\/\/www.tendenzeshabbychic.it\/fr\/produit\/edg-tris-caisses-en-bois-avec-poignees\/","title":{"rendered":"EDG Tris Caisses en bois avec poign\u00e9es"},"content":{"rendered":"","protected":false},"excerpt":{"rendered":"<p>Bel ensemble tr\u00e8s pratique compos\u00e9 de 3 bo\u00eetes carr\u00e9es en bois de r\u00e9cup\u00e9ration avec poign\u00e9e en m\u00e9tal.<\/p>\n<p>Vous pouvez les utiliser dans de nombreux environnements et \u00e0 des fins diff\u00e9rentes.<\/p>\n<ul>\n<li>Petite bo\u00eete 15 x 15 xh 8 cm<\/li>\n<li>Bo\u00eete moyenne 20 x 20 xh 9 cm<\/li>\n<li>Grande bo\u00eete 25 x 25 xh 10 cm<\/li>\n<\/ul>\n<p>&nbsp;<\/p>\n","protected":false},"featured_media":137735,"comment_status":"open","ping_status":"closed","template":"","meta":{"_joinchat":[]},"pwb-brand":[1564],"product_brand":[],"product_cat":[1505],"product_tag":[3285],"class_list":{"0":"post-138107","1":"product","2":"type-product","3":"status-publish","4":"has-post-thumbnail","6":"pwb-brand-edg-fr","7":"product_cat-objets","8":"product_tag-ventes","10":"first","11":"instock","12":"sale","13":"taxable","14":"shipping-taxable","15":"purchasable","16":"product-type-simple"},"brands":[{"id":1564,"name":"EDG \u2013 Enzo De Gasperi","slug":"edg-fr"}],"_links":{"self":[{"href":"https:\/\/www.tendenzeshabbychic.it\/fr\/wp-json\/wp\/v2\/product\/138107","targetHints":{"allow":["GET"]}}],"collection":[{"href":"https:\/\/www.tendenzeshabbychic.it\/fr\/wp-json\/wp\/v2\/product"}],"about":[{"href":"https:\/\/www.tendenzeshabbychic.it\/fr\/wp-json\/wp\/v2\/types\/product"}],"replies":[{"embeddable":true,"href":"https:\/\/www.tendenzeshabbychic.it\/fr\/wp-json\/wp\/v2\/comments?post=138107"}],"wp:featuredmedia":[{"embeddable":true,"href":"https:\/\/www.tendenzeshabbychic.it\/fr\/wp-json\/wp\/v2\/media\/137735"}],"wp:attachment":[{"href":"https:\/\/www.tendenzeshabbychic.it\/fr\/wp-json\/wp\/v2\/media?parent=138107"}],"wp:term":[{"taxonomy":"pwb-brand","embeddable":true,"href":"https:\/\/www.tendenzeshabbychic.it\/fr\/wp-json\/wp\/v2\/pwb-brand?post=138107"},{"taxonomy":"product_brand","embeddable":true,"href":"https:\/\/www.tendenzeshabbychic.it\/fr\/wp-json\/wp\/v2\/product_brand?post=138107"},{"taxonomy":"product_cat","embeddable":true,"href":"https:\/\/www.tendenzeshabbychic.it\/fr\/wp-json\/wp\/v2\/product_cat?post=138107"},{"taxonomy":"product_tag","embeddable":true,"href":"https:\/\/www.tendenzeshabbychic.it\/fr\/wp-json\/wp\/v2\/product_tag?post=138107"}],"curies":[{"name":"wp","href":"https:\/\/api.w.org\/{rel}","templated":true}]}}