{"id":138070,"date":"2024-04-24T23:32:46","date_gmt":"2024-04-24T21:32:46","guid":{"rendered":"https:\/\/www.tendenzeshabbychic.it\/prodotto\/edg-luxury-lavander-thyme-spray-dambiance-280ml\/"},"modified":"2024-04-29T17:29:44","modified_gmt":"2024-04-29T15:29:44","slug":"edg-luxury-lavander-thyme-spray-dambiance-280ml","status":"publish","type":"product","link":"https:\/\/www.tendenzeshabbychic.it\/fr\/produit\/edg-luxury-lavander-thyme-spray-dambiance-280ml\/","title":{"rendered":"EDG Luxury Lavander Thyme spray d&rsquo;ambiance 280ML"},"content":{"rendered":"","protected":false},"excerpt":{"rendered":"<p>D\u00e9sodorisant en spray avec 280 ml de parfum<\/p>\n<div class=\"row\"  id=\"row-2062340127\">\n\n\n\t<div id=\"col-1846210809\" class=\"col medium-12 small-12 large-6\"  >\n\t\t\t\t<div class=\"col-inner\"  >\n\t\t\t\n\t\t\t\n\n<h2>Thym lavande<\/h2>\n<p>Une symphonie harmonieuse de senteurs qui capture l\u2019essence relaxante d\u2019un jardin fleuri au coucher du soleil.<\/p>\n<p>L'ar\u00f4me frais et floral de la lavande se combine \u00e0 la douceur \u00e9th\u00e9r\u00e9e du muguet, cr\u00e9ant une sensation de paix et de tranquillit\u00e9.<\/p>\n<p>Un parfum qui rappelle un voyage sensoriel \u00e0 travers les champs de lavande et les jardins parfum\u00e9s.<\/p>\n<p><strong>BOUQUET<\/strong><br>FLORAL<\/p>\n\n\t\t<\/div>\n\t\t\t\t\t<\/div>\n\n\t\n\n\t<div id=\"col-1994455244\" class=\"col medium-12 small-12 large-6\"  >\n\t\t\t\t<div class=\"col-inner\"  >\n\t\t\t\n\t\t\t\n\n\t<div class=\"img has-hover x md-x lg-x y md-y lg-y\" id=\"image_1686694668\">\n\t\t\t\t\t\t\t\t<div class=\"img-inner dark\" >\n\t\t\t<img width=\"918\" height=\"778\" src=\"https:\/\/www.tendenzeshabbychic.it\/wp-content\/uploads\/2024\/04\/Lavender-Thyme.jpg\" class=\"attachment-large size-large\" alt=\"\" decoding=\"async\" loading=\"lazy\" srcset=\"https:\/\/www.tendenzeshabbychic.it\/wp-content\/uploads\/2024\/04\/Lavender-Thyme.jpg 918w, https:\/\/www.tendenzeshabbychic.it\/wp-content\/uploads\/2024\/04\/Lavender-Thyme-64x54.jpg 64w, https:\/\/www.tendenzeshabbychic.it\/wp-content\/uploads\/2024\/04\/Lavender-Thyme-472x400.jpg 472w, https:\/\/www.tendenzeshabbychic.it\/wp-content\/uploads\/2024\/04\/Lavender-Thyme-768x651.jpg 768w\" sizes=\"auto, (max-width: 918px) 100vw, 918px\" \/>\t\t\t\t\t\t\n\t\t\t\t\t<\/div>\n\t\t\t\t\t\t\t\t\n<style>\n#image_1686694668 {\n  width: 100%;\n}\n<\/style>\n\t<\/div>\n\t\n\n\n\t\t<\/div>\n\t\t\t\t\t<\/div>\n\n\t\n\n<\/div>\n<ul>\n<li>Hauteur de la bouteille 18 cm<\/li>\n<li>Diam\u00e8tre 7 cm<\/li>\n<\/ul>\n<p>Le beau flacon en c\u00e9ramique opaque extr\u00eamement \u00e9l\u00e9gant parfume non seulement vos pi\u00e8ces, mais fait \u00e9galement office d&rsquo;\u00e9l\u00e9ment d&rsquo;ameublement.<\/p>\n<p>Produit au design unique cr\u00e9\u00e9 par EDG Enzo de Gasperi , il fait partie de la nouvelle collection Luxury .<\/p>\n<p>Une excellente id\u00e9e cadeau, il vous sera livr\u00e9 dans son \u00e9l\u00e9gant coffret.<\/p>\n","protected":false},"featured_media":137858,"comment_status":"open","ping_status":"closed","template":"","meta":{"_joinchat":[]},"pwb-brand":[1564],"product_brand":[],"product_cat":[1518],"product_tag":[1296,2833,3285],"class_list":{"0":"post-138070","1":"product","2":"type-product","3":"status-publish","4":"has-post-thumbnail","6":"pwb-brand-edg-fr","7":"product_cat-spray-fr","8":"product_tag-idee-de-cadeau","9":"product_tag-lavender-thyme-edg-fr","10":"product_tag-ventes","12":"first","13":"instock","14":"sale","15":"taxable","16":"shipping-taxable","17":"purchasable","18":"product-type-simple"},"brands":[{"id":1564,"name":"EDG \u2013 Enzo De Gasperi","slug":"edg-fr"}],"_links":{"self":[{"href":"https:\/\/www.tendenzeshabbychic.it\/fr\/wp-json\/wp\/v2\/product\/138070","targetHints":{"allow":["GET"]}}],"collection":[{"href":"https:\/\/www.tendenzeshabbychic.it\/fr\/wp-json\/wp\/v2\/product"}],"about":[{"href":"https:\/\/www.tendenzeshabbychic.it\/fr\/wp-json\/wp\/v2\/types\/product"}],"replies":[{"embeddable":true,"href":"https:\/\/www.tendenzeshabbychic.it\/fr\/wp-json\/wp\/v2\/comments?post=138070"}],"wp:featuredmedia":[{"embeddable":true,"href":"https:\/\/www.tendenzeshabbychic.it\/fr\/wp-json\/wp\/v2\/media\/137858"}],"wp:attachment":[{"href":"https:\/\/www.tendenzeshabbychic.it\/fr\/wp-json\/wp\/v2\/media?parent=138070"}],"wp:term":[{"taxonomy":"pwb-brand","embeddable":true,"href":"https:\/\/www.tendenzeshabbychic.it\/fr\/wp-json\/wp\/v2\/pwb-brand?post=138070"},{"taxonomy":"product_brand","embeddable":true,"href":"https:\/\/www.tendenzeshabbychic.it\/fr\/wp-json\/wp\/v2\/product_brand?post=138070"},{"taxonomy":"product_cat","embeddable":true,"href":"https:\/\/www.tendenzeshabbychic.it\/fr\/wp-json\/wp\/v2\/product_cat?post=138070"},{"taxonomy":"product_tag","embeddable":true,"href":"https:\/\/www.tendenzeshabbychic.it\/fr\/wp-json\/wp\/v2\/product_tag?post=138070"}],"curies":[{"name":"wp","href":"https:\/\/api.w.org\/{rel}","templated":true}]}}