{"id":137528,"date":"2022-11-14T16:01:56","date_gmt":"2022-11-14T15:01:56","guid":{"rendered":"https:\/\/www.tendenzeshabbychic.it\/prodotto\/cantonniere-dentelle-flora-blanc-naturel-160x55-chez-moi\/"},"modified":"2022-11-14T17:01:56","modified_gmt":"2022-11-14T16:01:56","slug":"cantonniere-dentelle-flora-blanc-naturel-160x55-chez-moi","status":"publish","type":"product","link":"https:\/\/www.tendenzeshabbychic.it\/fr\/produit\/cantonniere-dentelle-flora-blanc-naturel-160x55-chez-moi\/","title":{"rendered":"Cantonni\u00e8re Dentelle Flora Blanc Naturel 160&#215;55 Chez Moi"},"content":{"rendered":"<ul>\n<li>mati\u00e8re : 80% nylon &#8211; 20% coton<\/li>\n<li>MADE IN ITALY<\/li>\n<li>fait \u00e0 la main<\/li>\n<\/ul>\n","protected":false},"excerpt":{"rendered":"<p>DIMENSIONS : L 160 x H 55 cm<\/p>\n<p>Cantonni\u00e8re Shabby chic en dentelle naturelle Flora vianco par Chez Moi . Parfait pour cr\u00e9er une ambiance romantique.<\/p>\n<p>Vous pouvez l&rsquo;accrocher au b\u00e2ton soit avec les lacets en lin cr\u00e9ant de jolis n\u0153uds, soit avec l&rsquo;unique boucle dissimul\u00e9e.<\/p>\n<p>Habillez vos pi\u00e8ces d&rsquo;un luxe purement italien avec Tendenze Shabby Chic et Chez Moi.<\/p>\n<p>Le rideau en lin blanc n&rsquo;est pas inclus dans le paquet.<\/p>\n","protected":false},"featured_media":69411,"comment_status":"open","ping_status":"closed","template":"","meta":{"_joinchat":[]},"pwb-brand":[2079],"product_brand":[],"product_cat":[1537],"product_tag":[2131,2251,2280,2259],"class_list":{"0":"post-137528","1":"product","2":"type-product","3":"status-publish","4":"has-post-thumbnail","6":"pwb-brand-chez-moi-es","7":"product_cat-mantovans","8":"product_tag-blanco-natural","9":"product_tag-encaje","10":"product_tag-hecho-a-mano","11":"product_tag-made-in-italy-es","13":"first","14":"outofstock","15":"taxable","16":"shipping-taxable","17":"purchasable","18":"product-type-simple"},"brands":[{"id":1567,"name":"Chez Moi","slug":"chez-moi-fr"}],"_links":{"self":[{"href":"https:\/\/www.tendenzeshabbychic.it\/fr\/wp-json\/wp\/v2\/product\/137528","targetHints":{"allow":["GET"]}}],"collection":[{"href":"https:\/\/www.tendenzeshabbychic.it\/fr\/wp-json\/wp\/v2\/product"}],"about":[{"href":"https:\/\/www.tendenzeshabbychic.it\/fr\/wp-json\/wp\/v2\/types\/product"}],"replies":[{"embeddable":true,"href":"https:\/\/www.tendenzeshabbychic.it\/fr\/wp-json\/wp\/v2\/comments?post=137528"}],"wp:featuredmedia":[{"embeddable":true,"href":"https:\/\/www.tendenzeshabbychic.it\/fr\/wp-json\/wp\/v2\/media\/69411"}],"wp:attachment":[{"href":"https:\/\/www.tendenzeshabbychic.it\/fr\/wp-json\/wp\/v2\/media?parent=137528"}],"wp:term":[{"taxonomy":"pwb-brand","embeddable":true,"href":"https:\/\/www.tendenzeshabbychic.it\/fr\/wp-json\/wp\/v2\/pwb-brand?post=137528"},{"taxonomy":"product_brand","embeddable":true,"href":"https:\/\/www.tendenzeshabbychic.it\/fr\/wp-json\/wp\/v2\/product_brand?post=137528"},{"taxonomy":"product_cat","embeddable":true,"href":"https:\/\/www.tendenzeshabbychic.it\/fr\/wp-json\/wp\/v2\/product_cat?post=137528"},{"taxonomy":"product_tag","embeddable":true,"href":"https:\/\/www.tendenzeshabbychic.it\/fr\/wp-json\/wp\/v2\/product_tag?post=137528"}],"curies":[{"name":"wp","href":"https:\/\/api.w.org\/{rel}","templated":true}]}}