{"id":136162,"date":"2026-02-27T17:37:03","date_gmt":"2026-02-27T16:37:03","guid":{"rendered":"https:\/\/www.tendenzeshabbychic.it\/prodotto\/chez-moi-paire-de-rideaux-pour-porte-fenetre-etoile-corinthien-blanc-naturel-60x240\/"},"modified":"2024-04-24T01:39:05","modified_gmt":"2024-04-23T23:39:05","slug":"chez-moi-paire-de-rideaux-pour-porte-fenetre-etoile-corinthien-blanc-naturel-60x240","status":"publish","type":"product","link":"https:\/\/www.tendenzeshabbychic.it\/fr\/produit\/chez-moi-paire-de-rideaux-pour-porte-fenetre-etoile-corinthien-blanc-naturel-60x240\/","title":{"rendered":"Chez Moi Paire de rideaux pour porte-fen\u00eatre Etoile Corinthien blanc naturel 60&#215;240"},"content":{"rendered":"\n\t<section class=\"section\" id=\"section_656298811\">\n\t\t<div class=\"section-bg fill\" >\n\t\t\t\t\t\t\t\t\t\n\t\t\t\n\n\t\t<\/div>\n\n\t\t\n\n\t\t<div class=\"section-content relative\">\n\t\t\t\n\n<div class=\"row\"  id=\"row-684191808\">\n\n\n\t<div id=\"col-1256774205\" class=\"col small-12 large-12\"  >\n\t\t\t\t<div class=\"col-inner\"  >\n\t\t\t\n\t\t\t\n\n\t<div id=\"text-882704660\" class=\"text\">\n\t\t\n\n<h3><span style=\"font-size: 115%;\">Les conseils de Serena...<\/span><\/h3>\n<p>Traitez vos v\u00eatements comme ils le m\u00e9ritent, utilisez le spray et l'adoucissant originaux <strong>Chez Moi<\/strong> pour vos tissus pr\u00e9cieux.<\/p>\n\t\t\n<style>\n#text-882704660 {\n  font-size: 1.3rem;\n}\n<\/style>\n\t<\/div>\n\t\n\n\t\t<\/div>\n\t\t\t\t\t<\/div>\n\n\t\n\n<\/div>\n<div class=\"row\"  id=\"row-1855306517\">\n\n\n\t<div id=\"col-1490366740\" class=\"col medium-6 small-6 large-6\"  >\n\t\t\t\t<div class=\"col-inner\"  >\n\t\t\t\n\t\t\t\n\n\t\n  \n    <div class=\"row large-columns-1 medium-columns- small-columns- row-small has-shadow row-box-shadow-1\" >\n  \n\t     <div class=\"product-small col has-hover product type-product post-74454 status-publish first instock product_cat-parfums-pour-tissus product_tag-dentelle product_tag-made-in-italy-fr has-post-thumbnail taxable shipping-taxable purchasable product-type-simple\">\n\t<div class=\"col-inner\">\n\t\n<div class=\"badge-container absolute left top z-1\">\n\n<\/div>\n\t<div class=\"product-small box \">\n\t\t<div class=\"box-image\">\n\t\t\t<div class=\"image-fade_in_back\">\n\t\t\t\t<a href=\"https:\/\/www.tendenzeshabbychic.it\/fr\/produit\/spray-pour-fleurs-en-tissu-chez-moi\/\">\n\t\t\t\t\t<img loading=\"lazy\" decoding=\"async\" width=\"500\" height=\"500\" src=\"https:\/\/www.tendenzeshabbychic.it\/wp-content\/uploads\/2022\/05\/soray-per-tessuti-fior-di-pizzo-chez-moi-500x500.jpg\" class=\"attachment-woocommerce_thumbnail size-woocommerce_thumbnail\" alt=\"spray Chez Moi fragrance dentelle fleur\" srcset=\"https:\/\/www.tendenzeshabbychic.it\/wp-content\/uploads\/2022\/05\/soray-per-tessuti-fior-di-pizzo-chez-moi-500x500.jpg 500w, https:\/\/www.tendenzeshabbychic.it\/wp-content\/uploads\/2022\/05\/soray-per-tessuti-fior-di-pizzo-chez-moi-100x100.jpg 100w, https:\/\/www.tendenzeshabbychic.it\/wp-content\/uploads\/2022\/05\/soray-per-tessuti-fior-di-pizzo-chez-moi-64x64.jpg 64w, https:\/\/www.tendenzeshabbychic.it\/wp-content\/uploads\/2022\/05\/soray-per-tessuti-fior-di-pizzo-chez-moi-400x400.jpg 400w, https:\/\/www.tendenzeshabbychic.it\/wp-content\/uploads\/2022\/05\/soray-per-tessuti-fior-di-pizzo-chez-moi-800x800.jpg 800w, https:\/\/www.tendenzeshabbychic.it\/wp-content\/uploads\/2022\/05\/soray-per-tessuti-fior-di-pizzo-chez-moi-280x280.jpg 280w, https:\/\/www.tendenzeshabbychic.it\/wp-content\/uploads\/2022\/05\/soray-per-tessuti-fior-di-pizzo-chez-moi-768x768.jpg 768w, https:\/\/www.tendenzeshabbychic.it\/wp-content\/uploads\/2022\/05\/soray-per-tessuti-fior-di-pizzo-chez-moi-247x247.jpg 247w, https:\/\/www.tendenzeshabbychic.it\/wp-content\/uploads\/2022\/05\/soray-per-tessuti-fior-di-pizzo-chez-moi-510x510.jpg 510w, https:\/\/www.tendenzeshabbychic.it\/wp-content\/uploads\/2022\/05\/soray-per-tessuti-fior-di-pizzo-chez-moi.jpg 1000w\" sizes=\"auto, (max-width: 500px) 100vw, 500px\" \/>\t\t\t\t<\/a>\n\t\t\t<\/div>\n\t\t\t<div class=\"image-tools is-small top right show-on-hover\">\n\t\t\t\t\t\t\t<\/div>\n\t\t\t<div class=\"image-tools is-small hide-for-small bottom left show-on-hover\">\n\t\t\t\t\t\t\t<\/div>\n\t\t\t<div class=\"image-tools grid-tools text-center hide-for-small bottom hover-slide-in show-on-hover\">\n\t\t\t\t\t\t\t<\/div>\n\t\t\t\t\t<\/div>\n\n\t\t<div class=\"box-text box-text-products\">\n\t\t\t<div class=\"title-wrapper\"><p class=\"name product-title woocommerce-loop-product__title\"><a href=\"https:\/\/www.tendenzeshabbychic.it\/fr\/produit\/spray-pour-fleurs-en-tissu-chez-moi\/\" class=\"woocommerce-LoopProduct-link woocommerce-loop-product__link\">Spray pour Tissus Fior di Pizzo Chez Moi<\/a><\/p><\/div><div class=\"price-wrapper\"><div class=\"star-rating star-rating--inline\" role=\"img\" aria-label=\"Note 5 sur 5\"><span style=\"width:100%\">Note <strong class=\"rating\">5<\/strong> sur 5<\/span><\/div>\n\t<span class=\"price\"><span class=\"woocommerce-Price-amount amount\"><bdi>14,90&nbsp;<span class=\"woocommerce-Price-currencySymbol\">&euro;<\/span><\/bdi><\/span><\/span>\n<\/div>\t\t<\/div>\n\t<\/div>\n\t\t\t\t<input type=\"hidden\" class=\"pmwProductId\" data-id=\"74454\">\n\t\t\t\t\t<script>\n\t\t\t(window.pmwDataLayer = window.pmwDataLayer || {}).products                = window.pmwDataLayer.products || {};\n\t\t\twindow.pmwDataLayer.products[74454] = {\"id\":\"74454\",\"sku\":\"SPRAYCHEZMOI\",\"price\":14.9,\"brand\":\"\",\"quantity\":1,\"dyn_r_ids\":{\"post_id\":\"74454\",\"sku\":\"SPRAYCHEZMOI\",\"gpf\":\"woocommerce_gpf_74454\",\"gla\":\"gla_74454\"},\"is_variable\":false,\"type\":\"simple\",\"name\":\"Spray pour Tissus Fior di Pizzo Chez Moi\",\"category\":[\"Parfums pour tissus\"],\"is_variation\":false};\n\t\t\t\t\twindow.pmw_product_position = window.pmw_product_position || 1;\n\t\twindow.pmwDataLayer.products[74454]['position'] = window.pmw_product_position++;\n\t\t\t\t<\/script>\n\t\t\t<\/div>\n<\/div><\/div>\n\n\n\t\t<\/div>\n\t\t\t\t\t<\/div>\n\n\t\n\n\t<div id=\"col-1124089203\" class=\"col medium-6 small-6 large-6\"  >\n\t\t\t\t<div class=\"col-inner\"  >\n\t\t\t\n\t\t\t\n\n\t\n  \n    <div class=\"row large-columns-1 medium-columns- small-columns- row-small has-shadow row-box-shadow-1\" >\n  \n\t     <\/div>\n\n\n\t\t<\/div>\n\t\t\t\t\t<\/div>\n\n\t\n\n<\/div>\n\n\t\t<\/div>\n\n\t\t\n<style>\n#section_656298811 {\n  padding-top: 30px;\n  padding-bottom: 30px;\n}\n<\/style>\n\t<\/section>\n\t\n","protected":false},"excerpt":{"rendered":"<p>Paire de rideaux de porte shabby chic en coton blanc naturel et dentelle corinzio . Enrichi de deux \u00e0 la base.<\/p>\n<p>Il s&rsquo;accroche via une seule boucle.<\/p>\n<p>Enti\u00e8rement r\u00e9alis\u00e9s \u00e0 la main, ils font partie de la nouvelle collection Etoile Printemps\/\u00c9t\u00e9 2024 de Chez Moi .<\/p>\n<ul>\n<li>Largeur 60 cm<\/li>\n<li>Hauteur 240 cm<\/li>\n<\/ul>\n<p>Deux feuilles sont incluses dans chaque paquet.<\/p>\n","protected":false},"featured_media":136073,"comment_status":"open","ping_status":"closed","template":"","meta":{"_joinchat":[]},"pwb-brand":[1567],"product_brand":[],"product_cat":[2758,1535],"product_tag":[2509,2847,1305,2814,1300,1298],"class_list":{"0":"post-136162","1":"product","2":"type-product","3":"status-publish","4":"has-post-thumbnail","6":"pwb-brand-chez-moi-fr","7":"product_cat-rideaux-de-fenetre","8":"product_cat-rideaux","9":"product_tag-bianco-naturale-fr","10":"product_tag-chambre","11":"product_tag-dentelle-corinzio","12":"product_tag-etoile-fr","13":"product_tag-fatto-a-mano-fr","14":"product_tag-made-in-italy-fr","15":"pa_colore-blanc-naturelle","17":"","18":"instock","19":"taxable","20":"shipping-taxable","21":"purchasable","22":"product-type-simple"},"brands":[{"id":1567,"name":"Chez Moi","slug":"chez-moi-fr"}],"_links":{"self":[{"href":"https:\/\/www.tendenzeshabbychic.it\/fr\/wp-json\/wp\/v2\/product\/136162","targetHints":{"allow":["GET"]}}],"collection":[{"href":"https:\/\/www.tendenzeshabbychic.it\/fr\/wp-json\/wp\/v2\/product"}],"about":[{"href":"https:\/\/www.tendenzeshabbychic.it\/fr\/wp-json\/wp\/v2\/types\/product"}],"replies":[{"embeddable":true,"href":"https:\/\/www.tendenzeshabbychic.it\/fr\/wp-json\/wp\/v2\/comments?post=136162"}],"wp:featuredmedia":[{"embeddable":true,"href":"https:\/\/www.tendenzeshabbychic.it\/fr\/wp-json\/wp\/v2\/media\/136073"}],"wp:attachment":[{"href":"https:\/\/www.tendenzeshabbychic.it\/fr\/wp-json\/wp\/v2\/media?parent=136162"}],"wp:term":[{"taxonomy":"pwb-brand","embeddable":true,"href":"https:\/\/www.tendenzeshabbychic.it\/fr\/wp-json\/wp\/v2\/pwb-brand?post=136162"},{"taxonomy":"product_brand","embeddable":true,"href":"https:\/\/www.tendenzeshabbychic.it\/fr\/wp-json\/wp\/v2\/product_brand?post=136162"},{"taxonomy":"product_cat","embeddable":true,"href":"https:\/\/www.tendenzeshabbychic.it\/fr\/wp-json\/wp\/v2\/product_cat?post=136162"},{"taxonomy":"product_tag","embeddable":true,"href":"https:\/\/www.tendenzeshabbychic.it\/fr\/wp-json\/wp\/v2\/product_tag?post=136162"}],"curies":[{"name":"wp","href":"https:\/\/api.w.org\/{rel}","templated":true}]}}