{"id":135421,"date":"2024-03-22T08:16:16","date_gmt":"2024-03-22T07:16:16","guid":{"rendered":"https:\/\/www.tendenzeshabbychic.it\/prodotto\/edg-socle-en-verre-pour-bougies-a-tige-diametre-7-cm\/"},"modified":"2024-03-20T13:04:01","modified_gmt":"2024-03-20T12:04:01","slug":"edg-socle-en-verre-pour-bougies-a-tige-diametre-7-cm","status":"publish","type":"product","link":"https:\/\/www.tendenzeshabbychic.it\/fr\/produit\/edg-socle-en-verre-pour-bougies-a-tige-diametre-7-cm\/","title":{"rendered":"EDG Socle en verre pour bougies \u00e0 tige Diam\u00e8tre 7 cm"},"content":{"rendered":"","protected":false},"excerpt":{"rendered":"<p>Base en verre pour bougies b\u00e2tons. Aussi beau soit-il, mais \u00e0 son meilleur dans une composition.<\/p>\n<ul>\n<li>Diam\u00e8tre 7 cm<\/li>\n<li>Hauteur 5 cm<\/li>\n<\/ul>\n<p>Cr\u00e9ez de superbes arrangements avec cette base en verre transparent pour bougies standards.<\/p>\n","protected":false},"featured_media":135088,"comment_status":"open","ping_status":"closed","template":"","meta":{"_joinchat":[]},"pwb-brand":[776],"product_brand":[],"product_cat":[2950],"product_tag":[],"class_list":{"0":"post-135421","1":"product","2":"type-product","3":"status-publish","4":"has-post-thumbnail","6":"pwb-brand-edg","7":"product_cat-candelabre","9":"first","10":"instock","11":"taxable","12":"shipping-taxable","13":"purchasable","14":"product-type-simple"},"brands":[{"id":1564,"name":"EDG \u2013 Enzo De Gasperi","slug":"edg-fr"}],"_links":{"self":[{"href":"https:\/\/www.tendenzeshabbychic.it\/fr\/wp-json\/wp\/v2\/product\/135421","targetHints":{"allow":["GET"]}}],"collection":[{"href":"https:\/\/www.tendenzeshabbychic.it\/fr\/wp-json\/wp\/v2\/product"}],"about":[{"href":"https:\/\/www.tendenzeshabbychic.it\/fr\/wp-json\/wp\/v2\/types\/product"}],"replies":[{"embeddable":true,"href":"https:\/\/www.tendenzeshabbychic.it\/fr\/wp-json\/wp\/v2\/comments?post=135421"}],"wp:featuredmedia":[{"embeddable":true,"href":"https:\/\/www.tendenzeshabbychic.it\/fr\/wp-json\/wp\/v2\/media\/135088"}],"wp:attachment":[{"href":"https:\/\/www.tendenzeshabbychic.it\/fr\/wp-json\/wp\/v2\/media?parent=135421"}],"wp:term":[{"taxonomy":"pwb-brand","embeddable":true,"href":"https:\/\/www.tendenzeshabbychic.it\/fr\/wp-json\/wp\/v2\/pwb-brand?post=135421"},{"taxonomy":"product_brand","embeddable":true,"href":"https:\/\/www.tendenzeshabbychic.it\/fr\/wp-json\/wp\/v2\/product_brand?post=135421"},{"taxonomy":"product_cat","embeddable":true,"href":"https:\/\/www.tendenzeshabbychic.it\/fr\/wp-json\/wp\/v2\/product_cat?post=135421"},{"taxonomy":"product_tag","embeddable":true,"href":"https:\/\/www.tendenzeshabbychic.it\/fr\/wp-json\/wp\/v2\/product_tag?post=135421"}],"curies":[{"name":"wp","href":"https:\/\/api.w.org\/{rel}","templated":true}]}}