{"id":135333,"date":"2024-02-05T08:41:08","date_gmt":"2024-02-05T07:41:08","guid":{"rendered":"https:\/\/www.tendenzeshabbychic.it\/prodotto\/guirlande-edg-couronne-de-feuilles-et-plantes-grasses-%e2%88%85-46-cm\/"},"modified":"2025-01-13T12:31:54","modified_gmt":"2025-01-13T11:31:54","slug":"guirlande-edg-couronne-de-feuilles-et-plantes-grasses-%e2%88%85-46-cm","status":"publish","type":"product","link":"https:\/\/www.tendenzeshabbychic.it\/fr\/produit\/guirlande-edg-couronne-de-feuilles-et-plantes-grasses-%e2%88%85-46-cm\/","title":{"rendered":"EDG Guirlande Couronne de feuilles et plantes grasses \u2205 46 cm"},"content":{"rendered":"","protected":false},"excerpt":{"rendered":"<p>Guirlande \/ Couronne de feuilles et succulentes.<\/p>\n<ul>\n<li>Diam\u00e8tre 46 cm<\/li>\n<\/ul>\n<p>Vous pouvez l&rsquo;utiliser avec une couronne devant la porte ou comme pi\u00e8ce ma\u00eetresse, peut-\u00eatre avec une bougie au centre.<\/p>\n","protected":false},"featured_media":135260,"comment_status":"open","ping_status":"closed","template":"","meta":{"_joinchat":[]},"pwb-brand":[776],"product_brand":[],"product_cat":[3206,2776],"product_tag":[3136,3284],"class_list":{"0":"post-135333","1":"product","2":"type-product","3":"status-publish","4":"has-post-thumbnail","6":"pwb-brand-edg","7":"product_cat-plantes-succulentes","8":"product_cat-plantes-artificielles","9":"product_tag-festoni-e-ghirlande","10":"product_tag-saldi","12":"first","13":"instock","14":"sale","15":"taxable","16":"shipping-taxable","17":"purchasable","18":"product-type-simple"},"brands":[{"id":1564,"name":"EDG \u2013 Enzo De Gasperi","slug":"edg-fr"}],"_links":{"self":[{"href":"https:\/\/www.tendenzeshabbychic.it\/fr\/wp-json\/wp\/v2\/product\/135333","targetHints":{"allow":["GET"]}}],"collection":[{"href":"https:\/\/www.tendenzeshabbychic.it\/fr\/wp-json\/wp\/v2\/product"}],"about":[{"href":"https:\/\/www.tendenzeshabbychic.it\/fr\/wp-json\/wp\/v2\/types\/product"}],"replies":[{"embeddable":true,"href":"https:\/\/www.tendenzeshabbychic.it\/fr\/wp-json\/wp\/v2\/comments?post=135333"}],"wp:featuredmedia":[{"embeddable":true,"href":"https:\/\/www.tendenzeshabbychic.it\/fr\/wp-json\/wp\/v2\/media\/135260"}],"wp:attachment":[{"href":"https:\/\/www.tendenzeshabbychic.it\/fr\/wp-json\/wp\/v2\/media?parent=135333"}],"wp:term":[{"taxonomy":"pwb-brand","embeddable":true,"href":"https:\/\/www.tendenzeshabbychic.it\/fr\/wp-json\/wp\/v2\/pwb-brand?post=135333"},{"taxonomy":"product_brand","embeddable":true,"href":"https:\/\/www.tendenzeshabbychic.it\/fr\/wp-json\/wp\/v2\/product_brand?post=135333"},{"taxonomy":"product_cat","embeddable":true,"href":"https:\/\/www.tendenzeshabbychic.it\/fr\/wp-json\/wp\/v2\/product_cat?post=135333"},{"taxonomy":"product_tag","embeddable":true,"href":"https:\/\/www.tendenzeshabbychic.it\/fr\/wp-json\/wp\/v2\/product_tag?post=135333"}],"curies":[{"name":"wp","href":"https:\/\/api.w.org\/{rel}","templated":true}]}}