{"id":135330,"date":"2024-03-22T08:44:50","date_gmt":"2024-03-22T07:44:50","guid":{"rendered":"https:\/\/www.tendenzeshabbychic.it\/prodotto\/edg-vase-en-verre-ambre-collolungo-h-40-cm\/"},"modified":"2026-01-07T15:08:10","modified_gmt":"2026-01-07T14:08:10","slug":"edg-vase-en-verre-ambre-collolungo-h-40-cm","status":"publish","type":"product","link":"https:\/\/www.tendenzeshabbychic.it\/fr\/produit\/edg-vase-en-verre-ambre-collolungo-h-40-cm\/","title":{"rendered":"EDG Vase en verre ambr\u00e9 Collolungo H 40 cm"},"content":{"rendered":"","protected":false},"excerpt":{"rendered":"<p>Vase en verre ray\u00e9 \u00e9l\u00e9gant<\/p>\n<p>Donnez de l&rsquo;\u00e9l\u00e9gance et du raffinement avec les articles sign\u00e9s EDG Enzo de Gasperi .<\/p>\n<ul>\n<li>Diam\u00e8tre 13 cm<\/li>\n<li>Hauteur 40 cm<\/li>\n<\/ul>\n<p>Gr\u00e2ce \u00e0 son \u00e9l\u00e9gant coffret, il est \u00e9galement id\u00e9al comme id\u00e9e cadeau.<\/p>\n","protected":false},"featured_media":135286,"comment_status":"open","ping_status":"closed","template":"","meta":{"_joinchat":[]},"pwb-brand":[776],"product_brand":[],"product_cat":[1526],"product_tag":[523,3284],"class_list":{"0":"post-135330","1":"product","2":"type-product","3":"status-publish","4":"has-post-thumbnail","6":"pwb-brand-edg","7":"product_cat-vases","8":"product_tag-idea-regalo","9":"product_tag-saldi","11":"first","12":"instock","13":"sale","14":"taxable","15":"shipping-taxable","16":"purchasable","17":"product-type-simple"},"brands":[{"id":1564,"name":"EDG \u2013 Enzo De Gasperi","slug":"edg-fr"}],"_links":{"self":[{"href":"https:\/\/www.tendenzeshabbychic.it\/fr\/wp-json\/wp\/v2\/product\/135330","targetHints":{"allow":["GET"]}}],"collection":[{"href":"https:\/\/www.tendenzeshabbychic.it\/fr\/wp-json\/wp\/v2\/product"}],"about":[{"href":"https:\/\/www.tendenzeshabbychic.it\/fr\/wp-json\/wp\/v2\/types\/product"}],"replies":[{"embeddable":true,"href":"https:\/\/www.tendenzeshabbychic.it\/fr\/wp-json\/wp\/v2\/comments?post=135330"}],"wp:featuredmedia":[{"embeddable":true,"href":"https:\/\/www.tendenzeshabbychic.it\/fr\/wp-json\/wp\/v2\/media\/135286"}],"wp:attachment":[{"href":"https:\/\/www.tendenzeshabbychic.it\/fr\/wp-json\/wp\/v2\/media?parent=135330"}],"wp:term":[{"taxonomy":"pwb-brand","embeddable":true,"href":"https:\/\/www.tendenzeshabbychic.it\/fr\/wp-json\/wp\/v2\/pwb-brand?post=135330"},{"taxonomy":"product_brand","embeddable":true,"href":"https:\/\/www.tendenzeshabbychic.it\/fr\/wp-json\/wp\/v2\/product_brand?post=135330"},{"taxonomy":"product_cat","embeddable":true,"href":"https:\/\/www.tendenzeshabbychic.it\/fr\/wp-json\/wp\/v2\/product_cat?post=135330"},{"taxonomy":"product_tag","embeddable":true,"href":"https:\/\/www.tendenzeshabbychic.it\/fr\/wp-json\/wp\/v2\/product_tag?post=135330"}],"curies":[{"name":"wp","href":"https:\/\/api.w.org\/{rel}","templated":true}]}}