{"id":133137,"date":"2024-02-22T00:27:50","date_gmt":"2024-02-21T23:27:50","guid":{"rendered":"https:\/\/www.tendenzeshabbychic.it\/prodotto\/chez-moi-housse-de-couette-percale-2-taies-doreiller-mademoiselle-flora-vintage-fango\/"},"modified":"2024-02-22T00:27:50","modified_gmt":"2024-02-21T23:27:50","slug":"chez-moi-housse-de-couette-percale-2-taies-doreiller-mademoiselle-flora-vintage-fango","status":"publish","type":"product","link":"https:\/\/www.tendenzeshabbychic.it\/fr\/produit\/chez-moi-housse-de-couette-percale-2-taies-doreiller-mademoiselle-flora-vintage-fango\/","title":{"rendered":"Chez Moi Housse de couette Percale + 2 taies d&rsquo;oreiller Mademoiselle Flora Vintage Fango"},"content":{"rendered":"<p>Mati\u00e8re : Percale de coton et dentelle<\/p>\n<p>lavable en machine<\/p>\n","protected":false},"excerpt":{"rendered":"<p>Dimensions de la housse de couette 250 x 250 cm<\/p>\n<p>Dimensions de la taie d&rsquo;oreiller : 50 x 80 cm<\/p>\n<p>Housse de couette double en percale de coton couleur boue vintage en contraste blanc naturel avec deux taies d&rsquo;oreiller.<\/p>\n<p>Fabriqu\u00e9 \u00e0 la main comme seul Chez Moi sait le faire.<\/p>\n<p>Sur les trois c\u00f4t\u00e9s se trouve un double volant en dentelle Flora vintage couleur boue (texture dentelle gris tourterelle et dentelle blanche naturelle) cr\u00e9ant un effet tr\u00e8s d\u00e9licat et romantique. Il fait partie de la collection Mademoiselle.<\/p>\n<p><iframe loading=\"lazy\" title=\"YouTube video player\" src=\"https:\/\/www.youtube.com\/embed\/GeK3-rC-TTU\" width=\"540\" height=\"960\" frameborder=\"0\" allowfullscreen=\"allowfullscreen\"><\/iframe><\/p>\n","protected":false},"featured_media":133086,"comment_status":"open","ping_status":"closed","template":"","meta":{"_joinchat":[]},"pwb-brand":[1567],"product_brand":[],"product_cat":[1663,1475],"product_tag":[2847,1300,1298,1329],"class_list":{"0":"post-133137","1":"product","2":"type-product","3":"status-publish","4":"has-post-thumbnail","6":"pwb-brand-chez-moi-fr","7":"product_cat-enveloppes-de-couette","8":"product_cat-le-lit","9":"product_tag-chambre","10":"product_tag-fatto-a-mano-fr","11":"product_tag-made-in-italy-fr","12":"product_tag-vintage-boue","13":"product_shipping_class-no-contrassegno-fr","14":"pa_colore-vintage-boue","16":"first","17":"onbackorder","18":"taxable","19":"shipping-taxable","20":"purchasable","21":"product-type-simple"},"brands":[{"id":1567,"name":"Chez Moi","slug":"chez-moi-fr"}],"_links":{"self":[{"href":"https:\/\/www.tendenzeshabbychic.it\/fr\/wp-json\/wp\/v2\/product\/133137","targetHints":{"allow":["GET"]}}],"collection":[{"href":"https:\/\/www.tendenzeshabbychic.it\/fr\/wp-json\/wp\/v2\/product"}],"about":[{"href":"https:\/\/www.tendenzeshabbychic.it\/fr\/wp-json\/wp\/v2\/types\/product"}],"replies":[{"embeddable":true,"href":"https:\/\/www.tendenzeshabbychic.it\/fr\/wp-json\/wp\/v2\/comments?post=133137"}],"wp:featuredmedia":[{"embeddable":true,"href":"https:\/\/www.tendenzeshabbychic.it\/fr\/wp-json\/wp\/v2\/media\/133086"}],"wp:attachment":[{"href":"https:\/\/www.tendenzeshabbychic.it\/fr\/wp-json\/wp\/v2\/media?parent=133137"}],"wp:term":[{"taxonomy":"pwb-brand","embeddable":true,"href":"https:\/\/www.tendenzeshabbychic.it\/fr\/wp-json\/wp\/v2\/pwb-brand?post=133137"},{"taxonomy":"product_brand","embeddable":true,"href":"https:\/\/www.tendenzeshabbychic.it\/fr\/wp-json\/wp\/v2\/product_brand?post=133137"},{"taxonomy":"product_cat","embeddable":true,"href":"https:\/\/www.tendenzeshabbychic.it\/fr\/wp-json\/wp\/v2\/product_cat?post=133137"},{"taxonomy":"product_tag","embeddable":true,"href":"https:\/\/www.tendenzeshabbychic.it\/fr\/wp-json\/wp\/v2\/product_tag?post=133137"}],"curies":[{"name":"wp","href":"https:\/\/api.w.org\/{rel}","templated":true}]}}