{"id":132249,"date":"2024-02-14T11:04:50","date_gmt":"2024-02-14T10:04:50","guid":{"rendered":"https:\/\/www.tendenzeshabbychic.it\/prodotto\/edg-bougie-petunia-rose-artificielle-%e2%88%85-16-cm\/"},"modified":"2024-04-16T00:36:23","modified_gmt":"2024-04-15T22:36:23","slug":"edg-bougie-petunia-rose-artificielle-%e2%88%85-16-cm","status":"publish","type":"product","link":"https:\/\/www.tendenzeshabbychic.it\/fr\/produit\/edg-bougie-petunia-rose-artificielle-%e2%88%85-16-cm\/","title":{"rendered":"EDG Bougie p\u00e9tunia rose artificielle \u2205 16 cm"},"content":{"rendered":"","protected":false},"excerpt":{"rendered":"<p><strong>Bougeoir P\u00e9tunia rose<\/strong> , en <strong>plastique souple et tissu<\/strong> , tr\u00e8s d\u00e9taill\u00e9, \u00e0 tel point qu&rsquo;il semble r\u00e9el.<\/p>\n<p>Les produits <strong>EDG<\/strong> sont con\u00e7us pour meubler chaque pi\u00e8ce de la maison avec <strong>style et \u00e9l\u00e9gance<\/strong> , de la cuisine au salon, de la chambre \u00e0 la salle de bain.<\/p>\n<ul>\n<li><strong>Dimensions<\/strong> : diam\u00e8tre 16 cm<\/li>\n<li><strong>Couleur<\/strong> rose<\/li>\n<li>Id\u00e9al pour une bougie d&rsquo;un diam\u00e8tre maximum de 3 cm<\/li>\n<li>\n<\/li>\n<\/ul>\n<p>Utilisez-le pour enrichir une composition en lui donnant une touche de nature. \ud83c\udf3f\ud83c\udfe1<\/p>\n","protected":false},"featured_media":132057,"comment_status":"open","ping_status":"closed","template":"","meta":{"_joinchat":[]},"pwb-brand":[776],"product_brand":[],"product_cat":[2783,1460],"product_tag":[3284],"class_list":{"0":"post-132249","1":"product","2":"type-product","3":"status-publish","4":"has-post-thumbnail","6":"pwb-brand-edg","7":"product_cat-couronnes-pour-bougies","8":"product_cat-bougies","9":"product_tag-saldi","11":"first","12":"outofstock","13":"sale","14":"taxable","15":"shipping-taxable","16":"purchasable","17":"product-type-simple"},"brands":[{"id":1564,"name":"EDG \u2013 Enzo De Gasperi","slug":"edg-fr"}],"_links":{"self":[{"href":"https:\/\/www.tendenzeshabbychic.it\/fr\/wp-json\/wp\/v2\/product\/132249","targetHints":{"allow":["GET"]}}],"collection":[{"href":"https:\/\/www.tendenzeshabbychic.it\/fr\/wp-json\/wp\/v2\/product"}],"about":[{"href":"https:\/\/www.tendenzeshabbychic.it\/fr\/wp-json\/wp\/v2\/types\/product"}],"replies":[{"embeddable":true,"href":"https:\/\/www.tendenzeshabbychic.it\/fr\/wp-json\/wp\/v2\/comments?post=132249"}],"wp:featuredmedia":[{"embeddable":true,"href":"https:\/\/www.tendenzeshabbychic.it\/fr\/wp-json\/wp\/v2\/media\/132057"}],"wp:attachment":[{"href":"https:\/\/www.tendenzeshabbychic.it\/fr\/wp-json\/wp\/v2\/media?parent=132249"}],"wp:term":[{"taxonomy":"pwb-brand","embeddable":true,"href":"https:\/\/www.tendenzeshabbychic.it\/fr\/wp-json\/wp\/v2\/pwb-brand?post=132249"},{"taxonomy":"product_brand","embeddable":true,"href":"https:\/\/www.tendenzeshabbychic.it\/fr\/wp-json\/wp\/v2\/product_brand?post=132249"},{"taxonomy":"product_cat","embeddable":true,"href":"https:\/\/www.tendenzeshabbychic.it\/fr\/wp-json\/wp\/v2\/product_cat?post=132249"},{"taxonomy":"product_tag","embeddable":true,"href":"https:\/\/www.tendenzeshabbychic.it\/fr\/wp-json\/wp\/v2\/product_tag?post=132249"}],"curies":[{"name":"wp","href":"https:\/\/api.w.org\/{rel}","templated":true}]}}