{"id":132231,"date":"2026-01-22T09:00:27","date_gmt":"2026-01-22T08:00:27","guid":{"rendered":"https:\/\/www.tendenzeshabbychic.it\/prodotto\/edg-echeveria-olis-cadente-vert-h-44-cm\/"},"modified":"2024-10-17T14:48:01","modified_gmt":"2024-10-17T12:48:01","slug":"edg-echeveria-olis-cadente-vert-h-44-cm","status":"publish","type":"product","link":"https:\/\/www.tendenzeshabbychic.it\/fr\/produit\/edg-echeveria-olis-cadente-vert-h-44-cm\/","title":{"rendered":"EDG Echeveria Olis Cadente vert H 44 cm"},"content":{"rendered":"","protected":false},"excerpt":{"rendered":"<p><strong>Echeveria Olis Cadente<\/strong> artificielle, en <strong>mati\u00e8re plastique souple<\/strong> , tr\u00e8s d\u00e9taill\u00e9e, \u00e0 tel point qu&rsquo;elle semble r\u00e9elle.<\/p>\n<p>Les produits <strong>EDG<\/strong> sont con\u00e7us pour meubler chaque pi\u00e8ce de la maison avec <strong>style et \u00e9l\u00e9gance<\/strong> , de la cuisine au salon, de la chambre \u00e0 la salle de bain.<\/p>\n<ul>\n<li><strong>Dimensions<\/strong> : Hauteur 44 cm<\/li>\n<li><strong>Couleur<\/strong> verte<\/li>\n<\/ul>\n<p>L&rsquo;Echeveria Olis Cadente est pr\u00eate \u00e0 apporter une touche de nature et de raffinement \u00e0 vos espaces. \ud83c\udf3f\ud83c\udfe1<\/p>\n","protected":false},"featured_media":131949,"comment_status":"open","ping_status":"closed","template":"","meta":{"_joinchat":[]},"pwb-brand":[1564],"product_brand":[],"product_cat":[2772],"product_tag":[],"class_list":{"0":"post-132231","1":"product","2":"type-product","3":"status-publish","4":"has-post-thumbnail","6":"pwb-brand-edg-fr","7":"product_cat-fleurs-en-pot","9":"first","10":"instock","11":"taxable","12":"shipping-taxable","13":"purchasable","14":"product-type-simple"},"brands":[{"id":1564,"name":"EDG \u2013 Enzo De Gasperi","slug":"edg-fr"}],"_links":{"self":[{"href":"https:\/\/www.tendenzeshabbychic.it\/fr\/wp-json\/wp\/v2\/product\/132231","targetHints":{"allow":["GET"]}}],"collection":[{"href":"https:\/\/www.tendenzeshabbychic.it\/fr\/wp-json\/wp\/v2\/product"}],"about":[{"href":"https:\/\/www.tendenzeshabbychic.it\/fr\/wp-json\/wp\/v2\/types\/product"}],"replies":[{"embeddable":true,"href":"https:\/\/www.tendenzeshabbychic.it\/fr\/wp-json\/wp\/v2\/comments?post=132231"}],"wp:featuredmedia":[{"embeddable":true,"href":"https:\/\/www.tendenzeshabbychic.it\/fr\/wp-json\/wp\/v2\/media\/131949"}],"wp:attachment":[{"href":"https:\/\/www.tendenzeshabbychic.it\/fr\/wp-json\/wp\/v2\/media?parent=132231"}],"wp:term":[{"taxonomy":"pwb-brand","embeddable":true,"href":"https:\/\/www.tendenzeshabbychic.it\/fr\/wp-json\/wp\/v2\/pwb-brand?post=132231"},{"taxonomy":"product_brand","embeddable":true,"href":"https:\/\/www.tendenzeshabbychic.it\/fr\/wp-json\/wp\/v2\/product_brand?post=132231"},{"taxonomy":"product_cat","embeddable":true,"href":"https:\/\/www.tendenzeshabbychic.it\/fr\/wp-json\/wp\/v2\/product_cat?post=132231"},{"taxonomy":"product_tag","embeddable":true,"href":"https:\/\/www.tendenzeshabbychic.it\/fr\/wp-json\/wp\/v2\/product_tag?post=132231"}],"curies":[{"name":"wp","href":"https:\/\/api.w.org\/{rel}","templated":true}]}}