{"id":132189,"date":"2024-02-14T10:18:19","date_gmt":"2024-02-14T09:18:19","guid":{"rendered":"https:\/\/www.tendenzeshabbychic.it\/prodotto\/edg-branche-double-dorchidee-rose-real-touch-h-62-cm\/"},"modified":"2026-02-11T14:34:06","modified_gmt":"2026-02-11T13:34:06","slug":"edg-branche-double-dorchidee-rose-real-touch-h-62-cm","status":"publish","type":"product","link":"https:\/\/www.tendenzeshabbychic.it\/fr\/produit\/edg-branche-double-dorchidee-rose-real-touch-h-62-cm\/","title":{"rendered":"EDG Branche double d&rsquo;orchid\u00e9e rose real touch H 62 cm"},"content":{"rendered":"","protected":false},"excerpt":{"rendered":"<p>Branche double d&rsquo; <strong>Orchid\u00e9e EDG rose artificielle,<\/strong> <strong>de 62 centim\u00e8tres<\/strong> de haut. Parfait pour ajouter une touche de style et de fra\u00eecheur \u00e0 vos environnements domestiques et non domestiques.<\/p>\n<p>L&rsquo;orchid\u00e9e est l&#8217;embl\u00e8me du <strong>raffinement et de la beaut\u00e9<\/strong> , gr\u00e2ce \u00e0 ses couleurs vives et \u00e9l\u00e9gantes.<\/p>\n<p>Fabriqu\u00e9e par <strong>EDG<\/strong> , une entreprise leader dans le secteur des fleurs artificielles, l&rsquo;orchid\u00e9e est \u00e9tonnamment r\u00e9elle.<\/p>\n","protected":false},"featured_media":131816,"comment_status":"open","ping_status":"closed","template":"","meta":{"_joinchat":[]},"pwb-brand":[1564],"product_brand":[],"product_cat":[2775,2772],"product_tag":[3285],"class_list":{"0":"post-132189","1":"product","2":"type-product","3":"status-publish","4":"has-post-thumbnail","6":"pwb-brand-edg-fr","7":"product_cat-orchidees","8":"product_cat-fleurs-en-pot","9":"product_tag-ventes","10":"pa_colore-rose","12":"first","13":"instock","14":"sale","15":"taxable","16":"shipping-taxable","17":"purchasable","18":"product-type-simple"},"brands":[{"id":1564,"name":"EDG \u2013 Enzo De Gasperi","slug":"edg-fr"}],"_links":{"self":[{"href":"https:\/\/www.tendenzeshabbychic.it\/fr\/wp-json\/wp\/v2\/product\/132189","targetHints":{"allow":["GET"]}}],"collection":[{"href":"https:\/\/www.tendenzeshabbychic.it\/fr\/wp-json\/wp\/v2\/product"}],"about":[{"href":"https:\/\/www.tendenzeshabbychic.it\/fr\/wp-json\/wp\/v2\/types\/product"}],"replies":[{"embeddable":true,"href":"https:\/\/www.tendenzeshabbychic.it\/fr\/wp-json\/wp\/v2\/comments?post=132189"}],"wp:featuredmedia":[{"embeddable":true,"href":"https:\/\/www.tendenzeshabbychic.it\/fr\/wp-json\/wp\/v2\/media\/131816"}],"wp:attachment":[{"href":"https:\/\/www.tendenzeshabbychic.it\/fr\/wp-json\/wp\/v2\/media?parent=132189"}],"wp:term":[{"taxonomy":"pwb-brand","embeddable":true,"href":"https:\/\/www.tendenzeshabbychic.it\/fr\/wp-json\/wp\/v2\/pwb-brand?post=132189"},{"taxonomy":"product_brand","embeddable":true,"href":"https:\/\/www.tendenzeshabbychic.it\/fr\/wp-json\/wp\/v2\/product_brand?post=132189"},{"taxonomy":"product_cat","embeddable":true,"href":"https:\/\/www.tendenzeshabbychic.it\/fr\/wp-json\/wp\/v2\/product_cat?post=132189"},{"taxonomy":"product_tag","embeddable":true,"href":"https:\/\/www.tendenzeshabbychic.it\/fr\/wp-json\/wp\/v2\/product_tag?post=132189"}],"curies":[{"name":"wp","href":"https:\/\/api.w.org\/{rel}","templated":true}]}}