{"id":126465,"date":"2024-02-02T10:16:10","date_gmt":"2024-02-02T09:16:10","guid":{"rendered":"https:\/\/www.tendenzeshabbychic.it\/prodotto\/pompon-parfume-mathilde-m-fleur-royale-a-decor-marquise-h-30-cm\/"},"modified":"2024-05-15T21:18:11","modified_gmt":"2024-05-15T19:18:11","slug":"pompon-parfume-mathilde-m-fleur-royale-a-decor-marquise-h-30-cm","status":"publish","type":"product","link":"https:\/\/www.tendenzeshabbychic.it\/fr\/produit\/pompon-parfume-mathilde-m-fleur-royale-a-decor-marquise-h-30-cm\/","title":{"rendered":"Pompon parfum\u00e9 Mathilde M. Fleur Royale \u00e0 d\u00e9cor Marquise H 30 cm"},"content":{"rendered":"<h2>Pompon parfum\u00e9 Mathilde M.<\/h2>\n<p>Lorsque le parfum s&rsquo;estompe, ravivez-le avec Mathilde M. Concentr\u00e9 Parfum d&rsquo;Ambiance 5 ml Une pulv\u00e9risation appliqu\u00e9e \u00e0 environ 10 cm du d\u00e9cor suffit \u00e0 le r\u00e9veiller pendant plusieurs semaines.<\/p>\n<p>Parfum iconique de Mathilde M, d\u00e9couvrez Marquise , un parfum pr\u00e9cieux et irr\u00e9sistiblement sensuel qui associe des notes bois\u00e9es et \u00e9pic\u00e9es \u00e0 la douceur de la vanille et du musc.<\/p>\n<p>Inspir\u00e9 des plus belles passementeries, ce somptueux pompon Fleur Royale, orn\u00e9 d&rsquo;un d\u00e9cor en pl\u00e2tre parfum\u00e9 minutieusement cisel\u00e9 \u00e0 la main, r\u00e9pand son doux parfum partout o\u00f9 il est accroch\u00e9 : sur les poign\u00e9es de portes, de tiroirs ou d&rsquo;armoires.<\/p>\n<p>Informations utiles:<br \/>\nIconiques de la marque, les d\u00e9cors en pl\u00e2tre Mathilde M sont d\u00e9licatement parfum\u00e9s et r\u00e9alis\u00e9s \u00e0 la main dans nos ateliers selon des m\u00e9thodes artisanales par notre sculpteur ornemental.<\/p>\n<p>Conseils d&rsquo;utilisation :<br \/>\nLorsque le parfum s&rsquo;estompe, ravivez-le avec le concentr\u00e9 de parfum d&rsquo;ambiance Mathilde M. Un spray appliqu\u00e9 \u00e0 environ 10 cm du d\u00e9cor en pl\u00e2tre suffit \u00e0 le parfumer \u00e0 nouveau pendant plusieurs semaines.<\/p>\n<p>Informations Compl\u00e9mentaires:<br \/>\nComposition du pompon : polyester, craie parfum\u00e9e<br \/>\nDimensions du pompon : \u00f8 4,5 x 30 cm<br \/>\nDimensions du colis : 6 x 23 x 4,6 cm<\/p>\n","protected":false},"excerpt":{"rendered":"<p>Pompon parfum\u00e9 tr\u00e8s raffin\u00e9, au d\u00e9cor en pl\u00e2tre minutieusement cisel\u00e9 \u00e0 la main et parfum\u00e9 dans les laboratoires <strong>Mathilde M.<\/strong> , vous pourrez l&rsquo;utiliser de multiples fa\u00e7ons comme arr\u00eat de rideau, autour d&rsquo;une poign\u00e9e de porte ou de fen\u00eatre, ou sur une cl\u00e9, il vous enchantera avec <strong>Essence Marquise .<\/strong><\/p>\n<div class=\"row row-solid\"  id=\"row-1559283209\">\n\n\n\t<div id=\"col-1428516827\" class=\"col small-12 large-12\"  >\n\t\t\t\t<div class=\"col-inner\"  >\n\t\t\t\n\t\t\t\n\n\n\t\t<div class=\"icon-box featured-box icon-box-center text-center\"  >\n\t\t\t\t<div class=\"icon-box-text last-reset\">\n\t\t\t<h5 class=\"uppercase\">Marquise<\/h5>\t\t\t\t\t\t\n\n<p style=\"text-align: center;\">Une rencontre pr\u00e9cieuse et sensuelle de notes bois\u00e9es et \u00e9pic\u00e9es avec la douceur de la vanille et du musc blanc.<\/p>\n<p>Le parfum le plus vendu et le plus appr\u00e9ci\u00e9.<\/p>\n\n\t\t<\/div>\n\t<\/div>\n\t\n\t\n\n\t\t<\/div>\n\t\t\t\t\t<\/div>\n\n\t\n\n\t<div id=\"col-132165242\" class=\"col small-12 large-12\"  >\n\t\t\t\t<div class=\"col-inner\"  >\n\t\t\t\n\t\t\t\n\n\n\t\t<div class=\"icon-box featured-box icon-box-left text-left\"  >\n\t\t\t\t\t<div class=\"icon-box-img\" style=\"width: 60px\">\n\t\t\t\t<div class=\"icon\">\n\t\t\t\t\t<div class=\"icon-inner\" style=\"color:rgb(237, 165, 145);\">\n\t\t\t\t\t\t<?xml version=\"1.0\" encoding=\"utf-8\"?><!-- Uploaded to: SVG Repo, www.svgrepo.com, Generator: SVG Repo Mixer Tools -->\r\n<svg fill=\"#000000\" width=\"800px\" height=\"800px\" viewBox=\"0 0 32 32\" xmlns=\"http:\/\/www.w3.org\/2000\/svg\">\r\n    <circle cx=\"16\" cy=\"16\" r=\"16\"\/>\r\n<\/svg>\t\t\t\t\t<\/div>\n\t\t\t\t<\/div>\n\t\t\t<\/div>\n\t\t\t\t<div class=\"icon-box-text last-reset\">\n\t\t\t\t\t\t\t\t\t\n\n\t<div id=\"text-2271475550\" class=\"text\">\n\t\t\n\n<h3>Notes de t\u00eate<\/h3>\n<p>Bois de c\u00e8dre et bois pr\u00e9cieux<\/p>\n\t\t\n<style>\n#text-2271475550 {\n  line-height: 1;\n}\n<\/style>\n\t<\/div>\n\t\n\n\t\t<\/div>\n\t<\/div>\n\t\n\t\n\n\t\t<div class=\"icon-box featured-box icon-box-left text-left\"  >\n\t\t\t\t\t<div class=\"icon-box-img\" style=\"width: 60px\">\n\t\t\t\t<div class=\"icon\">\n\t\t\t\t\t<div class=\"icon-inner\" style=\"color:#eda591;\">\n\t\t\t\t\t\t<?xml version=\"1.0\" encoding=\"utf-8\"?><!-- Uploaded to: SVG Repo, www.svgrepo.com, Generator: SVG Repo Mixer Tools -->\r\n<svg width=\"800px\" height=\"800px\" viewBox=\"0 0 24 24\" fill=\"none\" xmlns=\"http:\/\/www.w3.org\/2000\/svg\">\r\n<path d=\"M2 9.1371C2 14 6.01943 16.5914 8.96173 18.9109C10 19.7294 11 20.5 12 20.5C13 20.5 14 19.7294 15.0383 18.9109C17.9806 16.5914 22 14 22 9.1371C22 4.27416 16.4998 0.825464 12 5.50063C7.50016 0.825464 2 4.27416 2 9.1371Z\" fill=\"#1C274C\"\/>\r\n<\/svg>\t\t\t\t\t<\/div>\n\t\t\t\t<\/div>\n\t\t\t<\/div>\n\t\t\t\t<div class=\"icon-box-text last-reset\">\n\t\t\t\t\t\t\t\t\t\n\n\t<div id=\"text-2014149864\" class=\"text\">\n\t\t\n\n<h3>Notes de coeur<\/h3>\n<p>Musc blanc, ciste et \u00e9pices<\/p>\n\t\t\n<style>\n#text-2014149864 {\n  line-height: 1;\n}\n<\/style>\n\t<\/div>\n\t\n\n\t\t<\/div>\n\t<\/div>\n\t\n\t\n\n\t\t<div class=\"icon-box featured-box icon-box-left text-left\"  >\n\t\t\t\t\t<div class=\"icon-box-img\" style=\"width: 60px\">\n\t\t\t\t<div class=\"icon\">\n\t\t\t\t\t<div class=\"icon-inner\" style=\"color:#eda591;\">\n\t\t\t\t\t\t<?xml version=\"1.0\" encoding=\"UTF-8\" standalone=\"no\"?>\r\n<!-- Uploaded to: SVG Repo, www.svgrepo.com, Generator: SVG Repo Mixer Tools -->\r\n<svg width=\"800px\" height=\"800px\" viewBox=\"0 -12 32 32\" version=\"1.1\" xmlns=\"http:\/\/www.w3.org\/2000\/svg\" xmlns:xlink=\"http:\/\/www.w3.org\/1999\/xlink\" xmlns:sketch=\"http:\/\/www.bohemiancoding.com\/sketch\/ns\">\r\n    \r\n    <title>minus<\/title>\r\n    <desc>Created with Sketch Beta.<\/desc>\r\n    <defs>\r\n\r\n<\/defs>\r\n    <g id=\"Page-1\" stroke=\"none\" stroke-width=\"1\" fill=\"none\" fill-rule=\"evenodd\" sketch:type=\"MSPage\">\r\n        <g id=\"Icon-Set-Filled\" sketch:type=\"MSLayerGroup\" transform=\"translate(-414.000000, -1049.000000)\" fill=\"#000000\">\r\n            <path d=\"M442,1049 L418,1049 C415.791,1049 414,1050.79 414,1053 C414,1055.21 415.791,1057 418,1057 L442,1057 C444.209,1057 446,1055.21 446,1053 C446,1050.79 444.209,1049 442,1049\" id=\"minus\" sketch:type=\"MSShapeGroup\">\r\n\r\n<\/path>\r\n        <\/g>\r\n    <\/g>\r\n<\/svg>\t\t\t\t\t<\/div>\n\t\t\t\t<\/div>\n\t\t\t<\/div>\n\t\t\t\t<div class=\"icon-box-text last-reset\">\n\t\t\t\t\t\t\t\t\t\n\n\t<div id=\"text-3873054855\" class=\"text\">\n\t\t\n\n<h3>Notes de fond<\/h3>\n<p>Ambre gris et gousse de vanille<\/p>\n\t\t\n<style>\n#text-3873054855 {\n  line-height: 1;\n}\n<\/style>\n\t<\/div>\n\t\n\n\t\t<\/div>\n\t<\/div>\n\t\n\t\n\n\t\t<\/div>\n\t\t\t\t\t<\/div>\n\n\t\n\n\t<div id=\"col-113277127\" class=\"col small-12 large-12\"  >\n\t\t\t\t<div class=\"col-inner text-center\"  >\n\t\t\t\n\t\t\t\n\n<p style=\"text-align: center;\"><span style=\"font-size: 120%;\"><em>D\u00e9couvrez tous les produits Marquise essence<\/em><\/span><\/p>\n<a href=\"https:\/\/www.tendenzeshabbychic.it\/fr\/Etiquette-produit\/marquise-fr\/\" class=\"button white is-gloss box-shadow-2\" >\n\t\t<span>MARQUISE<\/span>\n\t<\/a>\n\n\n\n\t\t<\/div>\n\t\t\t\t\t<\/div>\n\n\t\n\n<\/div>\n<ul>\n<li>Diam\u00e8tre 4,5 x Hauteur 30 cm<\/li>\n<li>Bo\u00eete 6 x 23 x 4,6 cm<\/li>\n<\/ul>\n<p>&nbsp;<\/p>\n","protected":false},"featured_media":133336,"comment_status":"open","ping_status":"closed","template":"","meta":{"_joinchat":[]},"pwb-brand":[621],"product_brand":[],"product_cat":[1536,1521,1505],"product_tag":[523,624],"class_list":{"0":"post-126465","1":"product","2":"type-product","3":"status-publish","4":"has-post-thumbnail","6":"pwb-brand-mathilde-m","7":"product_cat-accessoires-pour-rideaux","8":"product_cat-craies-parfumees","9":"product_cat-objets","10":"product_tag-idea-regalo","11":"product_tag-marquise","13":"first","14":"instock","15":"taxable","16":"shipping-taxable","17":"purchasable","18":"product-type-simple"},"brands":[{"id":1562,"name":"Mathilde M.","slug":"mathilde-m-fr"}],"_links":{"self":[{"href":"https:\/\/www.tendenzeshabbychic.it\/fr\/wp-json\/wp\/v2\/product\/126465","targetHints":{"allow":["GET"]}}],"collection":[{"href":"https:\/\/www.tendenzeshabbychic.it\/fr\/wp-json\/wp\/v2\/product"}],"about":[{"href":"https:\/\/www.tendenzeshabbychic.it\/fr\/wp-json\/wp\/v2\/types\/product"}],"replies":[{"embeddable":true,"href":"https:\/\/www.tendenzeshabbychic.it\/fr\/wp-json\/wp\/v2\/comments?post=126465"}],"wp:featuredmedia":[{"embeddable":true,"href":"https:\/\/www.tendenzeshabbychic.it\/fr\/wp-json\/wp\/v2\/media\/133336"}],"wp:attachment":[{"href":"https:\/\/www.tendenzeshabbychic.it\/fr\/wp-json\/wp\/v2\/media?parent=126465"}],"wp:term":[{"taxonomy":"pwb-brand","embeddable":true,"href":"https:\/\/www.tendenzeshabbychic.it\/fr\/wp-json\/wp\/v2\/pwb-brand?post=126465"},{"taxonomy":"product_brand","embeddable":true,"href":"https:\/\/www.tendenzeshabbychic.it\/fr\/wp-json\/wp\/v2\/product_brand?post=126465"},{"taxonomy":"product_cat","embeddable":true,"href":"https:\/\/www.tendenzeshabbychic.it\/fr\/wp-json\/wp\/v2\/product_cat?post=126465"},{"taxonomy":"product_tag","embeddable":true,"href":"https:\/\/www.tendenzeshabbychic.it\/fr\/wp-json\/wp\/v2\/product_tag?post=126465"}],"curies":[{"name":"wp","href":"https:\/\/api.w.org\/{rel}","templated":true}]}}