{"id":126432,"date":"2026-02-11T08:00:13","date_gmt":"2026-02-11T07:00:13","guid":{"rendered":"https:\/\/www.tendenzeshabbychic.it\/prodotto\/mathilde-m-eau-de-toilette-fleur-de-coton-30-ml\/"},"modified":"2024-09-18T14:40:34","modified_gmt":"2024-09-18T12:40:34","slug":"mathilde-m-eau-de-toilette-fleur-de-coton-30-ml","status":"publish","type":"product","link":"https:\/\/www.tendenzeshabbychic.it\/fr\/produit\/mathilde-m-eau-de-toilette-fleur-de-coton-30-ml\/","title":{"rendered":"Mathilde M. Eau de toilette Fleur de Coton 30 ml"},"content":{"rendered":"<h2>Flacon d&rsquo;eau de toilette Mathilde M. &#8211; Fleur de Coton<\/h2>\n<p>&nbsp;<\/p>\n","protected":false},"excerpt":{"rendered":"<p>Parfum de sac \u00e0 main Eau de Toilette \u00e0 l&rsquo;essence <strong>de Fleur de Coton<\/strong> .  <div class=\"row row-solid\"  id=\"row-2065400510\">\n\n\n\t<div id=\"col-857329354\" class=\"col small-12 large-12\"  >\n\t\t\t\t<div class=\"col-inner\"  >\n\t\t\t\n\t\t\t\n\n\n\t\t<div class=\"icon-box featured-box icon-box-center text-center\"  >\n\t\t\t\t<div class=\"icon-box-text last-reset\">\n\t\t\t<h5 class=\"uppercase\">Fleur de Coton<\/h5>\t\t\t\t\t\t\n\n<p style=\"text-align: left;\">Un parfum doux et enveloppant n\u00e9 de l'union du freesia, des fleurs blanches, du coton et des bois pr\u00e9cieux qui rappelle le parfum du linge propre qui s'\u00e9chappe des armoires du pass\u00e9.<\/p>\n\n\t\t<\/div>\n\t<\/div>\n\t\n\t\n\n\t\t<\/div>\n\t\t\t\t\t<\/div>\n\n\t\n\n\t<div id=\"col-2047766811\" class=\"col small-12 large-12\"  >\n\t\t\t\t<div class=\"col-inner\"  >\n\t\t\t\n\t\t\t\n\n\n\t\t<div class=\"icon-box featured-box icon-box-left text-left\"  >\n\t\t\t\t\t<div class=\"icon-box-img\" style=\"width: 60px\">\n\t\t\t\t<div class=\"icon\">\n\t\t\t\t\t<div class=\"icon-inner\" style=\"color:rgb(206, 199, 200);\">\n\t\t\t\t\t\t<?xml version=\"1.0\" encoding=\"utf-8\"?><!-- Uploaded to: SVG Repo, www.svgrepo.com, Generator: SVG Repo Mixer Tools -->\r\n<svg fill=\"#000000\" width=\"800px\" height=\"800px\" viewBox=\"0 0 32 32\" xmlns=\"http:\/\/www.w3.org\/2000\/svg\">\r\n    <circle cx=\"16\" cy=\"16\" r=\"16\"\/>\r\n<\/svg>\t\t\t\t\t<\/div>\n\t\t\t\t<\/div>\n\t\t\t<\/div>\n\t\t\t\t<div class=\"icon-box-text last-reset\">\n\t\t\t\t\t\t\t\t\t\n\n\t<div id=\"text-3073366769\" class=\"text\">\n\t\t\n\n<h3>Notes de t\u00eate<\/h3>\n<p>Graines de freesia et de coton<\/p>\n\t\t\n<style>\n#text-3073366769 {\n  line-height: 1;\n}\n<\/style>\n\t<\/div>\n\t\n\n\t\t<\/div>\n\t<\/div>\n\t\n\t\n\n\t\t<div class=\"icon-box featured-box icon-box-left text-left\"  >\n\t\t\t\t\t<div class=\"icon-box-img\" style=\"width: 60px\">\n\t\t\t\t<div class=\"icon\">\n\t\t\t\t\t<div class=\"icon-inner\" style=\"color:#cec7c8;\">\n\t\t\t\t\t\t<?xml version=\"1.0\" encoding=\"utf-8\"?><!-- Uploaded to: SVG Repo, www.svgrepo.com, Generator: SVG Repo Mixer Tools -->\r\n<svg width=\"800px\" height=\"800px\" viewBox=\"0 0 24 24\" fill=\"none\" xmlns=\"http:\/\/www.w3.org\/2000\/svg\">\r\n<path d=\"M2 9.1371C2 14 6.01943 16.5914 8.96173 18.9109C10 19.7294 11 20.5 12 20.5C13 20.5 14 19.7294 15.0383 18.9109C17.9806 16.5914 22 14 22 9.1371C22 4.27416 16.4998 0.825464 12 5.50063C7.50016 0.825464 2 4.27416 2 9.1371Z\" fill=\"#1C274C\"\/>\r\n<\/svg>\t\t\t\t\t<\/div>\n\t\t\t\t<\/div>\n\t\t\t<\/div>\n\t\t\t\t<div class=\"icon-box-text last-reset\">\n\t\t\t\t\t\t\t\t\t\n\n\t<div id=\"text-2890653828\" class=\"text\">\n\t\t\n\n<h3>Notes de coeur<\/h3>\n<p>Fleurs de coton, orchid\u00e9e et vanille<\/p>\n\t\t\n<style>\n#text-2890653828 {\n  line-height: 1;\n}\n<\/style>\n\t<\/div>\n\t\n\n\t\t<\/div>\n\t<\/div>\n\t\n\t\n\n\t\t<div class=\"icon-box featured-box icon-box-left text-left\"  >\n\t\t\t\t\t<div class=\"icon-box-img\" style=\"width: 60px\">\n\t\t\t\t<div class=\"icon\">\n\t\t\t\t\t<div class=\"icon-inner\" style=\"color:#cec7c8;\">\n\t\t\t\t\t\t<?xml version=\"1.0\" encoding=\"UTF-8\" standalone=\"no\"?>\r\n<!-- Uploaded to: SVG Repo, www.svgrepo.com, Generator: SVG Repo Mixer Tools -->\r\n<svg width=\"800px\" height=\"800px\" viewBox=\"0 -12 32 32\" version=\"1.1\" xmlns=\"http:\/\/www.w3.org\/2000\/svg\" xmlns:xlink=\"http:\/\/www.w3.org\/1999\/xlink\" xmlns:sketch=\"http:\/\/www.bohemiancoding.com\/sketch\/ns\">\r\n    \r\n    <title>minus<\/title>\r\n    <desc>Created with Sketch Beta.<\/desc>\r\n    <defs>\r\n\r\n<\/defs>\r\n    <g id=\"Page-1\" stroke=\"none\" stroke-width=\"1\" fill=\"none\" fill-rule=\"evenodd\" sketch:type=\"MSPage\">\r\n        <g id=\"Icon-Set-Filled\" sketch:type=\"MSLayerGroup\" transform=\"translate(-414.000000, -1049.000000)\" fill=\"#000000\">\r\n            <path d=\"M442,1049 L418,1049 C415.791,1049 414,1050.79 414,1053 C414,1055.21 415.791,1057 418,1057 L442,1057 C444.209,1057 446,1055.21 446,1053 C446,1050.79 444.209,1049 442,1049\" id=\"minus\" sketch:type=\"MSShapeGroup\">\r\n\r\n<\/path>\r\n        <\/g>\r\n    <\/g>\r\n<\/svg>\t\t\t\t\t<\/div>\n\t\t\t\t<\/div>\n\t\t\t<\/div>\n\t\t\t\t<div class=\"icon-box-text last-reset\">\n\t\t\t\t\t\t\t\t\t\n\n\t<div id=\"text-2084938448\" class=\"text\">\n\t\t\n\n<h3>Notes de fond<\/h3>\n<p>Bois d'amarante et musc blanc<\/p>\n\t\t\n<style>\n#text-2084938448 {\n  line-height: 1;\n}\n<\/style>\n\t<\/div>\n\t\n\n\t\t<\/div>\n\t<\/div>\n\t\n\t\n\n\t\t<\/div>\n\t\t\t\t\t<\/div>\n\n\t\n\n\t<div id=\"col-2069694166\" class=\"col small-12 large-12\"  >\n\t\t\t\t<div class=\"col-inner text-center\"  >\n\t\t\t\n\t\t\t\n\n<p style=\"text-align: center;\"><span style=\"font-size: 120%;\"><em>D\u00e9couvrez tous les produits essences Fleur de Coton<\/em><\/span><\/p>\n<a href=\"https:\/\/www.tendenzeshabbychic.it\/fr\/Etiquette-produit\/fleur-de-coton-fr\/\" class=\"button white is-gloss box-shadow-3\" >\n\t\t<span>FARINE DE COTON<\/span>\n\t<\/a>\n\n\n\n\t\t<\/div>\n\t\t\t\t\t<\/div>\n\n\t\n\n<\/div>\n<ul>\n<li><strong>MADE IN FRANCE<\/strong><\/li>\n<li>Quantit\u00e9 30 ml<\/li>\n<li>Diam\u00e8tre 4,2 cm<\/li>\n<li>Hauteur 10 cm<\/li>\n<\/ul>\n<p>  Fabriqu\u00e9 avec 95 % d&rsquo;ingr\u00e9dients naturels, doux pour la peau, sans parab\u00e8nes, colorants, phtalates, ph\u00e9noxy\u00e9thanol, CMR et EDTA.<\/p>\n","protected":false},"featured_media":123507,"comment_status":"open","ping_status":"closed","template":"","meta":{"_joinchat":[]},"pwb-brand":[621],"product_brand":[],"product_cat":[651,3287,626],"product_tag":[628,523],"class_list":{"0":"post-126432","1":"product","2":"type-product","3":"status-publish","4":"has-post-thumbnail","6":"pwb-brand-mathilde-m","7":"product_cat-eau-de-toilette","8":"product_cat-linea-corpo","9":"product_cat-profumatori","10":"product_tag-fleur-de-coton","11":"product_tag-idea-regalo","13":"first","14":"instock","15":"sale","16":"taxable","17":"shipping-taxable","18":"purchasable","19":"product-type-simple"},"brands":[{"id":1562,"name":"Mathilde M.","slug":"mathilde-m-fr"}],"_links":{"self":[{"href":"https:\/\/www.tendenzeshabbychic.it\/fr\/wp-json\/wp\/v2\/product\/126432","targetHints":{"allow":["GET"]}}],"collection":[{"href":"https:\/\/www.tendenzeshabbychic.it\/fr\/wp-json\/wp\/v2\/product"}],"about":[{"href":"https:\/\/www.tendenzeshabbychic.it\/fr\/wp-json\/wp\/v2\/types\/product"}],"replies":[{"embeddable":true,"href":"https:\/\/www.tendenzeshabbychic.it\/fr\/wp-json\/wp\/v2\/comments?post=126432"}],"wp:featuredmedia":[{"embeddable":true,"href":"https:\/\/www.tendenzeshabbychic.it\/fr\/wp-json\/wp\/v2\/media\/123507"}],"wp:attachment":[{"href":"https:\/\/www.tendenzeshabbychic.it\/fr\/wp-json\/wp\/v2\/media?parent=126432"}],"wp:term":[{"taxonomy":"pwb-brand","embeddable":true,"href":"https:\/\/www.tendenzeshabbychic.it\/fr\/wp-json\/wp\/v2\/pwb-brand?post=126432"},{"taxonomy":"product_brand","embeddable":true,"href":"https:\/\/www.tendenzeshabbychic.it\/fr\/wp-json\/wp\/v2\/product_brand?post=126432"},{"taxonomy":"product_cat","embeddable":true,"href":"https:\/\/www.tendenzeshabbychic.it\/fr\/wp-json\/wp\/v2\/product_cat?post=126432"},{"taxonomy":"product_tag","embeddable":true,"href":"https:\/\/www.tendenzeshabbychic.it\/fr\/wp-json\/wp\/v2\/product_tag?post=126432"}],"curies":[{"name":"wp","href":"https:\/\/api.w.org\/{rel}","templated":true}]}}