{"id":123303,"date":"2024-01-16T21:01:13","date_gmt":"2024-01-16T20:01:13","guid":{"rendered":"https:\/\/www.tendenzeshabbychic.it\/prodotto\/mathilde-m-parfum-dambiance-en-spray-fleur-de-oranger-les-intemporels-100ml\/"},"modified":"2024-07-05T18:08:54","modified_gmt":"2024-07-05T16:08:54","slug":"mathilde-m-parfum-dambiance-en-spray-fleur-de-oranger-les-intemporels-100ml","status":"publish","type":"product","link":"https:\/\/www.tendenzeshabbychic.it\/fr\/produit\/mathilde-m-parfum-dambiance-en-spray-fleur-de-oranger-les-intemporels-100ml\/","title":{"rendered":"Mathilde M. Parfum d&rsquo;ambiance en Spray Fleur de Oranger Les Intemporels 100ml"},"content":{"rendered":"","protected":false},"excerpt":{"rendered":"<p>Spray d&rsquo;ambiance Fleur de Oranger, quelques pulv\u00e9risations permettent de cr\u00e9er en un instant une ambiance raffin\u00e9e et personnelle.<\/p>\n<ul>\n<li>Quantit\u00e9 100 ml<\/li>\n<li>Diam\u00e8tre 5 cm<\/li>\n<li>Hauteur 15cm<\/li>\n<li><strong>MADE IN FRANCE<\/strong><\/li>\n<\/ul>\n<div class=\"row row-solid\"  id=\"row-958873592\">\n\n\n\t<div id=\"col-840906692\" class=\"col small-12 large-12\"  >\n\t\t\t\t<div class=\"col-inner\"  >\n\t\t\t\n\t\t\t\n\n\n\t\t<div class=\"icon-box featured-box icon-box-center text-center\"  >\n\t\t\t\t<div class=\"icon-box-text last-reset\">\n\t\t\t<h5 class=\"uppercase\">Fleur d&apos;Oranger<\/h5>\t\t\t\t\t\t\n\n<p style=\"text-align: center;\">Plongez dans une ambiance ensoleill\u00e9e, un jardin m\u00e9diterran\u00e9en. O\u00f9 les brises chaudes transportent les ar\u00f4mes envo\u00fbtants des fleurs d\u2019oranger. Dans son sillage, des notes croquantes d'agrumes se m\u00e9langent aux accents chauds de bois de c\u00e8dre pour se fondre dans un accord ambr\u00e9 envo\u00fbtant.<\/p>\n<p style=\"text-align: center;\">Un parfum floral ensoleill\u00e9 et d\u00e9licieusement r\u00e9gressif, un hymne \u00e0 la beaut\u00e9 intemporelle plus embl\u00e9matique que les fleurs blanches.<\/p>\n<p>Le nouveau parfum de l'\u00e9t\u00e9 2024<\/p>\n\n\t\t<\/div>\n\t<\/div>\n\t\n\t\n\n\t\t<\/div>\n\t\t\t\t\t<\/div>\n\n\t\n\n\t<div id=\"col-421019091\" class=\"col small-12 large-12\"  >\n\t\t\t\t<div class=\"col-inner\"  >\n\t\t\t\n\t\t\t\n\n\n\t\t<div class=\"icon-box featured-box icon-box-left text-left\"  >\n\t\t\t\t\t<div class=\"icon-box-img\" style=\"width: 60px\">\n\t\t\t\t<div class=\"icon\">\n\t\t\t\t\t<div class=\"icon-inner\" style=\"color:rgb(189, 129, 32);\">\n\t\t\t\t\t\t<?xml version=\"1.0\" encoding=\"utf-8\"?><!-- Uploaded to: SVG Repo, www.svgrepo.com, Generator: SVG Repo Mixer Tools -->\r\n<svg fill=\"#000000\" width=\"800px\" height=\"800px\" viewBox=\"0 0 32 32\" xmlns=\"http:\/\/www.w3.org\/2000\/svg\">\r\n    <circle cx=\"16\" cy=\"16\" r=\"16\"\/>\r\n<\/svg>\t\t\t\t\t<\/div>\n\t\t\t\t<\/div>\n\t\t\t<\/div>\n\t\t\t\t<div class=\"icon-box-text last-reset\">\n\t\t\t\t\t\t\t\t\t\n\n\t<div id=\"text-3339797233\" class=\"text\">\n\t\t\n\n<h3>Notes de t\u00eate<\/h3>\n<p>Fleurs oranges<\/p>\n\t\t\n<style>\n#text-3339797233 {\n  line-height: 1;\n}\n<\/style>\n\t<\/div>\n\t\n\n\t\t<\/div>\n\t<\/div>\n\t\n\t\n\n\t\t<div class=\"icon-box featured-box icon-box-left text-left\"  >\n\t\t\t\t\t<div class=\"icon-box-img\" style=\"width: 60px\">\n\t\t\t\t<div class=\"icon\">\n\t\t\t\t\t<div class=\"icon-inner\" style=\"color:#bd8120;\">\n\t\t\t\t\t\t<?xml version=\"1.0\" encoding=\"utf-8\"?><!-- Uploaded to: SVG Repo, www.svgrepo.com, Generator: SVG Repo Mixer Tools -->\r\n<svg width=\"800px\" height=\"800px\" viewBox=\"0 0 24 24\" fill=\"none\" xmlns=\"http:\/\/www.w3.org\/2000\/svg\">\r\n<path d=\"M2 9.1371C2 14 6.01943 16.5914 8.96173 18.9109C10 19.7294 11 20.5 12 20.5C13 20.5 14 19.7294 15.0383 18.9109C17.9806 16.5914 22 14 22 9.1371C22 4.27416 16.4998 0.825464 12 5.50063C7.50016 0.825464 2 4.27416 2 9.1371Z\" fill=\"#1C274C\"\/>\r\n<\/svg>\t\t\t\t\t<\/div>\n\t\t\t\t<\/div>\n\t\t\t<\/div>\n\t\t\t\t<div class=\"icon-box-text last-reset\">\n\t\t\t\t\t\t\t\t\t\n\n\t<div id=\"text-3378457670\" class=\"text\">\n\t\t\n\n<h3>Notes de coeur<\/h3>\n<p>Musc blanc, ciste et \u00e9pices<\/p>\n\t\t\n<style>\n#text-3378457670 {\n  line-height: 1;\n}\n<\/style>\n\t<\/div>\n\t\n\n\t\t<\/div>\n\t<\/div>\n\t\n\t\n\n\t\t<div class=\"icon-box featured-box icon-box-left text-left\"  >\n\t\t\t\t\t<div class=\"icon-box-img\" style=\"width: 60px\">\n\t\t\t\t<div class=\"icon\">\n\t\t\t\t\t<div class=\"icon-inner\" style=\"color:#bd8120;\">\n\t\t\t\t\t\t<?xml version=\"1.0\" encoding=\"UTF-8\" standalone=\"no\"?>\r\n<!-- Uploaded to: SVG Repo, www.svgrepo.com, Generator: SVG Repo Mixer Tools -->\r\n<svg width=\"800px\" height=\"800px\" viewBox=\"0 -12 32 32\" version=\"1.1\" xmlns=\"http:\/\/www.w3.org\/2000\/svg\" xmlns:xlink=\"http:\/\/www.w3.org\/1999\/xlink\" xmlns:sketch=\"http:\/\/www.bohemiancoding.com\/sketch\/ns\">\r\n    \r\n    <title>minus<\/title>\r\n    <desc>Created with Sketch Beta.<\/desc>\r\n    <defs>\r\n\r\n<\/defs>\r\n    <g id=\"Page-1\" stroke=\"none\" stroke-width=\"1\" fill=\"none\" fill-rule=\"evenodd\" sketch:type=\"MSPage\">\r\n        <g id=\"Icon-Set-Filled\" sketch:type=\"MSLayerGroup\" transform=\"translate(-414.000000, -1049.000000)\" fill=\"#000000\">\r\n            <path d=\"M442,1049 L418,1049 C415.791,1049 414,1050.79 414,1053 C414,1055.21 415.791,1057 418,1057 L442,1057 C444.209,1057 446,1055.21 446,1053 C446,1050.79 444.209,1049 442,1049\" id=\"minus\" sketch:type=\"MSShapeGroup\">\r\n\r\n<\/path>\r\n        <\/g>\r\n    <\/g>\r\n<\/svg>\t\t\t\t\t<\/div>\n\t\t\t\t<\/div>\n\t\t\t<\/div>\n\t\t\t\t<div class=\"icon-box-text last-reset\">\n\t\t\t\t\t\t\t\t\t\n\n\t<div id=\"text-3259523267\" class=\"text\">\n\t\t\n\n<h3>Notes de fond<\/h3>\n<p>C\u00e8dre et Ambre<\/p>\n\t\t\n<style>\n#text-3259523267 {\n  line-height: 1;\n}\n<\/style>\n\t<\/div>\n\t\n\n\t\t<\/div>\n\t<\/div>\n\t\n\t\n\n\t\t<\/div>\n\t\t\t\t\t<\/div>\n\n\t\n\n\t<div id=\"col-655087977\" class=\"col small-12 large-12\"  >\n\t\t\t\t<div class=\"col-inner text-center\"  >\n\t\t\t\n\t\t\t\n\n<p style=\"text-align: center;\"><span style=\"font-size: 120%;\"><em>D\u00e9couvrez tous les produits essences Fleur d'Oranger<\/em><\/span><\/p>\n<a href=\"https:\/\/www.tendenzeshabbychic.it\/fr\/Etiquette-produit\/fleur-de-oranger-fr\/\" class=\"button white is-gloss box-shadow-2\" >\n\t\t<span>FLEUR D&apos;ORANGER<\/span>\n\t<\/a>\n\n\n\n\t\t<\/div>\n\t\t\t\t\t<\/div>\n\n\t\n\n<\/div>\n","protected":false},"featured_media":122462,"comment_status":"open","ping_status":"closed","template":"","meta":{"_joinchat":[]},"pwb-brand":[621],"product_brand":[],"product_cat":[1518],"product_tag":[2668,523],"class_list":{"0":"post-123303","1":"product","2":"type-product","3":"status-publish","4":"has-post-thumbnail","6":"pwb-brand-mathilde-m","7":"product_cat-spray-fr","8":"product_tag-fleur-de-oranger","9":"product_tag-idea-regalo","11":"first","12":"instock","13":"taxable","14":"shipping-taxable","15":"purchasable","16":"product-type-simple"},"brands":[{"id":1562,"name":"Mathilde M.","slug":"mathilde-m-fr"}],"_links":{"self":[{"href":"https:\/\/www.tendenzeshabbychic.it\/fr\/wp-json\/wp\/v2\/product\/123303","targetHints":{"allow":["GET"]}}],"collection":[{"href":"https:\/\/www.tendenzeshabbychic.it\/fr\/wp-json\/wp\/v2\/product"}],"about":[{"href":"https:\/\/www.tendenzeshabbychic.it\/fr\/wp-json\/wp\/v2\/types\/product"}],"replies":[{"embeddable":true,"href":"https:\/\/www.tendenzeshabbychic.it\/fr\/wp-json\/wp\/v2\/comments?post=123303"}],"wp:featuredmedia":[{"embeddable":true,"href":"https:\/\/www.tendenzeshabbychic.it\/fr\/wp-json\/wp\/v2\/media\/122462"}],"wp:attachment":[{"href":"https:\/\/www.tendenzeshabbychic.it\/fr\/wp-json\/wp\/v2\/media?parent=123303"}],"wp:term":[{"taxonomy":"pwb-brand","embeddable":true,"href":"https:\/\/www.tendenzeshabbychic.it\/fr\/wp-json\/wp\/v2\/pwb-brand?post=123303"},{"taxonomy":"product_brand","embeddable":true,"href":"https:\/\/www.tendenzeshabbychic.it\/fr\/wp-json\/wp\/v2\/product_brand?post=123303"},{"taxonomy":"product_cat","embeddable":true,"href":"https:\/\/www.tendenzeshabbychic.it\/fr\/wp-json\/wp\/v2\/product_cat?post=123303"},{"taxonomy":"product_tag","embeddable":true,"href":"https:\/\/www.tendenzeshabbychic.it\/fr\/wp-json\/wp\/v2\/product_tag?post=123303"}],"curies":[{"name":"wp","href":"https:\/\/api.w.org\/{rel}","templated":true}]}}