{"id":119256,"date":"2023-12-19T23:46:36","date_gmt":"2023-12-19T22:46:36","guid":{"rendered":"https:\/\/www.tendenzeshabbychic.it\/?post_type=product&#038;p=119256"},"modified":"2026-05-12T17:52:13","modified_gmt":"2026-05-12T15:52:13","slug":"paire-deponges-visage-et-invites-et-biscuit-dentelle-de-provence-copia-copia-2","status":"publish","type":"product","link":"https:\/\/www.tendenzeshabbychic.it\/fr\/produit\/paire-deponges-visage-et-invites-et-biscuit-dentelle-de-provence-copia-copia-2\/","title":{"rendered":"Chez Moi Paire d&rsquo;\u00e9ponges visage et invit\u00e9s Carillon Argent"},"content":{"rendered":"<ul>\n<li><strong>mati\u00e8res :<\/strong> 100% coton et lin<\/li>\n<li><strong>MADE IN ITALY<\/strong><\/li>\n<\/ul>\n","protected":false},"excerpt":{"rendered":"<p>Set de serviettes visage et invit\u00e9s en \u00e9ponge blanche naturelle (100% coton) et rayure de lin argent\u00e9 avec lurex, fabriqu\u00e9e main en Italie par Chez Moi.<\/p>\n<p><strong>DIMENSIONS DES SERVIETTES POUR LE VISAGE :<\/strong> 100 x 60 cm<\/p>\n<p><strong>DIMENSION DES SERVIETTES INVITES :<\/strong> 60 x 40 cm<\/p>\n","protected":false},"featured_media":119258,"comment_status":"open","ping_status":"closed","template":"","meta":{"_joinchat":[]},"pwb-brand":[656],"product_brand":[],"product_cat":[1473],"product_tag":[353,788,3284],"class_list":{"0":"post-119256","1":"product","2":"type-product","3":"status-publish","4":"has-post-thumbnail","6":"pwb-brand-chez-moi","7":"product_cat-serviettes","8":"product_tag-fatto-a-mano","9":"product_tag-made-in-italy","10":"product_tag-saldi","11":"pa_colore-argento","12":"pa_colore-bianco","14":"first","15":"instock","16":"sale","17":"taxable","18":"shipping-taxable","19":"purchasable","20":"product-type-simple"},"brands":[{"id":1567,"name":"Chez Moi","slug":"chez-moi-fr"}],"_links":{"self":[{"href":"https:\/\/www.tendenzeshabbychic.it\/fr\/wp-json\/wp\/v2\/product\/119256","targetHints":{"allow":["GET"]}}],"collection":[{"href":"https:\/\/www.tendenzeshabbychic.it\/fr\/wp-json\/wp\/v2\/product"}],"about":[{"href":"https:\/\/www.tendenzeshabbychic.it\/fr\/wp-json\/wp\/v2\/types\/product"}],"replies":[{"embeddable":true,"href":"https:\/\/www.tendenzeshabbychic.it\/fr\/wp-json\/wp\/v2\/comments?post=119256"}],"wp:featuredmedia":[{"embeddable":true,"href":"https:\/\/www.tendenzeshabbychic.it\/fr\/wp-json\/wp\/v2\/media\/119258"}],"wp:attachment":[{"href":"https:\/\/www.tendenzeshabbychic.it\/fr\/wp-json\/wp\/v2\/media?parent=119256"}],"wp:term":[{"taxonomy":"pwb-brand","embeddable":true,"href":"https:\/\/www.tendenzeshabbychic.it\/fr\/wp-json\/wp\/v2\/pwb-brand?post=119256"},{"taxonomy":"product_brand","embeddable":true,"href":"https:\/\/www.tendenzeshabbychic.it\/fr\/wp-json\/wp\/v2\/product_brand?post=119256"},{"taxonomy":"product_cat","embeddable":true,"href":"https:\/\/www.tendenzeshabbychic.it\/fr\/wp-json\/wp\/v2\/product_cat?post=119256"},{"taxonomy":"product_tag","embeddable":true,"href":"https:\/\/www.tendenzeshabbychic.it\/fr\/wp-json\/wp\/v2\/product_tag?post=119256"}],"curies":[{"name":"wp","href":"https:\/\/api.w.org\/{rel}","templated":true}]}}