{"id":118571,"date":"2022-10-09T17:37:31","date_gmt":"2022-10-09T15:37:31","guid":{"rendered":"https:\/\/www.tendenzeshabbychic.it\/prodotto\/poncho-nevada-provenza-en-laine-alpaga-noir-chez-moi\/"},"modified":"2022-10-09T17:37:31","modified_gmt":"2022-10-09T15:37:31","slug":"poncho-nevada-provenza-en-laine-alpaga-noir-chez-moi","status":"publish","type":"product","link":"https:\/\/www.tendenzeshabbychic.it\/fr\/produit\/poncho-nevada-provenza-en-laine-alpaga-noir-chez-moi\/","title":{"rendered":"Poncho Nevada Provenza en laine alpaga Noir &#8211; Chez Moi"},"content":{"rendered":"<ul>\n<li>mati\u00e8re : 100% laine d&rsquo;alpaga et dentelle (60% nylon &#8211; 40% coton)<\/li>\n<li>Article enti\u00e8rement fabriqu\u00e9 en <strong>ITALIE<\/strong><\/li>\n<\/ul>\n","protected":false},"excerpt":{"rendered":"<p><b>TAILLE UNIQUE<\/b><\/p>\n<p>Poncho noir en pure laine d&rsquo;alpaga et dentelle Provenza . Enti\u00e8rement fabriqu\u00e9 \u00e0 la main en Italie par des mains artisanales qualifi\u00e9es.<\/p>\n<p>Parfait pendant la p\u00e9riode hivernale pour compl\u00e9ter votre tenue d&rsquo;une mani\u00e8re particuli\u00e8re.<\/p>\n<p>Id\u00e9al pour une jeune fille mais aussi pour une femme branch\u00e9e.<\/p>\n<p>&nbsp;<\/p>\n","protected":false},"featured_media":68855,"comment_status":"open","ping_status":"closed","template":"","meta":{"_joinchat":[]},"pwb-brand":[1567],"product_brand":[],"product_cat":[1454],"product_tag":[1306,1300,1296,1407,1298],"class_list":{"0":"post-118571","1":"product","2":"type-product","3":"status-publish","4":"has-post-thumbnail","6":"pwb-brand-chez-moi-fr","7":"product_cat-foulards","8":"product_tag-dentelle-provenza","9":"product_tag-fatto-a-mano-fr","10":"product_tag-idee-de-cadeau","11":"product_tag-laine","12":"product_tag-made-in-italy-fr","14":"first","15":"outofstock","16":"taxable","17":"shipping-taxable","18":"purchasable","19":"product-type-simple"},"brands":[{"id":1567,"name":"Chez Moi","slug":"chez-moi-fr"}],"_links":{"self":[{"href":"https:\/\/www.tendenzeshabbychic.it\/fr\/wp-json\/wp\/v2\/product\/118571","targetHints":{"allow":["GET"]}}],"collection":[{"href":"https:\/\/www.tendenzeshabbychic.it\/fr\/wp-json\/wp\/v2\/product"}],"about":[{"href":"https:\/\/www.tendenzeshabbychic.it\/fr\/wp-json\/wp\/v2\/types\/product"}],"replies":[{"embeddable":true,"href":"https:\/\/www.tendenzeshabbychic.it\/fr\/wp-json\/wp\/v2\/comments?post=118571"}],"wp:featuredmedia":[{"embeddable":true,"href":"https:\/\/www.tendenzeshabbychic.it\/fr\/wp-json\/wp\/v2\/media\/68855"}],"wp:attachment":[{"href":"https:\/\/www.tendenzeshabbychic.it\/fr\/wp-json\/wp\/v2\/media?parent=118571"}],"wp:term":[{"taxonomy":"pwb-brand","embeddable":true,"href":"https:\/\/www.tendenzeshabbychic.it\/fr\/wp-json\/wp\/v2\/pwb-brand?post=118571"},{"taxonomy":"product_brand","embeddable":true,"href":"https:\/\/www.tendenzeshabbychic.it\/fr\/wp-json\/wp\/v2\/product_brand?post=118571"},{"taxonomy":"product_cat","embeddable":true,"href":"https:\/\/www.tendenzeshabbychic.it\/fr\/wp-json\/wp\/v2\/product_cat?post=118571"},{"taxonomy":"product_tag","embeddable":true,"href":"https:\/\/www.tendenzeshabbychic.it\/fr\/wp-json\/wp\/v2\/product_tag?post=118571"}],"curies":[{"name":"wp","href":"https:\/\/api.w.org\/{rel}","templated":true}]}}