{"id":116067,"date":"2025-04-29T14:18:42","date_gmt":"2025-04-29T13:18:42","guid":{"rendered":"https:\/\/www.tendenzeshabbychic.it\/prodotto\/etagere-chic-antique-a-barres-extractibles-h-80-cm\/"},"modified":"2024-07-26T12:43:31","modified_gmt":"2024-07-26T10:43:31","slug":"etagere-chic-antique-avec-barres-extractibles-h-80-cm","status":"publish","type":"product","link":"https:\/\/www.tendenzeshabbychic.it\/fr\/produit\/etagere-chic-antique-avec-barres-extractibles-h-80-cm\/","title":{"rendered":"Etagere Chic Antique \u00e0 barres extractibles H 80 cm"},"content":{"rendered":"","protected":false},"excerpt":{"rendered":"<p>Pr\u00e9sentoir mural en bois \u00e0 barres amovibles, parfait pour exposer vos collections de mugs, pour cr\u00e9er des d\u00e9corations \u00e0 fort impact visuel.  <\/p>\n<ul>\n<li>Hauteur 80 cm<\/li>\n<li>Profondeur 11 cm<\/li>\n<li>Largeur 65 cm<\/li>\n<\/ul>\n","protected":false},"featured_media":115350,"comment_status":"open","ping_status":"closed","template":"","meta":{"_joinchat":[]},"pwb-brand":[534],"product_brand":[],"product_cat":[1500],"product_tag":[3284],"class_list":{"0":"post-116067","1":"product","2":"type-product","3":"status-publish","4":"has-post-thumbnail","6":"pwb-brand-chic-antique","7":"product_cat-etageres","8":"product_tag-saldi","10":"first","11":"outofstock","12":"sale","13":"taxable","14":"shipping-taxable","15":"purchasable","16":"product-type-simple"},"brands":[{"id":1569,"name":"Chic Antique","slug":"chic-antique-fr"}],"_links":{"self":[{"href":"https:\/\/www.tendenzeshabbychic.it\/fr\/wp-json\/wp\/v2\/product\/116067","targetHints":{"allow":["GET"]}}],"collection":[{"href":"https:\/\/www.tendenzeshabbychic.it\/fr\/wp-json\/wp\/v2\/product"}],"about":[{"href":"https:\/\/www.tendenzeshabbychic.it\/fr\/wp-json\/wp\/v2\/types\/product"}],"replies":[{"embeddable":true,"href":"https:\/\/www.tendenzeshabbychic.it\/fr\/wp-json\/wp\/v2\/comments?post=116067"}],"wp:featuredmedia":[{"embeddable":true,"href":"https:\/\/www.tendenzeshabbychic.it\/fr\/wp-json\/wp\/v2\/media\/115350"}],"wp:attachment":[{"href":"https:\/\/www.tendenzeshabbychic.it\/fr\/wp-json\/wp\/v2\/media?parent=116067"}],"wp:term":[{"taxonomy":"pwb-brand","embeddable":true,"href":"https:\/\/www.tendenzeshabbychic.it\/fr\/wp-json\/wp\/v2\/pwb-brand?post=116067"},{"taxonomy":"product_brand","embeddable":true,"href":"https:\/\/www.tendenzeshabbychic.it\/fr\/wp-json\/wp\/v2\/product_brand?post=116067"},{"taxonomy":"product_cat","embeddable":true,"href":"https:\/\/www.tendenzeshabbychic.it\/fr\/wp-json\/wp\/v2\/product_cat?post=116067"},{"taxonomy":"product_tag","embeddable":true,"href":"https:\/\/www.tendenzeshabbychic.it\/fr\/wp-json\/wp\/v2\/product_tag?post=116067"}],"curies":[{"name":"wp","href":"https:\/\/api.w.org\/{rel}","templated":true}]}}