{"id":111315,"date":"2025-10-02T12:22:14","date_gmt":"2025-10-02T10:22:14","guid":{"rendered":"https:\/\/www.tendenzeshabbychic.it\/prodotto\/chez-moi-pyjama-serafine-en-noir\/"},"modified":"2024-06-21T14:49:49","modified_gmt":"2024-06-21T12:49:49","slug":"chez-moi-pyjama-serafine-coloris-noir","status":"publish","type":"product","link":"https:\/\/www.tendenzeshabbychic.it\/fr\/produit\/chez-moi-pyjama-serafine-coloris-noir\/","title":{"rendered":"Chez Moi Pyjama Serafine en Noir"},"content":{"rendered":"<ul>\n<li>Composition : 100% micromodal &#8211; 60% dentelle nylon &#8211; 40% coton<\/li>\n<li>Les tissus micromodal ont des qualit\u00e9s bien sup\u00e9rieures au coton, ils ne r\u00e9tr\u00e9cissent pas et ont des couleurs beaucoup plus solides et lumineuses. Lisse au toucher, brillant et doux.<\/li>\n<li>Les tissus micromodaux sont lav\u00e9s et repass\u00e9s comme le coton. Haute capacit\u00e9 \u00e0 absorber la transpiration corporelle.<\/li>\n<li>MADE IN ITALY<\/li>\n<\/ul>\n\n\t<section class=\"section\" id=\"section_142591110\">\n\t\t<div class=\"section-bg fill\" >\n\t\t\t\t\t\t\t\t\t\n\t\t\t\n\n\t\t<\/div>\n\n\t\t\n\n\t\t<div class=\"section-content relative\">\n\t\t\t\n\n<div class=\"row\"  id=\"row-545478753\">\n\n\n\t<div id=\"col-2142436300\" class=\"col small-12 large-12\"  >\n\t\t\t\t<div class=\"col-inner\"  >\n\t\t\t\n\t\t\t\n\n\t<div id=\"text-2207398637\" class=\"text\">\n\t\t\n\n<h3><span style=\"font-size: 115%;\">Les conseils de Serena...<\/span><\/h3>\n<p>Traitez vos v\u00eatements comme ils le m\u00e9ritent, utilisez le spray et l'adoucissant originaux <strong>Chez Moi<\/strong> pour vos tissus pr\u00e9cieux.<\/p>\n\t\t\n<style>\n#text-2207398637 {\n  font-size: 1.3rem;\n}\n<\/style>\n\t<\/div>\n\t\n\n\t\t<\/div>\n\t\t\t\t\t<\/div>\n\n\t\n\n<\/div>\n<div class=\"row\"  id=\"row-611587336\">\n\n\n\t<div id=\"col-1020114165\" class=\"col medium-6 small-6 large-6\"  >\n\t\t\t\t<div class=\"col-inner\"  >\n\t\t\t\n\t\t\t\n\n\t\n  \n    <div class=\"row large-columns-1 medium-columns- small-columns- row-small has-shadow row-box-shadow-1\" >\n  \n\t     <div class=\"product-small col has-hover product type-product post-74454 status-publish first instock product_cat-parfums-pour-tissus product_tag-dentelle product_tag-made-in-italy-fr has-post-thumbnail taxable shipping-taxable purchasable product-type-simple\">\n\t<div class=\"col-inner\">\n\t\n<div class=\"badge-container absolute left top z-1\">\n\n<\/div>\n\t<div class=\"product-small box \">\n\t\t<div class=\"box-image\">\n\t\t\t<div class=\"image-fade_in_back\">\n\t\t\t\t<a href=\"https:\/\/www.tendenzeshabbychic.it\/fr\/produit\/spray-pour-fleurs-en-tissu-chez-moi\/\">\n\t\t\t\t\t<img loading=\"lazy\" decoding=\"async\" width=\"500\" height=\"500\" src=\"https:\/\/www.tendenzeshabbychic.it\/wp-content\/uploads\/2022\/05\/soray-per-tessuti-fior-di-pizzo-chez-moi-500x500.jpg\" class=\"attachment-woocommerce_thumbnail size-woocommerce_thumbnail\" alt=\"spray Chez Moi fragrance dentelle fleur\" srcset=\"https:\/\/www.tendenzeshabbychic.it\/wp-content\/uploads\/2022\/05\/soray-per-tessuti-fior-di-pizzo-chez-moi-500x500.jpg 500w, https:\/\/www.tendenzeshabbychic.it\/wp-content\/uploads\/2022\/05\/soray-per-tessuti-fior-di-pizzo-chez-moi-100x100.jpg 100w, https:\/\/www.tendenzeshabbychic.it\/wp-content\/uploads\/2022\/05\/soray-per-tessuti-fior-di-pizzo-chez-moi-64x64.jpg 64w, https:\/\/www.tendenzeshabbychic.it\/wp-content\/uploads\/2022\/05\/soray-per-tessuti-fior-di-pizzo-chez-moi-400x400.jpg 400w, https:\/\/www.tendenzeshabbychic.it\/wp-content\/uploads\/2022\/05\/soray-per-tessuti-fior-di-pizzo-chez-moi-800x800.jpg 800w, https:\/\/www.tendenzeshabbychic.it\/wp-content\/uploads\/2022\/05\/soray-per-tessuti-fior-di-pizzo-chez-moi-280x280.jpg 280w, https:\/\/www.tendenzeshabbychic.it\/wp-content\/uploads\/2022\/05\/soray-per-tessuti-fior-di-pizzo-chez-moi-768x768.jpg 768w, https:\/\/www.tendenzeshabbychic.it\/wp-content\/uploads\/2022\/05\/soray-per-tessuti-fior-di-pizzo-chez-moi-247x247.jpg 247w, https:\/\/www.tendenzeshabbychic.it\/wp-content\/uploads\/2022\/05\/soray-per-tessuti-fior-di-pizzo-chez-moi-510x510.jpg 510w, https:\/\/www.tendenzeshabbychic.it\/wp-content\/uploads\/2022\/05\/soray-per-tessuti-fior-di-pizzo-chez-moi.jpg 1000w\" sizes=\"auto, (max-width: 500px) 100vw, 500px\" \/>\t\t\t\t<\/a>\n\t\t\t<\/div>\n\t\t\t<div class=\"image-tools is-small top right show-on-hover\">\n\t\t\t\t\t\t\t<\/div>\n\t\t\t<div class=\"image-tools is-small hide-for-small bottom left show-on-hover\">\n\t\t\t\t\t\t\t<\/div>\n\t\t\t<div class=\"image-tools grid-tools text-center hide-for-small bottom hover-slide-in show-on-hover\">\n\t\t\t\t\t\t\t<\/div>\n\t\t\t\t\t<\/div>\n\n\t\t<div class=\"box-text box-text-products\">\n\t\t\t<div class=\"title-wrapper\"><p class=\"name product-title woocommerce-loop-product__title\"><a href=\"https:\/\/www.tendenzeshabbychic.it\/fr\/produit\/spray-pour-fleurs-en-tissu-chez-moi\/\" class=\"woocommerce-LoopProduct-link woocommerce-loop-product__link\">Spray pour Tissus Fior di Pizzo Chez Moi<\/a><\/p><\/div><div class=\"price-wrapper\"><div class=\"star-rating star-rating--inline\" role=\"img\" aria-label=\"Note 5 sur 5\"><span style=\"width:100%\">Note <strong class=\"rating\">5<\/strong> sur 5<\/span><\/div>\n\t<span class=\"price\"><span class=\"woocommerce-Price-amount amount\"><bdi>14,90&nbsp;<span class=\"woocommerce-Price-currencySymbol\">&euro;<\/span><\/bdi><\/span><\/span>\n<\/div>\t\t<\/div>\n\t<\/div>\n\t\t\t\t<input type=\"hidden\" class=\"pmwProductId\" data-id=\"74454\">\n\t\t\t\t\t<script>\n\t\t\t(window.pmwDataLayer = window.pmwDataLayer || {}).products                = window.pmwDataLayer.products || {};\n\t\t\twindow.pmwDataLayer.products[74454] = {\"id\":\"74454\",\"sku\":\"SPRAYCHEZMOI\",\"price\":14.9,\"brand\":\"\",\"quantity\":1,\"dyn_r_ids\":{\"post_id\":\"74454\",\"sku\":\"SPRAYCHEZMOI\",\"gpf\":\"woocommerce_gpf_74454\",\"gla\":\"gla_74454\"},\"is_variable\":false,\"type\":\"simple\",\"name\":\"Spray pour Tissus Fior di Pizzo Chez Moi\",\"category\":[\"Parfums pour tissus\"],\"is_variation\":false};\n\t\t\t\t\twindow.pmw_product_position = window.pmw_product_position || 1;\n\t\twindow.pmwDataLayer.products[74454]['position'] = window.pmw_product_position++;\n\t\t\t\t<\/script>\n\t\t\t<\/div>\n<\/div><\/div>\n\n\n\t\t<\/div>\n\t\t\t\t\t<\/div>\n\n\t\n\n\t<div id=\"col-1525164576\" class=\"col medium-6 small-6 large-6\"  >\n\t\t\t\t<div class=\"col-inner\"  >\n\t\t\t\n\t\t\t\n\n\t\n  \n    <div class=\"row large-columns-1 medium-columns- small-columns- row-small has-shadow row-box-shadow-1\" >\n  \n\t     <\/div>\n\n\n\t\t<\/div>\n\t\t\t\t\t<\/div>\n\n\t\n\n<\/div>\n\n\t\t<\/div>\n\n\t\t\n<style>\n#section_142591110 {\n  padding-top: 30px;\n  padding-bottom: 30px;\n}\n<\/style>\n\t<\/section>\n\t\n<h3>TAILLE S&nbsp;:<\/h3>\n<ul>\n<li>\u00c9paules 36 cm<\/li>\n<li>Poitrine 86 cm<\/li>\n<li>Circonf\u00e9rence du bras 34 cm<\/li>\n<li>Longueur du bras 55 cm<\/li>\n<li>Longueur totale de la chemise 65 cm<\/li>\n<li>Emmanchure 46 cm<\/li>\n<li>Tour de taille du pantalon 56 cm MIN 100 cm MAX<\/li>\n<li>Cheval 29 cm<\/li>\n<li>Tour de cuisse 56 cm<\/li>\n<li>Longueur totale du pantalon 100 cm<\/li>\n<\/ul>\n<h3>TAILLE M:<\/h3>\n<ul>\n<li>\u00c9paules 40 cm<\/li>\n<li>Poitrine 92 cm<\/li>\n<li>Circonf\u00e9rence du bras 36 cm<\/li>\n<li>Longueur des bras 57 cm<\/li>\n<li>Longueur totale de la chemise 65 cm<\/li>\n<li>Emmanchure 44 cm<\/li>\n<li>Tour de taille du pantalon 60 cm MIN 100 cm MAX<\/li>\n<li>Cheval 32 cm<\/li>\n<li>Tour de cuisse 58 cm<\/li>\n<li>Longueur totale du pantalon 100 cm<\/li>\n<\/ul>\n<h3>TAILLE L:<\/h3>\n<ul>\n<li>\u00c9paules 46 cm<\/li>\n<li>Poitrine 110 cm<\/li>\n<li>Circonf\u00e9rence du bras 36 cm<\/li>\n<li>Longueur des bras 56 cm<\/li>\n<li>Longueur totale de la chemise 70 cm<\/li>\n<li>Emmanchure 48 cm<\/li>\n<li>Tour de taille du pantalon 66 cm MIN 96 cm MAX<\/li>\n<li>Cheval 26 cm<\/li>\n<li>Tour de cuisse 60 cm<\/li>\n<li>Longueur totale du pantalon 100 cm<\/li>\n<\/ul>\n<p>Taille mesur\u00e9e manuellement, peut varier de 1\/2 cm<\/p>\n","protected":false},"excerpt":{"rendered":"<p>\u00c9l\u00e9gant pyjama noir Serafine Chez Moi agr\u00e9ment\u00e9 d&rsquo;applications de dentelle Versailles ton sur ton.<\/p>\n<p>Mod\u00e8le \u00e0 col rond avec manches et chevilles enrichies d&rsquo;un ourlet ondul\u00e9 romantique.<\/p>\n<p>Ce mod\u00e8le se caract\u00e9rise par la pr\u00e9sence de dentelle de Versailles sur la poitrine et autour de la taille.<\/p>\n<p>Le pantalon pr\u00e9sente une taille \u00e9lastique douce. Parfait pour ceux qui veulent \u00eatre \u00e9l\u00e9gants en toute occasion. Le micromodal doux (l\u00e9g\u00e8rement extensible) rend ce pyjama enveloppant et confortable sur votre corps, s&rsquo;adaptant \u00e0 de multiples morphologies.<\/p>\n<p>Un article de pur luxe italien fabriqu\u00e9 \u00e0 la main par Chez Moi .<\/p>\n","protected":false},"featured_media":111217,"comment_status":"open","ping_status":"closed","template":"","meta":{"_joinchat":[]},"pwb-brand":[2079],"product_brand":[],"product_cat":[2573],"product_tag":[2280,2283,2259,3286],"class_list":{"0":"post-111315","1":"product","2":"type-product","3":"status-publish","4":"has-post-thumbnail","6":"pwb-brand-chez-moi-es","7":"product_cat-pyjamas","8":"product_tag-hecho-a-mano","9":"product_tag-idea-de-regalo","10":"product_tag-made-in-italy-es","11":"product_tag-ventas","12":"pa_colore-negro","14":"","15":"instock","16":"sale","17":"taxable","18":"shipping-taxable","19":"purchasable","20":"product-type-variable"},"brands":[{"id":1567,"name":"Chez Moi","slug":"chez-moi-fr"}],"_links":{"self":[{"href":"https:\/\/www.tendenzeshabbychic.it\/fr\/wp-json\/wp\/v2\/product\/111315","targetHints":{"allow":["GET"]}}],"collection":[{"href":"https:\/\/www.tendenzeshabbychic.it\/fr\/wp-json\/wp\/v2\/product"}],"about":[{"href":"https:\/\/www.tendenzeshabbychic.it\/fr\/wp-json\/wp\/v2\/types\/product"}],"replies":[{"embeddable":true,"href":"https:\/\/www.tendenzeshabbychic.it\/fr\/wp-json\/wp\/v2\/comments?post=111315"}],"wp:featuredmedia":[{"embeddable":true,"href":"https:\/\/www.tendenzeshabbychic.it\/fr\/wp-json\/wp\/v2\/media\/111217"}],"wp:attachment":[{"href":"https:\/\/www.tendenzeshabbychic.it\/fr\/wp-json\/wp\/v2\/media?parent=111315"}],"wp:term":[{"taxonomy":"pwb-brand","embeddable":true,"href":"https:\/\/www.tendenzeshabbychic.it\/fr\/wp-json\/wp\/v2\/pwb-brand?post=111315"},{"taxonomy":"product_brand","embeddable":true,"href":"https:\/\/www.tendenzeshabbychic.it\/fr\/wp-json\/wp\/v2\/product_brand?post=111315"},{"taxonomy":"product_cat","embeddable":true,"href":"https:\/\/www.tendenzeshabbychic.it\/fr\/wp-json\/wp\/v2\/product_cat?post=111315"},{"taxonomy":"product_tag","embeddable":true,"href":"https:\/\/www.tendenzeshabbychic.it\/fr\/wp-json\/wp\/v2\/product_tag?post=111315"}],"curies":[{"name":"wp","href":"https:\/\/api.w.org\/{rel}","templated":true}]}}