{"id":105635,"date":"2023-07-31T21:04:29","date_gmt":"2023-07-31T19:04:29","guid":{"rendered":"https:\/\/www.tendenzeshabbychic.it\/prodotto\/cocooning-at-home-bow-porte-rideau-pour-le-mur\/"},"modified":"2023-08-17T22:03:02","modified_gmt":"2023-08-17T20:03:02","slug":"cocooning-at-home-bow-porte-rideau-pour-le-mur","status":"publish","type":"product","link":"https:\/\/www.tendenzeshabbychic.it\/fr\/produit\/cocooning-at-home-bow-porte-rideau-pour-le-mur\/","title":{"rendered":"Embrasse murale Coccole di Casa Fiocco"},"content":{"rendered":"","protected":false},"excerpt":{"rendered":"<p>Dimensions 10,5 x 13 x 8,5 cm<\/p>\n<p>Noeud d&#8217;embrasse murale en fer forg\u00e9 peint en blanc d\u00e9cap\u00e9.<\/p>\n<p>Installation facile.<\/p>\n","protected":false},"featured_media":103387,"comment_status":"open","ping_status":"closed","template":"","meta":{"_joinchat":[]},"pwb-brand":[1054],"product_brand":[],"product_cat":[908,453],"product_tag":[],"class_list":{"0":"post-105635","1":"product","2":"type-product","3":"status-publish","4":"has-post-thumbnail","6":"pwb-brand-coccole-di-casa","7":"product_cat-accessori-tende","8":"product_cat-tende","9":"pa_colore-bianco-burro","11":"first","12":"outofstock","13":"taxable","14":"shipping-taxable","15":"purchasable","16":"product-type-simple"},"brands":[{"id":1565,"name":"Coccole di Casa","slug":"coccole-di-casa-fr"}],"_links":{"self":[{"href":"https:\/\/www.tendenzeshabbychic.it\/fr\/wp-json\/wp\/v2\/product\/105635","targetHints":{"allow":["GET"]}}],"collection":[{"href":"https:\/\/www.tendenzeshabbychic.it\/fr\/wp-json\/wp\/v2\/product"}],"about":[{"href":"https:\/\/www.tendenzeshabbychic.it\/fr\/wp-json\/wp\/v2\/types\/product"}],"replies":[{"embeddable":true,"href":"https:\/\/www.tendenzeshabbychic.it\/fr\/wp-json\/wp\/v2\/comments?post=105635"}],"wp:featuredmedia":[{"embeddable":true,"href":"https:\/\/www.tendenzeshabbychic.it\/fr\/wp-json\/wp\/v2\/media\/103387"}],"wp:attachment":[{"href":"https:\/\/www.tendenzeshabbychic.it\/fr\/wp-json\/wp\/v2\/media?parent=105635"}],"wp:term":[{"taxonomy":"pwb-brand","embeddable":true,"href":"https:\/\/www.tendenzeshabbychic.it\/fr\/wp-json\/wp\/v2\/pwb-brand?post=105635"},{"taxonomy":"product_brand","embeddable":true,"href":"https:\/\/www.tendenzeshabbychic.it\/fr\/wp-json\/wp\/v2\/product_brand?post=105635"},{"taxonomy":"product_cat","embeddable":true,"href":"https:\/\/www.tendenzeshabbychic.it\/fr\/wp-json\/wp\/v2\/product_cat?post=105635"},{"taxonomy":"product_tag","embeddable":true,"href":"https:\/\/www.tendenzeshabbychic.it\/fr\/wp-json\/wp\/v2\/product_tag?post=105635"}],"curies":[{"name":"wp","href":"https:\/\/api.w.org\/{rel}","templated":true}]}}