{"id":105578,"date":"2025-01-06T00:00:01","date_gmt":"2025-01-05T23:00:01","guid":{"rendered":"https:\/\/www.tendenzeshabbychic.it\/prodotto\/edg-goldrim-bols-en-verre-avec-bord-dore\/"},"modified":"2025-05-06T09:57:12","modified_gmt":"2025-05-06T08:57:12","slug":"edg-goldrim-bols-en-verre-avec-bord-dore","status":"publish","type":"product","link":"https:\/\/www.tendenzeshabbychic.it\/fr\/produit\/edg-goldrim-bols-en-verre-avec-bord-dore\/","title":{"rendered":"EDG Bol en verre Goldrim avec bord dor\u00e9 16&#215;8"},"content":{"rendered":"<p>Conseils d&rsquo;utilisation:<\/p>\n<ul>\n<li>utilisation alimentaire<\/li>\n<li>verre bord dor\u00e9<\/li>\n<li>complet avec coffret cadeau<\/li>\n<li>ne pas utiliser au lave-vaisselle<\/li>\n<li>ne pas utiliser au micro-ondes<\/li>\n<\/ul>\n","protected":false},"excerpt":{"rendered":"<p>Dimensions : Hauteur 8 x Diam\u00e8tre 16 cm &#8211; Capacit\u00e9 270ML<\/p>\n<p>Bol en verre Goldrim avec bord dor\u00e9 caract\u00e9ristique. EDG Enzo de Gasperi.<\/p>\n<p>Id\u00e9al pour servir des ap\u00e9ritifs, des salades ou des soupes.<\/p>\n<p>Peut \u00e9galement servir de vide-poche.<\/p>\n<p>Il fait partie de la collection Goldrim, qui se distingue par son \u00e9l\u00e9gance et son design italien raffin\u00e9.<\/p>\n","protected":false},"featured_media":105058,"comment_status":"open","ping_status":"closed","template":"","meta":{"_joinchat":[]},"pwb-brand":[1564],"product_brand":[],"product_cat":[1527],"product_tag":[3285],"class_list":{"0":"post-105578","1":"product","2":"type-product","3":"status-publish","4":"has-post-thumbnail","6":"pwb-brand-edg-fr","7":"product_cat-plateaux","8":"product_tag-ventes","10":"first","11":"instock","12":"sale","13":"taxable","14":"shipping-taxable","15":"purchasable","16":"product-type-simple"},"brands":[{"id":1564,"name":"EDG \u2013 Enzo De Gasperi","slug":"edg-fr"}],"_links":{"self":[{"href":"https:\/\/www.tendenzeshabbychic.it\/fr\/wp-json\/wp\/v2\/product\/105578","targetHints":{"allow":["GET"]}}],"collection":[{"href":"https:\/\/www.tendenzeshabbychic.it\/fr\/wp-json\/wp\/v2\/product"}],"about":[{"href":"https:\/\/www.tendenzeshabbychic.it\/fr\/wp-json\/wp\/v2\/types\/product"}],"replies":[{"embeddable":true,"href":"https:\/\/www.tendenzeshabbychic.it\/fr\/wp-json\/wp\/v2\/comments?post=105578"}],"wp:featuredmedia":[{"embeddable":true,"href":"https:\/\/www.tendenzeshabbychic.it\/fr\/wp-json\/wp\/v2\/media\/105058"}],"wp:attachment":[{"href":"https:\/\/www.tendenzeshabbychic.it\/fr\/wp-json\/wp\/v2\/media?parent=105578"}],"wp:term":[{"taxonomy":"pwb-brand","embeddable":true,"href":"https:\/\/www.tendenzeshabbychic.it\/fr\/wp-json\/wp\/v2\/pwb-brand?post=105578"},{"taxonomy":"product_brand","embeddable":true,"href":"https:\/\/www.tendenzeshabbychic.it\/fr\/wp-json\/wp\/v2\/product_brand?post=105578"},{"taxonomy":"product_cat","embeddable":true,"href":"https:\/\/www.tendenzeshabbychic.it\/fr\/wp-json\/wp\/v2\/product_cat?post=105578"},{"taxonomy":"product_tag","embeddable":true,"href":"https:\/\/www.tendenzeshabbychic.it\/fr\/wp-json\/wp\/v2\/product_tag?post=105578"}],"curies":[{"name":"wp","href":"https:\/\/api.w.org\/{rel}","templated":true}]}}