{"id":101038,"date":"2025-01-16T03:08:01","date_gmt":"2025-01-16T02:08:01","guid":{"rendered":"https:\/\/www.tendenzeshabbychic.it\/prodotto\/alfombra-blanc-mariclo-elegante-beige-140-x-195\/"},"modified":"2023-07-29T14:53:41","modified_gmt":"2023-07-29T12:53:41","slug":"alfombra-blanc-mariclo-elegante-beige-140-x-195","status":"publish","type":"product","link":"https:\/\/www.tendenzeshabbychic.it\/fr\/produit\/alfombra-blanc-mariclo-elegante-beige-140-x-195\/","title":{"rendered":"Tapis Blanc Mariclo Elegant Beige 140 x 195"},"content":{"rendered":"<h2>Blanc Mariclo Tapis Elegant 140&#215;195<\/h2>\n<p>Les tapis vintage de <strong>Blanc Mariclo<\/strong> enchantent par leur charme d&rsquo;antan. Les dessins sont inspir\u00e9s d&rsquo;anciens mod\u00e8les.<\/p>\n<p>Son design unique et sophistiqu\u00e9, ses mat\u00e9riaux de haute qualit\u00e9, son motif floral, ses d\u00e9corations et ses bordures en font la <strong>star incontest\u00e9e de votre maison<\/strong>.<\/p>\n<p>Les tapis Blanc Mariclo&rsquo; sont disponibles en diff\u00e9rents motifs et couleurs et peuvent \u00eatre combin\u00e9s avec diff\u00e9rents ameublements : dans les maisons de style classique avec de vieux parquets et de beaux meubles, ils apportent une atmosph\u00e8re unique et authentique ; dans les salons modernes, en revanche, ils offrent un fort contraste, donnant \u00e0 la maison une touche de nostalgie intelligente.<\/p>\n<ul>\n<li>mati\u00e8re : 40% acrylique &#8211; 30% coton &#8211; 30% polyester<\/li>\n<li>couleur : beige, ivoire, rose<\/li>\n<li>100% FABRIQU\u00c9 EN ITALIE<\/li>\n<li>avec antid\u00e9rapant<\/li>\n<li>lavable en machine<\/li>\n<\/ul>\n<h3>Lire notre <span style=\"color: #00a859;\"><a style=\"color: #00a859;\" href=\"https:\/\/www.tendenzeshabbychic.it\/fr\/tapis-blanc-mariclo\/\"><strong>fiche technique<\/strong><\/a> <\/span>sur les moquettes Blanc Mariclo.<\/h3>\n","protected":false},"excerpt":{"rendered":"<p>DIMENSIONS :<\/p>\n<table>\n<tbody>\n<tr>\n<td>Largeur<\/td>\n<td>Hauteur<\/td>\n<\/tr>\n<tr>\n<td>140 cm<\/td>\n<td>195 cm<\/td>\n<\/tr>\n<\/tbody>\n<\/table>\n<p>Tapis <em><br \/>\n  <strong>Blanc Mariclo<\/strong><br \/>\n<\/em> L&rsquo;Elegant Beige donnera \u00e0 votre int\u00e9rieur une incroyable touche d&rsquo;\u00e9l\u00e9gance. Le motif floral avec des roses dans les tons beige et ivoire lui conf\u00e8re un style authentiquement vintage, parfait si vous aimez le shabby chic.<\/p>\n","protected":false},"featured_media":62335,"comment_status":"open","ping_status":"closed","template":"","meta":{"_joinchat":[]},"pwb-brand":[2076],"product_brand":[],"product_cat":[1530],"product_tag":[2098,2242,2848,2241,2259,2845],"class_list":{"0":"post-101038","1":"product","2":"type-product","3":"status-publish","4":"has-post-thumbnail","6":"pwb-brand-blanc-mariclo-es","7":"product_cat-tapis","8":"product_tag-140x195-es","9":"product_tag-elegant-beige-es","10":"product_tag-dormitorio","11":"product_tag-elegant-es","12":"product_tag-made-in-italy-es","13":"product_tag-comedor","15":"first","16":"outofstock","17":"taxable","18":"shipping-taxable","19":"purchasable","20":"product-type-simple"},"brands":[{"id":1561,"name":"Blanc Mariclo","slug":"blanc-mariclo-fr"}],"_links":{"self":[{"href":"https:\/\/www.tendenzeshabbychic.it\/fr\/wp-json\/wp\/v2\/product\/101038","targetHints":{"allow":["GET"]}}],"collection":[{"href":"https:\/\/www.tendenzeshabbychic.it\/fr\/wp-json\/wp\/v2\/product"}],"about":[{"href":"https:\/\/www.tendenzeshabbychic.it\/fr\/wp-json\/wp\/v2\/types\/product"}],"replies":[{"embeddable":true,"href":"https:\/\/www.tendenzeshabbychic.it\/fr\/wp-json\/wp\/v2\/comments?post=101038"}],"wp:featuredmedia":[{"embeddable":true,"href":"https:\/\/www.tendenzeshabbychic.it\/fr\/wp-json\/wp\/v2\/media\/62335"}],"wp:attachment":[{"href":"https:\/\/www.tendenzeshabbychic.it\/fr\/wp-json\/wp\/v2\/media?parent=101038"}],"wp:term":[{"taxonomy":"pwb-brand","embeddable":true,"href":"https:\/\/www.tendenzeshabbychic.it\/fr\/wp-json\/wp\/v2\/pwb-brand?post=101038"},{"taxonomy":"product_brand","embeddable":true,"href":"https:\/\/www.tendenzeshabbychic.it\/fr\/wp-json\/wp\/v2\/product_brand?post=101038"},{"taxonomy":"product_cat","embeddable":true,"href":"https:\/\/www.tendenzeshabbychic.it\/fr\/wp-json\/wp\/v2\/product_cat?post=101038"},{"taxonomy":"product_tag","embeddable":true,"href":"https:\/\/www.tendenzeshabbychic.it\/fr\/wp-json\/wp\/v2\/product_tag?post=101038"}],"curies":[{"name":"wp","href":"https:\/\/api.w.org\/{rel}","templated":true}]}}