{"id":242142,"date":"2026-05-07T14:52:47","date_gmt":"2026-05-07T12:52:47","guid":{"rendered":"https:\/\/www.tendenzeshabbychic.it\/prodotto\/latelier-17-sabanas-sueltas-rosa-magnolia\/"},"modified":"2026-05-07T14:52:47","modified_gmt":"2026-05-07T12:52:47","slug":"latelier-17-sabanas-sueltas-rosa-magnolia","status":"publish","type":"product","link":"https:\/\/www.tendenzeshabbychic.it\/es\/producto\/latelier-17-sabanas-sueltas-rosa-magnolia\/","title":{"rendered":"L&#8217;Atelier 17 S\u00e1banas Sueltas Rosa Magnolia"},"content":{"rendered":"<p>Fabricado en un estilo delicado y elegante, el juego de cama individual Cuore di Magnolia Rosa confiere a la habitaci\u00f3n un toque rom\u00e1ntico y atemporal. La base de color rosa suave est\u00e1 adornada con peque\u00f1os motivos florales ligeramente distribuidos, que crean un efecto visual armonioso y relajante. La funda de almohada a juego reproduce el mismo estampado, mientras que la solapa decorativa de la s\u00e1bana encimera a\u00f1ade un detalle refinado que realza toda la cama.  <\/p>\n<p>Perfecto para decorar habitaciones shabby Chic, campestres elegantes o rom\u00e1nticas, este conjunto combina de maravilla con muebles claros, madera decapada y tejidos naturales. La paleta suave y luminosa hace que la habitaci\u00f3n resulte acogedora y sofisticada, ideal para los amantes de un estilo femenino y exclusivo. <\/p>\n<ul>\n<li>Elegante y delicado motivo floral de estilo Shabby Chic<\/li>\n<li>Polvo refinado tono rosa brillante y calmante<\/li>\n<li>Funda de almohada a juego con estampado floral continuo<\/li>\n<li>Solapa decorativa que embellece la cama<\/li>\n<li>Ideal para habitaciones rom\u00e1nticas y provenzales<\/li>\n<\/ul>\n","protected":false},"excerpt":{"rendered":"<p>Un juego de cama individual con un encanto rom\u00e1ntico y refinado, caracterizado por un delicado tono rosa empolvado con peque\u00f1os ramilletes florales armoniosamente distribuidos en el tejido. La s\u00e1bana encimera y la funda de almohada presentan un estampado elegante y discreto, perfecto para crear un ambiente sereno y acogedor en el dormitorio. Ideal para ambientes shabby Chic, provenzales o cl\u00e1sicos, gracias a sus matices brillantes y sus aut\u00e9nticos detalles florales.  <\/p>\n<p>\ud83d\udccf S\u00e1bana encimera: 160&#215;300 cm<br \/>\n\ud83d\udccf S\u00e1bana bajera con esquinas: 90&#215;200+30 cm<br \/>\n\ud83d\udccf Funda de almohada: 52&#215;82 cm<\/p>\n","protected":false},"featured_media":242140,"comment_status":"open","ping_status":"closed","template":"","meta":{"_joinchat":[]},"pwb-brand":[2086],"product_brand":[],"product_cat":[2331,2329,2327],"product_tag":[],"class_list":{"0":"post-242142","1":"product","2":"type-product","3":"status-publish","4":"has-post-thumbnail","6":"pwb-brand-latelier-17","7":"product_cat-sabanas-individuales","8":"product_cat-hojas","9":"product_cat-la-cama","10":"pa_colore-rosa-es","12":"first","13":"instock","14":"taxable","15":"shipping-taxable","16":"purchasable","17":"product-type-simple"},"brands":[{"id":2086,"name":"L'Atelier 17","slug":"latelier-17"}],"_links":{"self":[{"href":"https:\/\/www.tendenzeshabbychic.it\/es\/wp-json\/wp\/v2\/product\/242142","targetHints":{"allow":["GET"]}}],"collection":[{"href":"https:\/\/www.tendenzeshabbychic.it\/es\/wp-json\/wp\/v2\/product"}],"about":[{"href":"https:\/\/www.tendenzeshabbychic.it\/es\/wp-json\/wp\/v2\/types\/product"}],"replies":[{"embeddable":true,"href":"https:\/\/www.tendenzeshabbychic.it\/es\/wp-json\/wp\/v2\/comments?post=242142"}],"wp:featuredmedia":[{"embeddable":true,"href":"https:\/\/www.tendenzeshabbychic.it\/es\/wp-json\/wp\/v2\/media\/242140"}],"wp:attachment":[{"href":"https:\/\/www.tendenzeshabbychic.it\/es\/wp-json\/wp\/v2\/media?parent=242142"}],"wp:term":[{"taxonomy":"pwb-brand","embeddable":true,"href":"https:\/\/www.tendenzeshabbychic.it\/es\/wp-json\/wp\/v2\/pwb-brand?post=242142"},{"taxonomy":"product_brand","embeddable":true,"href":"https:\/\/www.tendenzeshabbychic.it\/es\/wp-json\/wp\/v2\/product_brand?post=242142"},{"taxonomy":"product_cat","embeddable":true,"href":"https:\/\/www.tendenzeshabbychic.it\/es\/wp-json\/wp\/v2\/product_cat?post=242142"},{"taxonomy":"product_tag","embeddable":true,"href":"https:\/\/www.tendenzeshabbychic.it\/es\/wp-json\/wp\/v2\/product_tag?post=242142"}],"curies":[{"name":"wp","href":"https:\/\/api.w.org\/{rel}","templated":true}]}}