{"id":240051,"date":"2026-03-30T18:03:55","date_gmt":"2026-03-30T16:03:55","guid":{"rendered":"https:\/\/www.tendenzeshabbychic.it\/prodotto\/candelero-de-3-llamas-fiori-di-lena-con-2-peonias-blancas-y-decoracion-floral-65-cm\/"},"modified":"2026-03-31T17:19:16","modified_gmt":"2026-03-31T15:19:16","slug":"candelero-de-3-llamas-fiori-di-lena-con-2-peonias-blancas-y-decoracion-floral-65-cm","status":"publish","type":"product","link":"https:\/\/www.tendenzeshabbychic.it\/es\/producto\/candelero-de-3-llamas-fiori-di-lena-con-2-peonias-blancas-y-decoracion-floral-65-cm\/","title":{"rendered":"Candelero de 3 llamas Fiori di Lena con 2 peon\u00edas blancas y decoraci\u00f3n floral 65 cm"},"content":{"rendered":"<p>Esbelto como un peque\u00f1o t\u00f3tem de luz, este candelabro de 3 llamas Fiori di Lena (ancho 30 x fondo 18 x alto 65 cm) aporta una tranquila elegancia de blanco, tonos cremosos y delicados verdes al hogar. La composici\u00f3n, perfumada y hecha a mano en Italia, abraza la estructura con dos suaves peon\u00edas blancas rodeadas de ligeras flores y diminutos capullos que recuerdan a un jard\u00edn reci\u00e9n despertado. El lazo verde salvia a\u00f1ade un acento refinado y natural, perfecto en estilo Shabby Chic.  <\/p>\n<p>Es ideal para dar altura y poes\u00eda a una mesa importante, una consola de entrada o la chimenea: basta con encender tres velas de marfil para crear un ambiente c\u00e1lido y rom\u00e1ntico, listo para dar la bienvenida.<\/p>\n<p>Para un evento especial -boda, comuni\u00f3n o aniversario- util\u00edzalo como punto de luz en la mesa de confeti o en la mesa dulce, combin\u00e1ndolo con lino natural, cristal transparente, detalles salvia y peque\u00f1os toques dorados: el conjunto ser\u00e1 luminoso, armonioso, inolvidable.<\/p>\n","protected":false},"excerpt":{"rendered":"<p>Candelero de 3 llamas L30 x A18 x A65 cm, con dos peon\u00edas blancas y flores blancas entre suaves verdes. Perfumado y hecho a mano en Italia por Fiori di Lena: un elegante toque Shabby Chic, perfecto para mesas y consolas. <\/p>\n","protected":false},"featured_media":240037,"comment_status":"open","ping_status":"closed","template":"","meta":{"_joinchat":[]},"pwb-brand":[3265],"product_brand":[],"product_cat":[2951,2320,2387],"product_tag":[2280,2259],"class_list":{"0":"post-240051","1":"product","2":"type-product","3":"status-publish","4":"has-post-thumbnail","6":"pwb-brand-fiori-di-lena-es","7":"product_cat-candelabro","8":"product_cat-candelabros-y-portavelas","9":"product_cat-flores-y-plantas-artificiales","10":"product_tag-hecho-a-mano","11":"product_tag-made-in-italy-es","13":"first","14":"instock","15":"taxable","16":"shipping-taxable","17":"purchasable","18":"product-type-simple"},"brands":[{"id":3265,"name":"Fiori di Lena","slug":"fiori-di-lena-es"}],"_links":{"self":[{"href":"https:\/\/www.tendenzeshabbychic.it\/es\/wp-json\/wp\/v2\/product\/240051","targetHints":{"allow":["GET"]}}],"collection":[{"href":"https:\/\/www.tendenzeshabbychic.it\/es\/wp-json\/wp\/v2\/product"}],"about":[{"href":"https:\/\/www.tendenzeshabbychic.it\/es\/wp-json\/wp\/v2\/types\/product"}],"replies":[{"embeddable":true,"href":"https:\/\/www.tendenzeshabbychic.it\/es\/wp-json\/wp\/v2\/comments?post=240051"}],"wp:featuredmedia":[{"embeddable":true,"href":"https:\/\/www.tendenzeshabbychic.it\/es\/wp-json\/wp\/v2\/media\/240037"}],"wp:attachment":[{"href":"https:\/\/www.tendenzeshabbychic.it\/es\/wp-json\/wp\/v2\/media?parent=240051"}],"wp:term":[{"taxonomy":"pwb-brand","embeddable":true,"href":"https:\/\/www.tendenzeshabbychic.it\/es\/wp-json\/wp\/v2\/pwb-brand?post=240051"},{"taxonomy":"product_brand","embeddable":true,"href":"https:\/\/www.tendenzeshabbychic.it\/es\/wp-json\/wp\/v2\/product_brand?post=240051"},{"taxonomy":"product_cat","embeddable":true,"href":"https:\/\/www.tendenzeshabbychic.it\/es\/wp-json\/wp\/v2\/product_cat?post=240051"},{"taxonomy":"product_tag","embeddable":true,"href":"https:\/\/www.tendenzeshabbychic.it\/es\/wp-json\/wp\/v2\/product_tag?post=240051"}],"curies":[{"name":"wp","href":"https:\/\/api.w.org\/{rel}","templated":true}]}}