{"id":240024,"date":"2026-03-30T17:47:13","date_gmt":"2026-03-30T15:47:13","guid":{"rendered":"https:\/\/www.tendenzeshabbychic.it\/prodotto\/fiori-di-lena-candelabro-de-4-llamas-con-decoracion-floral-rosa-y-malva-50-cm\/"},"modified":"2026-03-30T17:47:13","modified_gmt":"2026-03-30T15:47:13","slug":"fiori-di-lena-candelabro-de-4-llamas-con-decoracion-floral-rosa-y-malva-50-cm","status":"publish","type":"product","link":"https:\/\/www.tendenzeshabbychic.it\/es\/producto\/fiori-di-lena-candelabro-de-4-llamas-con-decoracion-floral-rosa-y-malva-50-cm\/","title":{"rendered":"Fiori di Lena Candelabro de 4 llamas con decoraci\u00f3n floral rosa y malva 50 cm"},"content":{"rendered":"<p>Esbelto, rom\u00e1ntico, esc\u00e9nico: el candelabro de 4 llamas Fiori di Lena (An 45 x Pr 18 x Al 50 cm) se cre\u00f3 para convertirse en el centro de atenci\u00f3n de la mesa. La estructura blanca se eleva ligeramente y, en la base de las cuatro llamas, florece una composici\u00f3n perfumada hecha a mano en Italia: rosas empolvadas con encanto antiguo, flores malvas con matices aterciopelados y una diminuta niebla que da ese efecto de \u00abnube\u00bb t\u00edpico del Shabby Chic. <\/p>\n<p>El lazo de marfil completa el conjunto con una nota delicada, como un lazo en un regalo precioso.<\/p>\n<p>Perfecto como centro de mesa sobre una mesa de madera, una consola o una chimenea, crea ambiente de inmediato: basta con a\u00f1adir velas de color marfil o rosa empolvado para obtener un resplandor suave y acogedor.<\/p>\n<p>Para un acontecimiento especial -una boda rom\u00e1ntica o un aniversario- comb\u00ednalo con caminos de mesa de lino natural, cristaler\u00eda transparente, cuberter\u00eda de plata y peque\u00f1as tarjetas de papel marfil para colocar los cubiertos: el conjunto ser\u00e1 elegante, c\u00e1lido, inolvidable.<\/p>\n","protected":false},"excerpt":{"rendered":"<p>Candelabro de 4 llamas L45 x A18 x A50 cm, con rosas empolvadas y flores malvas entre bruma y verde suave. Perfumado y hecho a mano en Italia por Fiori di Lena: un centro de mesa Shabby Chic que ilumina con poes\u00eda. <\/p>\n","protected":false},"featured_media":239997,"comment_status":"open","ping_status":"closed","template":"","meta":{"_joinchat":[]},"pwb-brand":[3265],"product_brand":[],"product_cat":[2951,2320,2387],"product_tag":[2280,2259],"class_list":{"0":"post-240024","1":"product","2":"type-product","3":"status-publish","4":"has-post-thumbnail","6":"pwb-brand-fiori-di-lena-es","7":"product_cat-candelabro","8":"product_cat-candelabros-y-portavelas","9":"product_cat-flores-y-plantas-artificiales","10":"product_tag-hecho-a-mano","11":"product_tag-made-in-italy-es","13":"first","14":"outofstock","15":"taxable","16":"shipping-taxable","17":"purchasable","18":"product-type-simple"},"brands":[{"id":3265,"name":"Fiori di Lena","slug":"fiori-di-lena-es"}],"_links":{"self":[{"href":"https:\/\/www.tendenzeshabbychic.it\/es\/wp-json\/wp\/v2\/product\/240024","targetHints":{"allow":["GET"]}}],"collection":[{"href":"https:\/\/www.tendenzeshabbychic.it\/es\/wp-json\/wp\/v2\/product"}],"about":[{"href":"https:\/\/www.tendenzeshabbychic.it\/es\/wp-json\/wp\/v2\/types\/product"}],"replies":[{"embeddable":true,"href":"https:\/\/www.tendenzeshabbychic.it\/es\/wp-json\/wp\/v2\/comments?post=240024"}],"wp:featuredmedia":[{"embeddable":true,"href":"https:\/\/www.tendenzeshabbychic.it\/es\/wp-json\/wp\/v2\/media\/239997"}],"wp:attachment":[{"href":"https:\/\/www.tendenzeshabbychic.it\/es\/wp-json\/wp\/v2\/media?parent=240024"}],"wp:term":[{"taxonomy":"pwb-brand","embeddable":true,"href":"https:\/\/www.tendenzeshabbychic.it\/es\/wp-json\/wp\/v2\/pwb-brand?post=240024"},{"taxonomy":"product_brand","embeddable":true,"href":"https:\/\/www.tendenzeshabbychic.it\/es\/wp-json\/wp\/v2\/product_brand?post=240024"},{"taxonomy":"product_cat","embeddable":true,"href":"https:\/\/www.tendenzeshabbychic.it\/es\/wp-json\/wp\/v2\/product_cat?post=240024"},{"taxonomy":"product_tag","embeddable":true,"href":"https:\/\/www.tendenzeshabbychic.it\/es\/wp-json\/wp\/v2\/product_tag?post=240024"}],"curies":[{"name":"wp","href":"https:\/\/api.w.org\/{rel}","templated":true}]}}