{"id":234096,"date":"2026-03-18T11:59:20","date_gmt":"2026-03-18T10:59:20","guid":{"rendered":"https:\/\/www.tendenzeshabbychic.it\/prodotto\/blanc-mariclo-vela-perfumada-delitiae-vaso-2-modelos\/"},"modified":"2026-03-18T11:59:20","modified_gmt":"2026-03-18T10:59:20","slug":"blanc-mariclo-vela-perfumada-delitiae-vaso-2-modelos","status":"publish","type":"product","link":"https:\/\/www.tendenzeshabbychic.it\/es\/producto\/blanc-mariclo-vela-perfumada-delitiae-vaso-2-modelos\/","title":{"rendered":"Blanc MariCl\u00f2 Vela perfumada Delitiae Vaso &#8211; 2 Modelos"},"content":{"rendered":"<p>Una elegante vela perfumada de Blanc MariCl\u00f2, presentada en un refinado recipiente de cristal trabajado con nervaduras verticales. La tapa transparente est\u00e1 adornada con un lazo en relieve, que le da un toque rom\u00e1ntico y femenino. Disponible en dos variantes de color (rosa empolvado o blanco nacarado), es ideal para perfumar delicadamente cualquier habitaci\u00f3n y decorar con gusto tocadores, estanter\u00edas o mesas de centro. Se vende individualmente y es una idea de regalo perfecta.   <\/p>\n<ul>\n<li>Cristal mecanizado con detalle estriado<\/li>\n<li>Tapa con lazo transparente<\/li>\n<li>Dos colores: rosa o blanco perla<\/li>\n<li>Vela perfumada de colecci\u00f3n<\/li>\n<li>Firmado Blanc MariCl\u00f2 &#8211; Colecci\u00f3n Delitiae<\/li>\n<\/ul>\n","protected":false},"excerpt":{"rendered":"<p>Vela perfumada en vidrio trabajado con tapa transparente decorada con un lazo. Dos colores disponibles. <\/p>\n<p>\ud83d\udccf 10 x 10 x 5 cm<\/p>\n","protected":false},"featured_media":234089,"comment_status":"open","ping_status":"closed","template":"","meta":{"_joinchat":[]},"pwb-brand":[2076],"product_brand":[],"product_cat":[2343,2344],"product_tag":[2283],"class_list":{"0":"post-234096","1":"product","2":"type-product","3":"status-publish","4":"has-post-thumbnail","6":"pwb-brand-blanc-mariclo-es","7":"product_cat-velas-perfumadas","8":"product_cat-perfumistas","9":"product_tag-idea-de-regalo","11":"first","12":"instock","13":"taxable","14":"shipping-taxable","15":"purchasable","16":"product-type-variable"},"brands":[{"id":2076,"name":"Blanc Mariclo","slug":"blanc-mariclo-es"}],"_links":{"self":[{"href":"https:\/\/www.tendenzeshabbychic.it\/es\/wp-json\/wp\/v2\/product\/234096","targetHints":{"allow":["GET"]}}],"collection":[{"href":"https:\/\/www.tendenzeshabbychic.it\/es\/wp-json\/wp\/v2\/product"}],"about":[{"href":"https:\/\/www.tendenzeshabbychic.it\/es\/wp-json\/wp\/v2\/types\/product"}],"replies":[{"embeddable":true,"href":"https:\/\/www.tendenzeshabbychic.it\/es\/wp-json\/wp\/v2\/comments?post=234096"}],"wp:featuredmedia":[{"embeddable":true,"href":"https:\/\/www.tendenzeshabbychic.it\/es\/wp-json\/wp\/v2\/media\/234089"}],"wp:attachment":[{"href":"https:\/\/www.tendenzeshabbychic.it\/es\/wp-json\/wp\/v2\/media?parent=234096"}],"wp:term":[{"taxonomy":"pwb-brand","embeddable":true,"href":"https:\/\/www.tendenzeshabbychic.it\/es\/wp-json\/wp\/v2\/pwb-brand?post=234096"},{"taxonomy":"product_brand","embeddable":true,"href":"https:\/\/www.tendenzeshabbychic.it\/es\/wp-json\/wp\/v2\/product_brand?post=234096"},{"taxonomy":"product_cat","embeddable":true,"href":"https:\/\/www.tendenzeshabbychic.it\/es\/wp-json\/wp\/v2\/product_cat?post=234096"},{"taxonomy":"product_tag","embeddable":true,"href":"https:\/\/www.tendenzeshabbychic.it\/es\/wp-json\/wp\/v2\/product_tag?post=234096"}],"curies":[{"name":"wp","href":"https:\/\/api.w.org\/{rel}","templated":true}]}}