{"id":234082,"date":"2026-03-18T11:59:43","date_gmt":"2026-03-18T10:59:43","guid":{"rendered":"https:\/\/www.tendenzeshabbychic.it\/prodotto\/blanc-mariclo-vela-perfumada-de-ceramica-delitiae-8x8x10-cm\/"},"modified":"2026-03-18T11:59:43","modified_gmt":"2026-03-18T10:59:43","slug":"blanc-mariclo-vela-perfumada-de-ceramica-delitiae-8x8x10-cm","status":"publish","type":"product","link":"https:\/\/www.tendenzeshabbychic.it\/es\/producto\/blanc-mariclo-vela-perfumada-de-ceramica-delitiae-8x8x10-cm\/","title":{"rendered":"Blanc MariCl\u00f2 Vela perfumada de cer\u00e1mica Delitiae 8x8x10 cm"},"content":{"rendered":"<p>Dale a tu hogar un toque de dulzura y estilo con esta vela perfumada de la Colecci\u00f3n Delitiae de Blanc MariCl\u00f2. El recipiente de cer\u00e1mica esmaltada recuerda a una deliciosa magdalena decorada con glaseado y una cereza roja encima. Disponible en dos variantes de color (rosa\/blanco y blanco\/rosa), es perfecto como objeto decorativo para la cocina, una estanter\u00eda o un rinc\u00f3n de tocador. Una vez terminado, el recipiente puede reutilizarse como peque\u00f1o soporte.   <\/p>\n<ul>\n<li>Dise\u00f1o de cupcake de cereza, divertido y chic<\/li>\n<li>Vela de habitaci\u00f3n perfumada<\/li>\n<li>Recipiente de cer\u00e1mica esmaltada<\/li>\n<li>Dos modelos surtidos vendidos individualmente<\/li>\n<li>Colecci\u00f3n Delitiae de Blanc MariCl\u00f2<\/li>\n<\/ul>\n","protected":false},"excerpt":{"rendered":"<p>Vela perfumada en recipiente de cer\u00e1mica con forma de magdalena y cereza decorativa. Dos modelos surtidos. <\/p>\n<p>\ud83d\udccf 10 x 8 x 8 cm<\/p>\n","protected":false},"featured_media":234074,"comment_status":"open","ping_status":"closed","template":"","meta":{"_joinchat":[]},"pwb-brand":[2076],"product_brand":[],"product_cat":[2343,2344],"product_tag":[2283],"class_list":{"0":"post-234082","1":"product","2":"type-product","3":"status-publish","4":"has-post-thumbnail","6":"pwb-brand-blanc-mariclo-es","7":"product_cat-velas-perfumadas","8":"product_cat-perfumistas","9":"product_tag-idea-de-regalo","11":"first","12":"instock","13":"taxable","14":"shipping-taxable","15":"purchasable","16":"product-type-variable"},"brands":[{"id":2076,"name":"Blanc Mariclo","slug":"blanc-mariclo-es"}],"_links":{"self":[{"href":"https:\/\/www.tendenzeshabbychic.it\/es\/wp-json\/wp\/v2\/product\/234082","targetHints":{"allow":["GET"]}}],"collection":[{"href":"https:\/\/www.tendenzeshabbychic.it\/es\/wp-json\/wp\/v2\/product"}],"about":[{"href":"https:\/\/www.tendenzeshabbychic.it\/es\/wp-json\/wp\/v2\/types\/product"}],"replies":[{"embeddable":true,"href":"https:\/\/www.tendenzeshabbychic.it\/es\/wp-json\/wp\/v2\/comments?post=234082"}],"wp:featuredmedia":[{"embeddable":true,"href":"https:\/\/www.tendenzeshabbychic.it\/es\/wp-json\/wp\/v2\/media\/234074"}],"wp:attachment":[{"href":"https:\/\/www.tendenzeshabbychic.it\/es\/wp-json\/wp\/v2\/media?parent=234082"}],"wp:term":[{"taxonomy":"pwb-brand","embeddable":true,"href":"https:\/\/www.tendenzeshabbychic.it\/es\/wp-json\/wp\/v2\/pwb-brand?post=234082"},{"taxonomy":"product_brand","embeddable":true,"href":"https:\/\/www.tendenzeshabbychic.it\/es\/wp-json\/wp\/v2\/product_brand?post=234082"},{"taxonomy":"product_cat","embeddable":true,"href":"https:\/\/www.tendenzeshabbychic.it\/es\/wp-json\/wp\/v2\/product_cat?post=234082"},{"taxonomy":"product_tag","embeddable":true,"href":"https:\/\/www.tendenzeshabbychic.it\/es\/wp-json\/wp\/v2\/product_tag?post=234082"}],"curies":[{"name":"wp","href":"https:\/\/api.w.org\/{rel}","templated":true}]}}