{"id":232772,"date":"2026-04-07T10:55:23","date_gmt":"2026-04-07T08:55:23","guid":{"rendered":"https:\/\/www.tendenzeshabbychic.it\/prodotto\/alfombra-de-terciopelo-latelier-17-3-dimensiones\/"},"modified":"2026-04-07T17:49:16","modified_gmt":"2026-04-07T15:49:16","slug":"alfombra-de-terciopelo-latelier-17-3-dimensiones","status":"publish","type":"product","link":"https:\/\/www.tendenzeshabbychic.it\/es\/producto\/alfombra-de-terciopelo-latelier-17-3-dimensiones\/","title":{"rendered":"Alfombra de terciopelo L&#8217;Atelier 17 &#8211; 3 dimensiones"},"content":{"rendered":"<p>Esta elegante alfombra de terciopelo L&#8217;Atelier 17 cautiva a primera vista con su llamativo estampado floral de encanto rom\u00e1ntico. Toda la superficie est\u00e1 decorada con una composici\u00f3n de rosas y peon\u00edas en delicados tonos que van del rosa empolvado y el crema a los tonos marfil claro y toques dorados. <\/p>\n<p>El estampado de efecto pict\u00f3rico crea un conjunto armonioso y din\u00e1mico, con flores que parecen superponerse, creando profundidad y movimiento. La textura aterciopelada proporciona un tacto suave y aterciopelado, realzando los matices de color y haciendo que la alfombra brille a\u00fan m\u00e1s. <\/p>\n<p>Los extremos est\u00e1n rematados con elegantes flecos decorativos que a\u00f1aden un detalle cl\u00e1sico y sofisticado, perfecto para ambientes Shabby Chic y rom\u00e1nticos o para dar un sofisticado toque floral a salones, dormitorios y entradas.<\/p>\n<p>Gracias a los tres tama\u00f1os disponibles, esta alfombra se adapta f\u00e1cilmente a las distintas necesidades de decoraci\u00f3n: ideal delante del sof\u00e1, a los pies de la cama o a lo largo de un pasillo para crear un ambiente acogedor y refinado.<\/p>\n<ul>\n<li>Superficie de suave terciopelo con elegante efecto aterciopelado<\/li>\n<li>Rom\u00e1ntico estampado floral con rosas y peon\u00edas en tonos delicados<\/li>\n<li>Refinados tonos rosa, crema y marfil con acentos luminosos<\/li>\n<li>Los flecos laterales decorativos enriquecen el dise\u00f1o<\/li>\n<li>Disponible en tres tama\u00f1os para diferentes soluciones de mobiliario<\/li>\n<\/ul>\n<p>Perfecta para combinar con nuestras <a href=\"https:\/\/www.tendenzeshabbychic.it\/es\/categoria-producto\/cortinas\/\">Cortinas de encaje y lino<\/a> y <a href=\"https:\/\/www.tendenzeshabbychic.it\/es\/categoria-producto\/cojines\/\">cojines decorativos<\/a> para un aspecto coordinado.<\/p>\n","protected":false},"excerpt":{"rendered":"<p>Una refinada alfombra de terciopelo de L&#8217;Atelier 17 con un encantador motivo floral compuesto de rosas y peon\u00edas en delicados tonos rosa, crema y marfil. La superficie aterciopelada realza el dise\u00f1o pict\u00f3rico de las flores, mientras que los tonos dorados claros y los detalles sombreados crean un efecto elegante y luminoso, perfecto para ambientes Shabby Chic, rom\u00e1nticos o cl\u00e1sicos. <\/p>\n<p>67&#215;110 cm &#8211; 80&#215;150 cm &#8211; 67&#215;240 cm<\/p>\n","protected":false},"featured_media":232770,"comment_status":"open","ping_status":"closed","template":"","meta":{"_joinchat":[]},"pwb-brand":[2086],"product_brand":[],"product_cat":[2351],"product_tag":[],"class_list":{"0":"post-232772","1":"product","2":"type-product","3":"status-publish","4":"has-post-thumbnail","6":"pwb-brand-latelier-17","7":"product_cat-alfombras","9":"first","10":"instock","11":"taxable","12":"shipping-taxable","13":"purchasable","14":"product-type-variable"},"brands":[{"id":2086,"name":"L'Atelier 17","slug":"latelier-17"}],"_links":{"self":[{"href":"https:\/\/www.tendenzeshabbychic.it\/es\/wp-json\/wp\/v2\/product\/232772","targetHints":{"allow":["GET"]}}],"collection":[{"href":"https:\/\/www.tendenzeshabbychic.it\/es\/wp-json\/wp\/v2\/product"}],"about":[{"href":"https:\/\/www.tendenzeshabbychic.it\/es\/wp-json\/wp\/v2\/types\/product"}],"replies":[{"embeddable":true,"href":"https:\/\/www.tendenzeshabbychic.it\/es\/wp-json\/wp\/v2\/comments?post=232772"}],"wp:featuredmedia":[{"embeddable":true,"href":"https:\/\/www.tendenzeshabbychic.it\/es\/wp-json\/wp\/v2\/media\/232770"}],"wp:attachment":[{"href":"https:\/\/www.tendenzeshabbychic.it\/es\/wp-json\/wp\/v2\/media?parent=232772"}],"wp:term":[{"taxonomy":"pwb-brand","embeddable":true,"href":"https:\/\/www.tendenzeshabbychic.it\/es\/wp-json\/wp\/v2\/pwb-brand?post=232772"},{"taxonomy":"product_brand","embeddable":true,"href":"https:\/\/www.tendenzeshabbychic.it\/es\/wp-json\/wp\/v2\/product_brand?post=232772"},{"taxonomy":"product_cat","embeddable":true,"href":"https:\/\/www.tendenzeshabbychic.it\/es\/wp-json\/wp\/v2\/product_cat?post=232772"},{"taxonomy":"product_tag","embeddable":true,"href":"https:\/\/www.tendenzeshabbychic.it\/es\/wp-json\/wp\/v2\/product_tag?post=232772"}],"curies":[{"name":"wp","href":"https:\/\/api.w.org\/{rel}","templated":true}]}}