{"id":232098,"date":"2026-02-24T15:08:04","date_gmt":"2026-02-24T14:08:04","guid":{"rendered":"https:\/\/www.tendenzeshabbychic.it\/prodotto\/nuvole-di-stoffa-pepen-cesta-de-mimbre-con-asa-2\/"},"modified":"2026-05-12T07:45:23","modified_gmt":"2026-05-12T05:45:23","slug":"nuvole-di-stoffa-pepen-cesta-de-mimbre-con-asa-2","status":"publish","type":"product","link":"https:\/\/www.tendenzeshabbychic.it\/es\/producto\/nuvole-di-stoffa-pepen-cesta-de-mimbre-con-asa-2\/","title":{"rendered":"Nuvole di Stoffa PePen Cesta de mimbre con asa"},"content":{"rendered":"<p>La cesta de mimbre con asa de la colecci\u00f3n PePen de Nuvole di Stoffa combina practicidad y est\u00e9tica natural. Hecha de mimbre tejido, tiene una estructura robusta con una base reforzada y un asa arqueada firmemente sujeta a los lados. Su textura y su tono c\u00e1lido la hacen ideal para ambientes shabby Chic, campestres o r\u00fasticos.  <\/p>\n<p>Perfecta para decorar el hogar en Pascua, puede utilizarse como huevera, florero, recipiente Plaid o como elegante cesta de pie en la cocina, el sal\u00f3n o el recibidor. Disponible en dos tama\u00f1os para adaptarse a cada necesidad.<\/p>\n<p><strong>Fortalezas:<\/strong><\/p>\n<ul>\n<li>Mimbre natural tejido a mano<\/li>\n<li>Asa alta y resistente para facilitar su manejo<\/li>\n<li>Base s\u00f3lida y bien acabada<\/li>\n<li>Dise\u00f1o decorativo y funcional vers\u00e1til<\/li>\n<li>Puede coordinarse con otros art\u00edculos de la colecci\u00f3n PePen<\/li>\n<\/ul>\n","protected":false},"excerpt":{"rendered":"<p>Cesta de mimbre natural de la colecci\u00f3n PePen, tejida a mano con una estructura s\u00f3lida y asa alta integrada. El tejido denso y ligeramente irregular realza el aspecto artesanal, mientras que el c\u00e1lido color del mimbre le da un toque aut\u00e9ntico y refinado. Perfecto como recipiente decorativo o funcional.  <\/p>\n<p><em>Dimensiones:<\/em><br \/>\nPeque\u00f1o: 17 x 28 x 34 cm<br \/>\nGrande: 23,5 x 36 x 42 cm<\/p>\n","protected":false},"featured_media":232087,"comment_status":"open","ping_status":"closed","template":"","meta":{"_joinchat":[]},"pwb-brand":[2090],"product_brand":[],"product_cat":[2396],"product_tag":[2809,3394,2818],"class_list":{"0":"post-232098","1":"product","2":"type-product","3":"status-publish","4":"has-post-thumbnail","6":"pwb-brand-nuvole-di-stoffa-es","7":"product_cat-objetos","8":"product_tag-cesta","9":"product_tag-colleccion-pepen","10":"product_tag-mimbre-y-ratan","12":"first","13":"instock","14":"taxable","15":"shipping-taxable","16":"purchasable","17":"product-type-variable"},"brands":[{"id":2090,"name":"Nuvole di Stoffa","slug":"nuvole-di-stoffa-es"}],"_links":{"self":[{"href":"https:\/\/www.tendenzeshabbychic.it\/es\/wp-json\/wp\/v2\/product\/232098","targetHints":{"allow":["GET"]}}],"collection":[{"href":"https:\/\/www.tendenzeshabbychic.it\/es\/wp-json\/wp\/v2\/product"}],"about":[{"href":"https:\/\/www.tendenzeshabbychic.it\/es\/wp-json\/wp\/v2\/types\/product"}],"replies":[{"embeddable":true,"href":"https:\/\/www.tendenzeshabbychic.it\/es\/wp-json\/wp\/v2\/comments?post=232098"}],"wp:featuredmedia":[{"embeddable":true,"href":"https:\/\/www.tendenzeshabbychic.it\/es\/wp-json\/wp\/v2\/media\/232087"}],"wp:attachment":[{"href":"https:\/\/www.tendenzeshabbychic.it\/es\/wp-json\/wp\/v2\/media?parent=232098"}],"wp:term":[{"taxonomy":"pwb-brand","embeddable":true,"href":"https:\/\/www.tendenzeshabbychic.it\/es\/wp-json\/wp\/v2\/pwb-brand?post=232098"},{"taxonomy":"product_brand","embeddable":true,"href":"https:\/\/www.tendenzeshabbychic.it\/es\/wp-json\/wp\/v2\/product_brand?post=232098"},{"taxonomy":"product_cat","embeddable":true,"href":"https:\/\/www.tendenzeshabbychic.it\/es\/wp-json\/wp\/v2\/product_cat?post=232098"},{"taxonomy":"product_tag","embeddable":true,"href":"https:\/\/www.tendenzeshabbychic.it\/es\/wp-json\/wp\/v2\/product_tag?post=232098"}],"curies":[{"name":"wp","href":"https:\/\/api.w.org\/{rel}","templated":true}]}}