{"id":231976,"date":"2026-02-23T10:09:21","date_gmt":"2026-02-23T09:09:21","guid":{"rendered":"https:\/\/www.tendenzeshabbychic.it\/prodotto\/set-de-velas-y-decoracion-perfumada-mathilde-m-petite-madeleine\/"},"modified":"2026-02-23T10:09:21","modified_gmt":"2026-02-23T09:09:21","slug":"set-de-velas-y-decoracion-perfumada-mathilde-m-petite-madeleine","status":"publish","type":"product","link":"https:\/\/www.tendenzeshabbychic.it\/es\/producto\/set-de-velas-y-decoracion-perfumada-mathilde-m-petite-madeleine\/","title":{"rendered":"Set de Velas y Decoraci\u00f3n Perfumada Mathilde M Petite Madeleine"},"content":{"rendered":"<p><strong>Perfume PETITE MADELEINE<\/strong><br \/>\nIrresistiblemente reconfortante y nost\u00e1lgico, Petite Madeleine evoca la dulzura de los recuerdos queridos: una delicada delicia que se funde en los labios y calienta el coraz\u00f3n. Las notas brillantes de la c\u00e1scara de lim\u00f3n se encuentran con la suave ternura de la magdalena y el encanto del azahar. En el fondo, la vainilla aterciopelada y el apetitoso caramelo se entrelazan en una estela c\u00e1lida y persistente.  <\/p>\n","protected":false},"excerpt":{"rendered":"<p>Una caja de la colecci\u00f3n Gourmandises d&#8217;\u00c9t\u00e9 con una vela perfumada de cristal y 6 decoraciones de escayola, para envolver el hogar en una estela golosa y tranquilizadora. Petite Madeleine combina la frescura de la piel de lim\u00f3n con la suavidad de la magdalena y el azahar, sobre una c\u00e1lida base de vainilla y caramelo. <\/p>\n<p><strong>\ud83d\udccf Vela:<\/strong> \u00d8 6 x 6 x 11,5 cm (aprox. 30 h)<br \/>\n\ud83d\udccf <strong>Merengue (cada uno):<\/strong> 3,4 x 3,9 x 2,1 cm<br \/>\n\ud83d\udccf <strong>Paquete:<\/strong> 20 x 9,6 x 27,5 cm<\/p>\n<p><strong>Pir\u00e1mide olfativa<\/strong><\/p>\n<ul>\n<li>Notas de salida: C\u00e1scara de lim\u00f3n<\/li>\n<li>Notas medias: Magdalena, Azahar<\/li>\n<li>Notas de fondo: Vainilla, Caramelo<\/li>\n<\/ul>\n","protected":false},"featured_media":231971,"comment_status":"open","ping_status":"closed","template":"","meta":{"_joinchat":[]},"pwb-brand":[2089],"product_brand":[],"product_cat":[2343,2344,2363],"product_tag":[2283],"class_list":{"0":"post-231976","1":"product","2":"type-product","3":"status-publish","4":"has-post-thumbnail","6":"pwb-brand-mathilde-m-es","7":"product_cat-velas-perfumadas","8":"product_cat-perfumistas","9":"product_cat-tizas-perfumadas","10":"product_tag-idea-de-regalo","12":"first","13":"instock","14":"taxable","15":"shipping-taxable","16":"purchasable","17":"product-type-simple"},"brands":[{"id":2089,"name":"Mathilde M.","slug":"mathilde-m-es"}],"_links":{"self":[{"href":"https:\/\/www.tendenzeshabbychic.it\/es\/wp-json\/wp\/v2\/product\/231976","targetHints":{"allow":["GET"]}}],"collection":[{"href":"https:\/\/www.tendenzeshabbychic.it\/es\/wp-json\/wp\/v2\/product"}],"about":[{"href":"https:\/\/www.tendenzeshabbychic.it\/es\/wp-json\/wp\/v2\/types\/product"}],"replies":[{"embeddable":true,"href":"https:\/\/www.tendenzeshabbychic.it\/es\/wp-json\/wp\/v2\/comments?post=231976"}],"wp:featuredmedia":[{"embeddable":true,"href":"https:\/\/www.tendenzeshabbychic.it\/es\/wp-json\/wp\/v2\/media\/231971"}],"wp:attachment":[{"href":"https:\/\/www.tendenzeshabbychic.it\/es\/wp-json\/wp\/v2\/media?parent=231976"}],"wp:term":[{"taxonomy":"pwb-brand","embeddable":true,"href":"https:\/\/www.tendenzeshabbychic.it\/es\/wp-json\/wp\/v2\/pwb-brand?post=231976"},{"taxonomy":"product_brand","embeddable":true,"href":"https:\/\/www.tendenzeshabbychic.it\/es\/wp-json\/wp\/v2\/product_brand?post=231976"},{"taxonomy":"product_cat","embeddable":true,"href":"https:\/\/www.tendenzeshabbychic.it\/es\/wp-json\/wp\/v2\/product_cat?post=231976"},{"taxonomy":"product_tag","embeddable":true,"href":"https:\/\/www.tendenzeshabbychic.it\/es\/wp-json\/wp\/v2\/product_tag?post=231976"}],"curies":[{"name":"wp","href":"https:\/\/api.w.org\/{rel}","templated":true}]}}